{"id":16798,"date":"2023-07-31T07:55:36","date_gmt":"2023-07-31T07:55:36","guid":{"rendered":"https:\/\/camlicatower.com\/explore\/"},"modified":"2024-04-20T22:01:50","modified_gmt":"2024-04-20T22:01:50","slug":"explore","status":"publish","type":"page","link":"https:\/\/camlicatower.com\/de\/explore\/","title":{"rendered":"Erkunden"},"content":{"rendered":"\t\t<div data-elementor-type=\"wp-page\" data-elementor-id=\"16798\" class=\"elementor elementor-16798 elementor-14622\" data-elementor-post-type=\"page\">\n\t\t\t\t<div class=\"elementor-element elementor-element-eeef97c e-flex e-con-boxed e-con e-parent\" data-id=\"eeef97c\" data-element_type=\"container\">\n\t\t\t\t\t<div class=\"e-con-inner\">\n\t\t\t\t<div class=\"elementor-element elementor-element-4fb83a8 elementor-widget elementor-widget-image\" data-id=\"4fb83a8\" data-element_type=\"widget\" data-widget_type=\"image.default\">\n\t\t\t\t<div class=\"elementor-widget-container\">\n\t\t\t<style>\/*! elementor - v3.21.0 - 15-04-2024 *\/\n.elementor-widget-image{text-align:center}.elementor-widget-image a{display:inline-block}.elementor-widget-image a img[src$=\".svg\"]{width:48px}.elementor-widget-image img{vertical-align:middle;display:inline-block}<\/style>\t\t\t\t\t\t\t\t\t\t<img fetchpriority=\"high\" decoding=\"async\" width=\"1512\" height=\"982\" src=\"https:\/\/camlicatower.com\/wp-content\/uploads\/2023\/08\/Dashboard-1.png\" class=\"attachment-full size-full wp-image-14967\" alt=\"\" srcset=\"https:\/\/camlicatower.com\/wp-content\/uploads\/2023\/08\/Dashboard-1.png 1512w, https:\/\/camlicatower.com\/wp-content\/uploads\/2023\/08\/Dashboard-1-768x498.png 768w, https:\/\/camlicatower.com\/wp-content\/uploads\/2023\/08\/Dashboard-1-600x389.png 600w\" sizes=\"(max-width: 1512px) 100vw, 1512px\" \/>\t\t\t\t\t\t\t\t\t\t\t\t\t<\/div>\n\t\t\t\t<\/div>\n\t\t\t\t\t<\/div>\n\t\t\t\t<\/div>\n\t\t<div class=\"elementor-element elementor-element-193ec2d e-con-full e-flex e-con e-parent\" data-id=\"193ec2d\" data-element_type=\"container\">\n\t\t\t\t<div class=\"elementor-element elementor-element-44746ec elementor-nav-menu__align-center elementor-nav-menu--dropdown-tablet elementor-nav-menu__text-align-aside elementor-nav-menu--toggle elementor-nav-menu--burger elementor-widget elementor-widget-nav-menu\" data-id=\"44746ec\" data-element_type=\"widget\" data-settings=\"{&quot;layout&quot;:&quot;horizontal&quot;,&quot;submenu_icon&quot;:{&quot;value&quot;:&quot;&lt;i class=\\&quot;fas fa-caret-down\\&quot;&gt;&lt;\\\/i&gt;&quot;,&quot;library&quot;:&quot;fa-solid&quot;},&quot;toggle&quot;:&quot;burger&quot;}\" data-widget_type=\"nav-menu.default\">\n\t\t\t\t<div class=\"elementor-widget-container\">\n\t\t\t<link rel=\"stylesheet\" href=\"https:\/\/camlicatower.com\/wp-content\/uploads\/elementor\/css\/custom-pro-widget-nav-menu.min.css?ver=1766751073\">\t\t\t<nav class=\"elementor-nav-menu--main elementor-nav-menu__container elementor-nav-menu--layout-horizontal e--pointer-underline e--animation-fade\">\n\t\t\t\t<ul id=\"menu-1-44746ec\" class=\"elementor-nav-menu\"><li class=\"menu-item menu-item-type-post_type menu-item-object-page menu-item-15014\"><a href=\"https:\/\/camlicatower.com\/explore\/\" class=\"elementor-item\">Erkunden<\/a><\/li>\n<li class=\"menu-item menu-item-type-post_type menu-item-object-page menu-item-15019\"><a href=\"https:\/\/camlicatower.com\/explore\/observation-floor-1-33rd-floor\/\" class=\"elementor-item\">Beobachtungsetage 1 (33. Etage)<\/a><\/li>\n<li class=\"menu-item menu-item-type-post_type menu-item-object-page menu-item-15018\"><a href=\"https:\/\/camlicatower.com\/explore\/observation-floor-2-34th-floor\/\" class=\"elementor-item\">Beobachtungsetage 2 (34. Etage)<\/a><\/li>\n<li class=\"menu-item menu-item-type-post_type menu-item-object-page menu-item-15017\"><a href=\"https:\/\/camlicatower.com\/explore\/cafe-restaurant\/\" class=\"elementor-item\">Caf\u00e9 &amp; Restaurant<\/a><\/li>\n<li class=\"menu-item menu-item-type-post_type menu-item-object-page menu-item-15016\"><a href=\"https:\/\/camlicatower.com\/explore\/mission-moon\/\" class=\"elementor-item\">Mission Mond<\/a><\/li>\n<li class=\"menu-item menu-item-type-post_type menu-item-object-page menu-item-15015\"><a href=\"https:\/\/camlicatower.com\/explore\/seyyah-360\/\" class=\"elementor-item\">Seyyah 360<\/a><\/li>\n<\/ul>\t\t\t<\/nav>\n\t\t\t\t\t<div class=\"elementor-menu-toggle\" role=\"button\" tabindex=\"0\" aria-label=\"Menu Toggle\" aria-expanded=\"false\">\n\t\t\t<i aria-hidden=\"true\" role=\"presentation\" class=\"elementor-menu-toggle__icon--open eicon-menu-bar\"><\/i><i aria-hidden=\"true\" role=\"presentation\" class=\"elementor-menu-toggle__icon--close eicon-close\"><\/i>\t\t\t<span class=\"elementor-screen-only\">Men\u00fc<\/span>\n\t\t<\/div>\n\t\t\t\t\t<nav class=\"elementor-nav-menu--dropdown elementor-nav-menu__container\" aria-hidden=\"true\">\n\t\t\t\t<ul id=\"menu-2-44746ec\" class=\"elementor-nav-menu\"><li class=\"menu-item menu-item-type-post_type menu-item-object-page menu-item-15014\"><a href=\"https:\/\/camlicatower.com\/explore\/\" class=\"elementor-item\" tabindex=\"-1\">Erkunden<\/a><\/li>\n<li class=\"menu-item menu-item-type-post_type menu-item-object-page menu-item-15019\"><a href=\"https:\/\/camlicatower.com\/explore\/observation-floor-1-33rd-floor\/\" class=\"elementor-item\" tabindex=\"-1\">Beobachtungsetage 1 (33. Etage)<\/a><\/li>\n<li class=\"menu-item menu-item-type-post_type menu-item-object-page menu-item-15018\"><a href=\"https:\/\/camlicatower.com\/explore\/observation-floor-2-34th-floor\/\" class=\"elementor-item\" tabindex=\"-1\">Beobachtungsetage 2 (34. Etage)<\/a><\/li>\n<li class=\"menu-item menu-item-type-post_type menu-item-object-page menu-item-15017\"><a href=\"https:\/\/camlicatower.com\/explore\/cafe-restaurant\/\" class=\"elementor-item\" tabindex=\"-1\">Caf\u00e9 &amp; Restaurant<\/a><\/li>\n<li class=\"menu-item menu-item-type-post_type menu-item-object-page menu-item-15016\"><a href=\"https:\/\/camlicatower.com\/explore\/mission-moon\/\" class=\"elementor-item\" tabindex=\"-1\">Mission Mond<\/a><\/li>\n<li class=\"menu-item menu-item-type-post_type menu-item-object-page menu-item-15015\"><a href=\"https:\/\/camlicatower.com\/explore\/seyyah-360\/\" class=\"elementor-item\" tabindex=\"-1\">Seyyah 360<\/a><\/li>\n<\/ul>\t\t\t<\/nav>\n\t\t\t\t<\/div>\n\t\t\t\t<\/div>\n\t\t\t\t<\/div>\n\t\t<div class=\"elementor-element elementor-element-8c5a85d e-flex e-con-boxed e-con e-parent\" data-id=\"8c5a85d\" data-element_type=\"container\" data-settings=\"{&quot;background_background&quot;:&quot;gradient&quot;}\">\n\t\t\t\t\t<div class=\"e-con-inner\">\n\t\t<div class=\"elementor-element elementor-element-3aa90f1 e-flex e-con-boxed e-con e-parent\" data-id=\"3aa90f1\" data-element_type=\"container\">\n\t\t\t\t\t<div class=\"e-con-inner\">\n\t\t\t\t<div class=\"elementor-element elementor-element-e33f07f elementor-widget elementor-widget-heading\" data-id=\"e33f07f\" data-element_type=\"widget\" data-widget_type=\"heading.default\">\n\t\t\t\t<div class=\"elementor-widget-container\">\n\t\t\t<style>\/*! elementor - v3.21.0 - 15-04-2024 *\/\n.elementor-heading-title{padding:0;margin:0;line-height:1}.elementor-widget-heading .elementor-heading-title[class*=elementor-size-]>a{color:inherit;font-size:inherit;line-height:inherit}.elementor-widget-heading .elementor-heading-title.elementor-size-small{font-size:15px}.elementor-widget-heading .elementor-heading-title.elementor-size-medium{font-size:19px}.elementor-widget-heading .elementor-heading-title.elementor-size-large{font-size:29px}.elementor-widget-heading .elementor-heading-title.elementor-size-xl{font-size:39px}.elementor-widget-heading .elementor-heading-title.elementor-size-xxl{font-size:59px}<\/style><h2 class=\"elementor-heading-title elementor-size-default\">Erkunden<\/h2>\t\t<\/div>\n\t\t\t\t<\/div>\n\t\t\t\t\t<\/div>\n\t\t\t\t<\/div>\n\t\t\t\t\t<\/div>\n\t\t\t\t<\/div>\n\t\t<div class=\"elementor-element elementor-element-2c6dcec e-flex e-con-boxed e-con e-parent\" data-id=\"2c6dcec\" data-element_type=\"container\">\n\t\t\t\t\t<div class=\"e-con-inner\">\n\t\t<div class=\"elementor-element elementor-element-6fc1bbe e-con-full e-flex e-con e-parent\" data-id=\"6fc1bbe\" data-element_type=\"container\">\n\t\t\t\t<div class=\"elementor-element elementor-element-e55c16b elementor-widget elementor-widget-heading\" data-id=\"e55c16b\" data-element_type=\"widget\" data-widget_type=\"heading.default\">\n\t\t\t\t<div class=\"elementor-widget-container\">\n\t\t\t<h2 class=\"elementor-heading-title elementor-size-default\">Erkunden Sie den Camlica-Turm<\/h2>\t\t<\/div>\n\t\t\t\t<\/div>\n\t\t\t\t<div class=\"elementor-element elementor-element-ea567fd elementor-widget elementor-widget-text-editor\" data-id=\"ea567fd\" data-element_type=\"widget\" data-widget_type=\"text-editor.default\">\n\t\t\t\t<div class=\"elementor-widget-container\">\n\t\t\t<style>\/*! elementor - v3.21.0 - 15-04-2024 *\/\n.elementor-widget-text-editor.elementor-drop-cap-view-stacked .elementor-drop-cap{background-color:#69727d;color:#fff}.elementor-widget-text-editor.elementor-drop-cap-view-framed .elementor-drop-cap{color:#69727d;border:3px solid;background-color:transparent}.elementor-widget-text-editor:not(.elementor-drop-cap-view-default) .elementor-drop-cap{margin-top:8px}.elementor-widget-text-editor:not(.elementor-drop-cap-view-default) .elementor-drop-cap-letter{width:1em;height:1em}.elementor-widget-text-editor .elementor-drop-cap{float:left;text-align:center;line-height:1;font-size:50px}.elementor-widget-text-editor .elementor-drop-cap-letter{display:inline-block}<\/style>\t\t\t\t<p style=\"text-align: center;\">Treten Sie ein in das Abenteuer des Camlica-Turms: die einzigartige himmelhohe Reise in Istanbul, die Ihre Emotionen weckt und Ihre Sinne fesselt. Vom Erdgeschoss bis zur obersten Etage werden Sie in eine Reihe beeindruckender Erlebnisse verwickelt sein. Tauchen Sie ein in die auffallend einzigartige Aussicht auf Istanbul von jeder Ebene aus, lassen Sie sich von der unglaublichen Fahrt nach oben mit dem Aufzug begeistern und erleben Sie das unbeschreibliche Staunen \u00fcber das architektonische Wunderwerk, das \u00fcber Ihnen aufragt, wenn Sie im Erdgeschoss stehen. Wenn Sie aus dem Aufzug an der Spitze des Turms steigen, wird Sie ein schwindelerregendes Gef\u00fchl \u00fcberkommen, w\u00e4hrend Sie den Blick auf die Menschen genie\u00dfen, die unten am Bosporus verstreut sind, und auf die Autos, die \u00fcber die belebten Stra\u00dfen der Stadt rasen! Ob Tag oder Nacht, Sommer oder Winter, der Camlica Tower hat immer etwas Erstaunliches zu bieten.<\/p>\n\t\t\t\t\t\t<\/div>\n\t\t\t\t<\/div>\n\t\t\t\t<div class=\"elementor-element elementor-element-5e0144d elementor-widget elementor-widget-text-editor\" data-id=\"5e0144d\" data-element_type=\"widget\" data-widget_type=\"text-editor.default\">\n\t\t\t\t<div class=\"elementor-widget-container\">\n\t\t\t\t\t\t\t<p style=\"text-align: center;\">Der Camlica Tower liegt auf den H\u00fcgeln von Istanbul und ist ein architektonisches Wunderwerk, das eine beispiellose Mischung aus Kultur, Geschichte und modernem Design darstellt. Mit einer atemberaubenden H\u00f6he von 369 Metern ist dieser beeindruckende Turm das h\u00f6chste Bauwerk der T\u00fcrkei und bietet einen atemberaubenden Panoramablick auf das vielf\u00e4ltige Stadtbild Istanbuls, das Altes mit Neuem verbindet.<\/p>\n<p style=\"text-align: center;\">Ein Besuch des Camlica-Turms ist mehr als nur ein Sightseeing-Erlebnis. Der Turm selbst ist mit seinem anspruchsvollen Design und den hochmodernen Einrichtungen ein Beweis f\u00fcr das Wachstum und die Entwicklung der T\u00fcrkei. Die Fahrt nach oben mit einem gl\u00e4sernen Aufzug ist ein Abenteuer f\u00fcr sich und weckt ein Gef\u00fchl von Nervenkitzel und Aufregung, wenn Sie immer h\u00f6her \u00fcber Istanbul aufsteigen.<\/p>\n\t\t\t\t\t\t<\/div>\n\t\t\t\t<\/div>\n\t\t\t\t<div class=\"elementor-element elementor-element-5c2e8af elementor-widget-divider--view-line elementor-widget elementor-widget-divider\" data-id=\"5c2e8af\" data-element_type=\"widget\" data-widget_type=\"divider.default\">\n\t\t\t\t<div class=\"elementor-widget-container\">\n\t\t\t<style>\/*! elementor - v3.21.0 - 15-04-2024 *\/\n.elementor-widget-divider{--divider-border-style:none;--divider-border-width:1px;--divider-color:#0c0d0e;--divider-icon-size:20px;--divider-element-spacing:10px;--divider-pattern-height:24px;--divider-pattern-size:20px;--divider-pattern-url:none;--divider-pattern-repeat:repeat-x}.elementor-widget-divider .elementor-divider{display:flex}.elementor-widget-divider .elementor-divider__text{font-size:15px;line-height:1;max-width:95%}.elementor-widget-divider .elementor-divider__element{margin:0 var(--divider-element-spacing);flex-shrink:0}.elementor-widget-divider .elementor-icon{font-size:var(--divider-icon-size)}.elementor-widget-divider .elementor-divider-separator{display:flex;margin:0;direction:ltr}.elementor-widget-divider--view-line_icon .elementor-divider-separator,.elementor-widget-divider--view-line_text .elementor-divider-separator{align-items:center}.elementor-widget-divider--view-line_icon .elementor-divider-separator:after,.elementor-widget-divider--view-line_icon .elementor-divider-separator:before,.elementor-widget-divider--view-line_text .elementor-divider-separator:after,.elementor-widget-divider--view-line_text .elementor-divider-separator:before{display:block;content:\"\";border-block-end:0;flex-grow:1;border-block-start:var(--divider-border-width) var(--divider-border-style) var(--divider-color)}.elementor-widget-divider--element-align-left .elementor-divider .elementor-divider-separator>.elementor-divider__svg:first-of-type{flex-grow:0;flex-shrink:100}.elementor-widget-divider--element-align-left .elementor-divider-separator:before{content:none}.elementor-widget-divider--element-align-left .elementor-divider__element{margin-left:0}.elementor-widget-divider--element-align-right .elementor-divider .elementor-divider-separator>.elementor-divider__svg:last-of-type{flex-grow:0;flex-shrink:100}.elementor-widget-divider--element-align-right .elementor-divider-separator:after{content:none}.elementor-widget-divider--element-align-right .elementor-divider__element{margin-right:0}.elementor-widget-divider--element-align-start .elementor-divider .elementor-divider-separator>.elementor-divider__svg:first-of-type{flex-grow:0;flex-shrink:100}.elementor-widget-divider--element-align-start .elementor-divider-separator:before{content:none}.elementor-widget-divider--element-align-start .elementor-divider__element{margin-inline-start:0}.elementor-widget-divider--element-align-end .elementor-divider .elementor-divider-separator>.elementor-divider__svg:last-of-type{flex-grow:0;flex-shrink:100}.elementor-widget-divider--element-align-end .elementor-divider-separator:after{content:none}.elementor-widget-divider--element-align-end .elementor-divider__element{margin-inline-end:0}.elementor-widget-divider:not(.elementor-widget-divider--view-line_text):not(.elementor-widget-divider--view-line_icon) .elementor-divider-separator{border-block-start:var(--divider-border-width) var(--divider-border-style) var(--divider-color)}.elementor-widget-divider--separator-type-pattern{--divider-border-style:none}.elementor-widget-divider--separator-type-pattern.elementor-widget-divider--view-line .elementor-divider-separator,.elementor-widget-divider--separator-type-pattern:not(.elementor-widget-divider--view-line) .elementor-divider-separator:after,.elementor-widget-divider--separator-type-pattern:not(.elementor-widget-divider--view-line) .elementor-divider-separator:before,.elementor-widget-divider--separator-type-pattern:not([class*=elementor-widget-divider--view]) .elementor-divider-separator{width:100%;min-height:var(--divider-pattern-height);-webkit-mask-size:var(--divider-pattern-size) 100%;mask-size:var(--divider-pattern-size) 100%;-webkit-mask-repeat:var(--divider-pattern-repeat);mask-repeat:var(--divider-pattern-repeat);background-color:var(--divider-color);-webkit-mask-image:var(--divider-pattern-url);mask-image:var(--divider-pattern-url)}.elementor-widget-divider--no-spacing{--divider-pattern-size:auto}.elementor-widget-divider--bg-round{--divider-pattern-repeat:round}.rtl .elementor-widget-divider .elementor-divider__text{direction:rtl}.e-con-inner>.elementor-widget-divider,.e-con>.elementor-widget-divider{width:var(--container-widget-width,100%);--flex-grow:var(--container-widget-flex-grow)}<\/style>\t\t<div class=\"elementor-divider\">\n\t\t\t<span class=\"elementor-divider-separator\">\n\t\t\t\t\t\t<\/span>\n\t\t<\/div>\n\t\t\t\t<\/div>\n\t\t\t\t<\/div>\n\t\t\t\t<div class=\"elementor-element elementor-element-724b200 elementor-widget elementor-widget-heading\" data-id=\"724b200\" data-element_type=\"widget\" data-widget_type=\"heading.default\">\n\t\t\t\t<div class=\"elementor-widget-container\">\n\t\t\t<h3 class=\"elementor-heading-title elementor-size-default\">Entdecken Sie die Pracht des Camlica-Turms<\/h3>\t\t<\/div>\n\t\t\t\t<\/div>\n\t\t\t\t<div class=\"elementor-element elementor-element-70725cd elementor-widget elementor-widget-text-editor\" data-id=\"70725cd\" data-element_type=\"widget\" data-widget_type=\"text-editor.default\">\n\t\t\t\t<div class=\"elementor-widget-container\">\n\t\t\t\t\t\t\t<p style=\"text-align: center;\"><span style=\"font-weight: 400;\">Oben angekommen k\u00f6nnen Sie sich auf eine atemberaubende 360-Grad-Aussicht \u00fcber den Bosporus, die historische Halbinsel und die asiatische Seite der Stadt gefasst machen. Von den Prinzeninseln im Marmarameer bis zu den alten Mauern von Konstantinopel \u2013 die faszinierenden Ausblicke von der Aussichtsplattform sind eine wahre Augenweide.<\/span><\/p>\n<p style=\"text-align: center;\"><span style=\"font-weight: 400;\">Im Camlica-Turm k\u00f6nnen Besucher eine Reihe von Einrichtungen erkunden, darunter ein Gourmetrestaurant, das traditionelle t\u00fcrkische K\u00fcche und internationale Gerichte serviert. Der Turm verf\u00fcgt au\u00dferdem \u00fcber ein gro\u00dfes Kongresszentrum und eine Reihe von Boutiquen, in denen Sie Souvenirs und lokales Kunsthandwerk kaufen k\u00f6nnen. Bei F\u00fchrungen k\u00f6nnen Sie tiefer in die reiche Geschichte des Turms und seine Bedeutung f\u00fcr Istanbul eintauchen.<\/span><\/p>\n<p style=\"text-align: center;\"><span style=\"font-weight: 400;\">Bei Nacht verwandelt sich der Camlica-Turm in ein Leuchtfeuer, das die Skyline erleuchtet und als Symbol f\u00fcr den dynamischen Geist Istanbuls dient. Ganz gleich, ob Sie ein Geschichtsinteressierter, ein Kulturliebhaber oder einfach nur ein Liebhaber atemberaubender Aussichten sind, der Camlica-Turm ist ein Wahrzeichen, das Sie w\u00e4hrend Ihres Aufenthalts in Istanbul unbedingt besuchen m\u00fcssen. Erleben Sie die Stadt aus einer v\u00f6llig neuen Perspektive und schaffen Sie unvergessliche Erinnerungen an diesem ikonischen Reiseziel.\u201c<\/span><\/p>\n\t\t\t\t\t\t<\/div>\n\t\t\t\t<\/div>\n\t\t\t\t<\/div>\n\t\t\t\t\t<\/div>\n\t\t\t\t<\/div>\n\t\t<div class=\"elementor-element elementor-element-af52e32 e-flex e-con-boxed e-con e-parent\" data-id=\"af52e32\" data-element_type=\"container\">\n\t\t\t\t\t<div class=\"e-con-inner\">\n\t\t<div class=\"elementor-element elementor-element-6e4e846 e-con-full e-flex e-con e-parent\" data-id=\"6e4e846\" data-element_type=\"container\">\n\t\t\t\t<div class=\"elementor-element elementor-element-adf0065 elementor-widget elementor-widget-image\" data-id=\"adf0065\" data-element_type=\"widget\" data-widget_type=\"image.default\">\n\t\t\t\t<div class=\"elementor-widget-container\">\n\t\t\t\t\t\t\t\t\t\t\t\t\t<img decoding=\"async\" width=\"1024\" height=\"1024\" src=\"https:\/\/camlicatower.com\/wp-content\/uploads\/2023\/08\/camlica-1024x1024.webp\" class=\"attachment-large size-large wp-image-14703\" alt=\"\" srcset=\"https:\/\/camlicatower.com\/wp-content\/uploads\/2023\/08\/camlica-1024x1024.webp 1024w, https:\/\/camlicatower.com\/wp-content\/uploads\/2023\/08\/camlica-300x300.webp 300w, https:\/\/camlicatower.com\/wp-content\/uploads\/2023\/08\/camlica-150x150.webp 150w, https:\/\/camlicatower.com\/wp-content\/uploads\/2023\/08\/camlica-1536x1536.webp 1536w, https:\/\/camlicatower.com\/wp-content\/uploads\/2023\/08\/camlica-2048x2048.webp 2048w, https:\/\/camlicatower.com\/wp-content\/uploads\/2023\/08\/camlica-scaled-600x600.webp 600w, https:\/\/camlicatower.com\/wp-content\/uploads\/2023\/08\/camlica-100x100.webp 100w, https:\/\/camlicatower.com\/wp-content\/uploads\/2023\/08\/camlica-scaled-266x266.webp 266w\" sizes=\"(max-width: 1024px) 100vw, 1024px\" \/>\t\t\t\t\t\t\t\t\t\t\t\t\t<\/div>\n\t\t\t\t<\/div>\n\t\t\t\t<\/div>\n\t\t<div class=\"elementor-element elementor-element-5580672 e-con-full e-flex e-con e-parent\" data-id=\"5580672\" data-element_type=\"container\">\n\t\t\t\t<div class=\"elementor-element elementor-element-22287a6 elementor-widget elementor-widget-image\" data-id=\"22287a6\" data-element_type=\"widget\" data-widget_type=\"image.default\">\n\t\t\t\t<div class=\"elementor-widget-container\">\n\t\t\t\t\t\t\t\t\t\t\t\t\t<img decoding=\"async\" width=\"1024\" height=\"1024\" src=\"https:\/\/camlicatower.com\/wp-content\/uploads\/2023\/08\/camlica2323-1024x1024.webp\" class=\"attachment-large size-large wp-image-14819\" alt=\"\" srcset=\"https:\/\/camlicatower.com\/wp-content\/uploads\/2023\/08\/camlica2323-1024x1024.webp 1024w, https:\/\/camlicatower.com\/wp-content\/uploads\/2023\/08\/camlica2323-300x300.webp 300w, https:\/\/camlicatower.com\/wp-content\/uploads\/2023\/08\/camlica2323-150x150.webp 150w, https:\/\/camlicatower.com\/wp-content\/uploads\/2023\/08\/camlica2323-1536x1536.webp 1536w, https:\/\/camlicatower.com\/wp-content\/uploads\/2023\/08\/camlica2323-2048x2048.webp 2048w, https:\/\/camlicatower.com\/wp-content\/uploads\/2023\/08\/camlica2323-100x100.webp 100w, https:\/\/camlicatower.com\/wp-content\/uploads\/2023\/08\/camlica2323-266x266.webp 266w\" sizes=\"(max-width: 1024px) 100vw, 1024px\" \/>\t\t\t\t\t\t\t\t\t\t\t\t\t<\/div>\n\t\t\t\t<\/div>\n\t\t\t\t<\/div>\n\t\t\t\t\t<\/div>\n\t\t\t\t<\/div>\n\t\t\t\t<\/div>\n\t\t","protected":false},"excerpt":{"rendered":"<p>Erkunden Erkunden Sie den Camlica-Turm Treten Sie ein in das Abenteuer des Camlica-Turms: die einzigartige himmelhohe Reise in Istanbul, die Ihre Emotionen weckt und Ihre Sinne fesselt. Vom Erdgeschoss bis zur obersten Etage werden Sie in eine Reihe beeindruckender Erlebnisse verwickelt sein. Tauchen Sie ein in die auffallend einzigartige Aussicht auf Istanbul von jeder Ebene [&hellip;]<\/p>\n","protected":false},"author":1,"featured_media":16729,"parent":0,"menu_order":0,"comment_status":"closed","ping_status":"closed","template":"","meta":{"footnotes":""},"class_list":["post-16798","page","type-page","status-publish","has-post-thumbnail","hentry"],"_links":{"self":[{"href":"https:\/\/camlicatower.com\/de\/wp-json\/wp\/v2\/pages\/16798","targetHints":{"allow":["GET"]}}],"collection":[{"href":"https:\/\/camlicatower.com\/de\/wp-json\/wp\/v2\/pages"}],"about":[{"href":"https:\/\/camlicatower.com\/de\/wp-json\/wp\/v2\/types\/page"}],"author":[{"embeddable":true,"href":"https:\/\/camlicatower.com\/de\/wp-json\/wp\/v2\/users\/1"}],"replies":[{"embeddable":true,"href":"https:\/\/camlicatower.com\/de\/wp-json\/wp\/v2\/comments?post=16798"}],"version-history":[{"count":4,"href":"https:\/\/camlicatower.com\/de\/wp-json\/wp\/v2\/pages\/16798\/revisions"}],"predecessor-version":[{"id":16806,"href":"https:\/\/camlicatower.com\/de\/wp-json\/wp\/v2\/pages\/16798\/revisions\/16806"}],"wp:featuredmedia":[{"embeddable":true,"href":"https:\/\/camlicatower.com\/de\/wp-json\/wp\/v2\/media\/16729"}],"wp:attachment":[{"href":"https:\/\/camlicatower.com\/de\/wp-json\/wp\/v2\/media?parent=16798"}],"curies":[{"name":"wp","href":"https:\/\/api.w.org\/{rel}","templated":true}]}}