{"id":16886,"date":"2023-08-08T09:20:08","date_gmt":"2023-08-08T09:20:08","guid":{"rendered":"https:\/\/camlicatower.com\/explore\/cafe-restaurant\/"},"modified":"2024-04-21T00:02:22","modified_gmt":"2024-04-21T00:02:22","slug":"cafe-restaurant","status":"publish","type":"page","link":"https:\/\/camlicatower.com\/de\/explore\/cafe-restaurant\/","title":{"rendered":"Caf\u00e9 &amp; Restaurant"},"content":{"rendered":"\t\t<div data-elementor-type=\"wp-page\" data-elementor-id=\"16886\" class=\"elementor elementor-16886 elementor-15008\" data-elementor-post-type=\"page\">\n\t\t\t\t<div class=\"elementor-element elementor-element-f92f3bd e-flex e-con-boxed e-con e-parent\" data-id=\"f92f3bd\" data-element_type=\"container\">\n\t\t\t\t\t<div class=\"e-con-inner\">\n\t\t\t\t<div class=\"elementor-element elementor-element-8556ce1 elementor-widget elementor-widget-image\" data-id=\"8556ce1\" data-element_type=\"widget\" data-widget_type=\"image.default\">\n\t\t\t\t<div class=\"elementor-widget-container\">\n\t\t\t<style>\/*! elementor - v3.21.0 - 15-04-2024 *\/\n.elementor-widget-image{text-align:center}.elementor-widget-image a{display:inline-block}.elementor-widget-image a img[src$=\".svg\"]{width:48px}.elementor-widget-image img{vertical-align:middle;display:inline-block}<\/style>\t\t\t\t\t\t\t\t\t\t<img fetchpriority=\"high\" decoding=\"async\" width=\"1512\" height=\"982\" src=\"https:\/\/camlicatower.com\/wp-content\/uploads\/2023\/08\/Dashboard-1.png\" class=\"attachment-full size-full wp-image-14967\" alt=\"\" srcset=\"https:\/\/camlicatower.com\/wp-content\/uploads\/2023\/08\/Dashboard-1.png 1512w, https:\/\/camlicatower.com\/wp-content\/uploads\/2023\/08\/Dashboard-1-768x498.png 768w, https:\/\/camlicatower.com\/wp-content\/uploads\/2023\/08\/Dashboard-1-600x389.png 600w\" sizes=\"(max-width: 1512px) 100vw, 1512px\" \/>\t\t\t\t\t\t\t\t\t\t\t\t\t<\/div>\n\t\t\t\t<\/div>\n\t\t\t\t\t<\/div>\n\t\t\t\t<\/div>\n\t\t<div class=\"elementor-element elementor-element-a42fab4 e-flex e-con-boxed e-con e-parent\" data-id=\"a42fab4\" data-element_type=\"container\">\n\t\t\t\t\t<div class=\"e-con-inner\">\n\t\t\t\t<div class=\"elementor-element elementor-element-1a74fbf elementor-nav-menu__align-center elementor-nav-menu--dropdown-mobile elementor-nav-menu__text-align-aside elementor-nav-menu--toggle elementor-nav-menu--burger elementor-widget elementor-widget-nav-menu\" data-id=\"1a74fbf\" data-element_type=\"widget\" data-settings=\"{&quot;layout&quot;:&quot;horizontal&quot;,&quot;submenu_icon&quot;:{&quot;value&quot;:&quot;&lt;i class=\\&quot;fas fa-caret-down\\&quot;&gt;&lt;\\\/i&gt;&quot;,&quot;library&quot;:&quot;fa-solid&quot;},&quot;toggle&quot;:&quot;burger&quot;}\" data-widget_type=\"nav-menu.default\">\n\t\t\t\t<div class=\"elementor-widget-container\">\n\t\t\t<link rel=\"stylesheet\" href=\"https:\/\/camlicatower.com\/wp-content\/uploads\/elementor\/css\/custom-pro-widget-nav-menu.min.css?ver=1766751073\">\t\t\t<nav class=\"elementor-nav-menu--main elementor-nav-menu__container elementor-nav-menu--layout-horizontal e--pointer-underline e--animation-fade\">\n\t\t\t\t<ul id=\"menu-1-1a74fbf\" class=\"elementor-nav-menu\"><li class=\"menu-item menu-item-type-post_type menu-item-object-page menu-item-15014\"><a href=\"https:\/\/camlicatower.com\/explore\/\" class=\"elementor-item\">Erkunden<\/a><\/li>\n<li class=\"menu-item menu-item-type-post_type menu-item-object-page menu-item-15019\"><a href=\"https:\/\/camlicatower.com\/explore\/observation-floor-1-33rd-floor\/\" class=\"elementor-item\">Beobachtungsetage 1 (33. Etage)<\/a><\/li>\n<li class=\"menu-item menu-item-type-post_type menu-item-object-page menu-item-15018\"><a href=\"https:\/\/camlicatower.com\/explore\/observation-floor-2-34th-floor\/\" class=\"elementor-item\">Beobachtungsetage 2 (34. Etage)<\/a><\/li>\n<li class=\"menu-item menu-item-type-post_type menu-item-object-page menu-item-15017\"><a href=\"https:\/\/camlicatower.com\/explore\/cafe-restaurant\/\" class=\"elementor-item\">Caf\u00e9 &amp; Restaurant<\/a><\/li>\n<li class=\"menu-item menu-item-type-post_type menu-item-object-page menu-item-15016\"><a href=\"https:\/\/camlicatower.com\/explore\/mission-moon\/\" class=\"elementor-item\">Mission Mond<\/a><\/li>\n<li class=\"menu-item menu-item-type-post_type menu-item-object-page menu-item-15015\"><a href=\"https:\/\/camlicatower.com\/explore\/seyyah-360\/\" class=\"elementor-item\">Seyyah 360<\/a><\/li>\n<\/ul>\t\t\t<\/nav>\n\t\t\t\t\t<div class=\"elementor-menu-toggle\" role=\"button\" tabindex=\"0\" aria-label=\"Menu Toggle\" aria-expanded=\"false\">\n\t\t\t<i aria-hidden=\"true\" role=\"presentation\" class=\"elementor-menu-toggle__icon--open eicon-menu-bar\"><\/i><i aria-hidden=\"true\" role=\"presentation\" class=\"elementor-menu-toggle__icon--close eicon-close\"><\/i>\t\t\t<span class=\"elementor-screen-only\">Men\u00fc<\/span>\n\t\t<\/div>\n\t\t\t\t\t<nav class=\"elementor-nav-menu--dropdown elementor-nav-menu__container\" aria-hidden=\"true\">\n\t\t\t\t<ul id=\"menu-2-1a74fbf\" class=\"elementor-nav-menu\"><li class=\"menu-item menu-item-type-post_type menu-item-object-page menu-item-15014\"><a href=\"https:\/\/camlicatower.com\/explore\/\" class=\"elementor-item\" tabindex=\"-1\">Erkunden<\/a><\/li>\n<li class=\"menu-item menu-item-type-post_type menu-item-object-page menu-item-15019\"><a href=\"https:\/\/camlicatower.com\/explore\/observation-floor-1-33rd-floor\/\" class=\"elementor-item\" tabindex=\"-1\">Beobachtungsetage 1 (33. Etage)<\/a><\/li>\n<li class=\"menu-item menu-item-type-post_type menu-item-object-page menu-item-15018\"><a href=\"https:\/\/camlicatower.com\/explore\/observation-floor-2-34th-floor\/\" class=\"elementor-item\" tabindex=\"-1\">Beobachtungsetage 2 (34. Etage)<\/a><\/li>\n<li class=\"menu-item menu-item-type-post_type menu-item-object-page menu-item-15017\"><a href=\"https:\/\/camlicatower.com\/explore\/cafe-restaurant\/\" class=\"elementor-item\" tabindex=\"-1\">Caf\u00e9 &amp; Restaurant<\/a><\/li>\n<li class=\"menu-item menu-item-type-post_type menu-item-object-page menu-item-15016\"><a href=\"https:\/\/camlicatower.com\/explore\/mission-moon\/\" class=\"elementor-item\" tabindex=\"-1\">Mission Mond<\/a><\/li>\n<li class=\"menu-item menu-item-type-post_type menu-item-object-page menu-item-15015\"><a href=\"https:\/\/camlicatower.com\/explore\/seyyah-360\/\" class=\"elementor-item\" tabindex=\"-1\">Seyyah 360<\/a><\/li>\n<\/ul>\t\t\t<\/nav>\n\t\t\t\t<\/div>\n\t\t\t\t<\/div>\n\t\t\t\t\t<\/div>\n\t\t\t\t<\/div>\n\t\t<div class=\"elementor-element elementor-element-457e1d1 e-flex e-con-boxed e-con e-parent\" data-id=\"457e1d1\" data-element_type=\"container\" data-settings=\"{&quot;background_background&quot;:&quot;gradient&quot;}\">\n\t\t\t\t\t<div class=\"e-con-inner\">\n\t\t<div class=\"elementor-element elementor-element-7d14c4e e-flex e-con-boxed e-con e-parent\" data-id=\"7d14c4e\" data-element_type=\"container\">\n\t\t\t\t\t<div class=\"e-con-inner\">\n\t\t\t\t<div class=\"elementor-element elementor-element-a55606f elementor-widget elementor-widget-heading\" data-id=\"a55606f\" data-element_type=\"widget\" data-widget_type=\"heading.default\">\n\t\t\t\t<div class=\"elementor-widget-container\">\n\t\t\t<style>\/*! elementor - v3.21.0 - 15-04-2024 *\/\n.elementor-heading-title{padding:0;margin:0;line-height:1}.elementor-widget-heading .elementor-heading-title[class*=elementor-size-]>a{color:inherit;font-size:inherit;line-height:inherit}.elementor-widget-heading .elementor-heading-title.elementor-size-small{font-size:15px}.elementor-widget-heading .elementor-heading-title.elementor-size-medium{font-size:19px}.elementor-widget-heading .elementor-heading-title.elementor-size-large{font-size:29px}.elementor-widget-heading .elementor-heading-title.elementor-size-xl{font-size:39px}.elementor-widget-heading .elementor-heading-title.elementor-size-xxl{font-size:59px}<\/style><h2 class=\"elementor-heading-title elementor-size-default\">Caf\u00e9 &amp; Restaurant<\/h2>\t\t<\/div>\n\t\t\t\t<\/div>\n\t\t\t\t\t<\/div>\n\t\t\t\t<\/div>\n\t\t\t\t\t<\/div>\n\t\t\t\t<\/div>\n\t\t<div class=\"elementor-element elementor-element-ec3c2ae e-flex e-con-boxed e-con e-parent\" data-id=\"ec3c2ae\" data-element_type=\"container\" data-settings=\"{&quot;background_background&quot;:&quot;classic&quot;}\">\n\t\t\t\t\t<div class=\"e-con-inner\">\n\t\t\t\t<div class=\"elementor-element elementor-element-54ad4ce elementor-widget elementor-widget-heading\" data-id=\"54ad4ce\" data-element_type=\"widget\" data-widget_type=\"heading.default\">\n\t\t\t\t<div class=\"elementor-widget-container\">\n\t\t\t<h2 class=\"elementor-heading-title elementor-size-default\">Erleben Sie au\u00dfergew\u00f6hnliches Essen im Camlica Tower Caf\u00e9 &amp; Restaurant\n<\/h2>\t\t<\/div>\n\t\t\t\t<\/div>\n\t\t\t\t<div class=\"elementor-element elementor-element-747aebb elementor-widget elementor-widget-text-editor\" data-id=\"747aebb\" data-element_type=\"widget\" data-widget_type=\"text-editor.default\">\n\t\t\t\t<div class=\"elementor-widget-container\">\n\t\t\t<style>\/*! elementor - v3.21.0 - 15-04-2024 *\/\n.elementor-widget-text-editor.elementor-drop-cap-view-stacked .elementor-drop-cap{background-color:#69727d;color:#fff}.elementor-widget-text-editor.elementor-drop-cap-view-framed .elementor-drop-cap{color:#69727d;border:3px solid;background-color:transparent}.elementor-widget-text-editor:not(.elementor-drop-cap-view-default) .elementor-drop-cap{margin-top:8px}.elementor-widget-text-editor:not(.elementor-drop-cap-view-default) .elementor-drop-cap-letter{width:1em;height:1em}.elementor-widget-text-editor .elementor-drop-cap{float:left;text-align:center;line-height:1;font-size:50px}.elementor-widget-text-editor .elementor-drop-cap-letter{display:inline-block}<\/style>\t\t\t\t<p style=\"text-align: center;\">Willkommen im Camlica Tower Caf\u00e9 &amp; Restaurant, wo die verlockenden Aromen der traditionellen t\u00fcrkischen K\u00fcche auf die atemberaubende Aussicht auf die Stadtlandschaft Istanbuls treffen. Das Caf\u00e9 und Restaurant serviert von morgens bis abends eine Auswahl k\u00f6stlicher Gerichte und bietet zu jeder Tageszeit das perfekte kulinarische Erlebnis.<\/p>\n<p style=\"text-align: center;\">Vom k\u00f6stlichen Fr\u00fchst\u00fcck bis zum herzhaften Mittagessen, vom entspannten Wochenendbrunch bis zum \u00fcppigen Abendessen \u2013 das Camlica Tower Caf\u00e9 &amp; Restaurant verspricht, Ihren Gaumen zu erfreuen. Jedes Gericht wird sorgf\u00e4ltig zubereitet, um den Reichtum und die Vielfalt der t\u00fcrkischen kulinarischen Traditionen hervorzuheben.<\/p>\n<p style=\"text-align: center;\">Unser Restaurant ist mit modernem und minimalistischem Innendesign ausgestattet und bietet den G\u00e4sten eine schicke und komfortable Atmosph\u00e4re. Gepaart mit der atemberaubenden Panoramakulisse wird Ihr kulinarisches Erlebnis garantiert zu einem au\u00dfergew\u00f6hnlichen Erlebnis.<\/p>\n<p style=\"text-align: center;\">Im Camlica Tower Caf\u00e9 &amp; Restaurant sind wir bestrebt, jeden Anlass unvergesslich zu machen. Feiern Sie mit uns Geburtstage, Jubil\u00e4en oder andere besondere Anl\u00e4sse. Unser Team setzt sich daf\u00fcr ein, dass Ihre Feierlichkeiten von gro\u00dfartigem Essen, hervorragendem Service und der bezaubernden Aussicht auf Istanbul gepr\u00e4gt werden.<\/p>\n\t\t\t\t\t\t<\/div>\n\t\t\t\t<\/div>\n\t\t\t\t<div class=\"elementor-element elementor-element-af81319 elementor-widget-divider--view-line elementor-widget elementor-widget-divider\" data-id=\"af81319\" data-element_type=\"widget\" data-widget_type=\"divider.default\">\n\t\t\t\t<div class=\"elementor-widget-container\">\n\t\t\t<style>\/*! elementor - v3.21.0 - 15-04-2024 *\/\n.elementor-widget-divider{--divider-border-style:none;--divider-border-width:1px;--divider-color:#0c0d0e;--divider-icon-size:20px;--divider-element-spacing:10px;--divider-pattern-height:24px;--divider-pattern-size:20px;--divider-pattern-url:none;--divider-pattern-repeat:repeat-x}.elementor-widget-divider .elementor-divider{display:flex}.elementor-widget-divider .elementor-divider__text{font-size:15px;line-height:1;max-width:95%}.elementor-widget-divider .elementor-divider__element{margin:0 var(--divider-element-spacing);flex-shrink:0}.elementor-widget-divider .elementor-icon{font-size:var(--divider-icon-size)}.elementor-widget-divider .elementor-divider-separator{display:flex;margin:0;direction:ltr}.elementor-widget-divider--view-line_icon .elementor-divider-separator,.elementor-widget-divider--view-line_text .elementor-divider-separator{align-items:center}.elementor-widget-divider--view-line_icon .elementor-divider-separator:after,.elementor-widget-divider--view-line_icon .elementor-divider-separator:before,.elementor-widget-divider--view-line_text .elementor-divider-separator:after,.elementor-widget-divider--view-line_text .elementor-divider-separator:before{display:block;content:\"\";border-block-end:0;flex-grow:1;border-block-start:var(--divider-border-width) var(--divider-border-style) var(--divider-color)}.elementor-widget-divider--element-align-left .elementor-divider .elementor-divider-separator>.elementor-divider__svg:first-of-type{flex-grow:0;flex-shrink:100}.elementor-widget-divider--element-align-left .elementor-divider-separator:before{content:none}.elementor-widget-divider--element-align-left .elementor-divider__element{margin-left:0}.elementor-widget-divider--element-align-right .elementor-divider .elementor-divider-separator>.elementor-divider__svg:last-of-type{flex-grow:0;flex-shrink:100}.elementor-widget-divider--element-align-right .elementor-divider-separator:after{content:none}.elementor-widget-divider--element-align-right .elementor-divider__element{margin-right:0}.elementor-widget-divider--element-align-start .elementor-divider .elementor-divider-separator>.elementor-divider__svg:first-of-type{flex-grow:0;flex-shrink:100}.elementor-widget-divider--element-align-start .elementor-divider-separator:before{content:none}.elementor-widget-divider--element-align-start .elementor-divider__element{margin-inline-start:0}.elementor-widget-divider--element-align-end .elementor-divider .elementor-divider-separator>.elementor-divider__svg:last-of-type{flex-grow:0;flex-shrink:100}.elementor-widget-divider--element-align-end .elementor-divider-separator:after{content:none}.elementor-widget-divider--element-align-end .elementor-divider__element{margin-inline-end:0}.elementor-widget-divider:not(.elementor-widget-divider--view-line_text):not(.elementor-widget-divider--view-line_icon) .elementor-divider-separator{border-block-start:var(--divider-border-width) var(--divider-border-style) var(--divider-color)}.elementor-widget-divider--separator-type-pattern{--divider-border-style:none}.elementor-widget-divider--separator-type-pattern.elementor-widget-divider--view-line .elementor-divider-separator,.elementor-widget-divider--separator-type-pattern:not(.elementor-widget-divider--view-line) .elementor-divider-separator:after,.elementor-widget-divider--separator-type-pattern:not(.elementor-widget-divider--view-line) .elementor-divider-separator:before,.elementor-widget-divider--separator-type-pattern:not([class*=elementor-widget-divider--view]) .elementor-divider-separator{width:100%;min-height:var(--divider-pattern-height);-webkit-mask-size:var(--divider-pattern-size) 100%;mask-size:var(--divider-pattern-size) 100%;-webkit-mask-repeat:var(--divider-pattern-repeat);mask-repeat:var(--divider-pattern-repeat);background-color:var(--divider-color);-webkit-mask-image:var(--divider-pattern-url);mask-image:var(--divider-pattern-url)}.elementor-widget-divider--no-spacing{--divider-pattern-size:auto}.elementor-widget-divider--bg-round{--divider-pattern-repeat:round}.rtl .elementor-widget-divider .elementor-divider__text{direction:rtl}.e-con-inner>.elementor-widget-divider,.e-con>.elementor-widget-divider{width:var(--container-widget-width,100%);--flex-grow:var(--container-widget-flex-grow)}<\/style>\t\t<div class=\"elementor-divider\">\n\t\t\t<span class=\"elementor-divider-separator\">\n\t\t\t\t\t\t<\/span>\n\t\t<\/div>\n\t\t\t\t<\/div>\n\t\t\t\t<\/div>\n\t\t\t\t<div class=\"elementor-element elementor-element-1c8d0aa elementor-widget elementor-widget-text-editor\" data-id=\"1c8d0aa\" data-element_type=\"widget\" data-widget_type=\"text-editor.default\">\n\t\t\t\t<div class=\"elementor-widget-container\">\n\t\t\t\t\t\t\t<p><span style=\"font-weight: 400;\">Genie\u00dfen Sie w\u00e4hrend Ihres Essens eine Tasse unseres feinen t\u00fcrkischen Kaffees. W\u00e4hrend Sie an dem aromatischen Gebr\u00e4u nippen, genie\u00dfen Sie die unvergleichliche Aussicht, die sich vom Herzen Istanbuls bis zu seinen lebendigen R\u00e4ndern bietet.<\/span><\/p>\n<p><span style=\"font-weight: 400;\">Vor allem die Stunde des Sonnenuntergangs ist ein wahrhaft magisches Erlebnis. W\u00e4hrend die Sonne langsam untergeht, taucht die Stadt in Orange- und Rosat\u00f6ne und sorgt f\u00fcr ein Spektakel, das wirklich eine Augenweide ist. In diesen Momenten wird das Camlica Tower Caf\u00e9 &amp; Restaurant wirklich zum Treffpunkt f\u00fcr das unvergleichliche Panorama und die exquisiten Geschm\u00e4cker Istanbuls.<\/span><\/p>\n<p><span style=\"font-weight: 400;\">Besuchen Sie uns im Camlica Tower Caf\u00e9 &amp; Restaurant und tauchen Sie ein in eine au\u00dfergew\u00f6hnliche Mischung aus kulinarischem Genuss und \u00e4sthetischem Genuss. Wir sind mehr als nur ein kulinarisches Reiseziel \u2013 wir sind eine Sinnesreise, die Istanbul in einem ganz neuen Licht erscheinen l\u00e4sst.<\/span><\/p>\n\t\t\t\t\t\t<\/div>\n\t\t\t\t<\/div>\n\t\t\t\t<div class=\"elementor-element elementor-element-f074f2d elementor-align-center elementor-widget elementor-widget-button\" data-id=\"f074f2d\" data-element_type=\"widget\" data-widget_type=\"button.default\">\n\t\t\t\t<div class=\"elementor-widget-container\">\n\t\t\t\t\t<div class=\"elementor-button-wrapper\">\n\t\t\t<a class=\"elementor-button elementor-button-link elementor-size-sm\" href=\"http:\/\/camlicatower.com\/restaurant-cafe-gift-shop\/\">\n\t\t\t\t\t\t<span class=\"elementor-button-content-wrapper\">\n\t\t\t\t\t\t\t\t\t<span class=\"elementor-button-text\">Schauen Sie sich unsere Bundle-Tickets mit Caf\u00e9 &amp; Restaurant an<\/span>\n\t\t\t\t\t<\/span>\n\t\t\t\t\t<\/a>\n\t\t<\/div>\n\t\t\t\t<\/div>\n\t\t\t\t<\/div>\n\t\t\t\t\t<\/div>\n\t\t\t\t<\/div>\n\t\t<div class=\"elementor-element elementor-element-23f0906 e-flex e-con-boxed e-con e-parent\" data-id=\"23f0906\" data-element_type=\"container\">\n\t\t\t\t\t<div class=\"e-con-inner\">\n\t\t<div class=\"elementor-element elementor-element-86a5359 e-con-full e-flex e-con e-parent\" data-id=\"86a5359\" data-element_type=\"container\">\n\t\t\t\t<div class=\"elementor-element elementor-element-d077925 elementor-widget elementor-widget-image\" data-id=\"d077925\" data-element_type=\"widget\" data-widget_type=\"image.default\">\n\t\t\t\t<div class=\"elementor-widget-container\">\n\t\t\t\t\t\t\t\t\t\t\t\t\t<img decoding=\"async\" width=\"1024\" height=\"1024\" src=\"https:\/\/camlicatower.com\/wp-content\/uploads\/2023\/07\/seyyah-4-1024x1024.webp\" class=\"attachment-large size-large wp-image-14616\" alt=\"\" srcset=\"https:\/\/camlicatower.com\/wp-content\/uploads\/2023\/07\/seyyah-4-1024x1024.webp 1024w, https:\/\/camlicatower.com\/wp-content\/uploads\/2023\/07\/seyyah-4-300x300.webp 300w, https:\/\/camlicatower.com\/wp-content\/uploads\/2023\/07\/seyyah-4-150x150.webp 150w, https:\/\/camlicatower.com\/wp-content\/uploads\/2023\/07\/seyyah-4-1536x1536.webp 1536w, https:\/\/camlicatower.com\/wp-content\/uploads\/2023\/07\/seyyah-4-2048x2048.webp 2048w, https:\/\/camlicatower.com\/wp-content\/uploads\/2023\/07\/seyyah-4-100x100.webp 100w, https:\/\/camlicatower.com\/wp-content\/uploads\/2023\/07\/seyyah-4-500x500.webp 500w\" sizes=\"(max-width: 1024px) 100vw, 1024px\" \/>\t\t\t\t\t\t\t\t\t\t\t\t\t<\/div>\n\t\t\t\t<\/div>\n\t\t\t\t<\/div>\n\t\t<div class=\"elementor-element elementor-element-1dc18b7 e-con-full e-flex e-con e-parent\" data-id=\"1dc18b7\" data-element_type=\"container\">\n\t\t\t\t<div class=\"elementor-element elementor-element-f4deeee elementor-widget elementor-widget-image\" data-id=\"f4deeee\" data-element_type=\"widget\" data-widget_type=\"image.default\">\n\t\t\t\t<div class=\"elementor-widget-container\">\n\t\t\t\t\t\t\t\t\t\t\t\t\t<img decoding=\"async\" width=\"1024\" height=\"1024\" src=\"https:\/\/camlicatower.com\/wp-content\/uploads\/2023\/07\/seyyah-1-1024x1024.webp\" class=\"attachment-large size-large wp-image-14618\" alt=\"\" srcset=\"https:\/\/camlicatower.com\/wp-content\/uploads\/2023\/07\/seyyah-1-1024x1024.webp 1024w, https:\/\/camlicatower.com\/wp-content\/uploads\/2023\/07\/seyyah-1-300x300.webp 300w, https:\/\/camlicatower.com\/wp-content\/uploads\/2023\/07\/seyyah-1-150x150.webp 150w, https:\/\/camlicatower.com\/wp-content\/uploads\/2023\/07\/seyyah-1-1536x1536.webp 1536w, https:\/\/camlicatower.com\/wp-content\/uploads\/2023\/07\/seyyah-1-2048x2048.webp 2048w, https:\/\/camlicatower.com\/wp-content\/uploads\/2023\/07\/seyyah-1-100x100.webp 100w, https:\/\/camlicatower.com\/wp-content\/uploads\/2023\/07\/elementor\/thumbs\/seyyah-1-800x800.webp 800w, https:\/\/camlicatower.com\/wp-content\/uploads\/2023\/07\/elementor\/thumbs\/seyyah-1-600x600.webp 600w, https:\/\/camlicatower.com\/wp-content\/uploads\/2023\/07\/elementor\/thumbs\/seyyah-1-400x400.webp 400w, https:\/\/camlicatower.com\/wp-content\/uploads\/2023\/07\/seyyah-1-500x500.webp 500w, https:\/\/camlicatower.com\/wp-content\/uploads\/2023\/07\/seyyah-1-266x266.webp 266w\" sizes=\"(max-width: 1024px) 100vw, 1024px\" \/>\t\t\t\t\t\t\t\t\t\t\t\t\t<\/div>\n\t\t\t\t<\/div>\n\t\t\t\t<\/div>\n\t\t\t\t\t<\/div>\n\t\t\t\t<\/div>\n\t\t\t\t<\/div>\n\t\t","protected":false},"excerpt":{"rendered":"<p>Caf\u00e9 &amp; Restaurant Erleben Sie au\u00dfergew\u00f6hnliches Essen im Camlica Tower Caf\u00e9 &amp; Restaurant Willkommen im Camlica Tower Caf\u00e9 &amp; Restaurant, wo die verlockenden Aromen der traditionellen t\u00fcrkischen K\u00fcche auf die atemberaubende Aussicht auf die Stadtlandschaft Istanbuls treffen. Das Caf\u00e9 und Restaurant serviert von morgens bis abends eine Auswahl k\u00f6stlicher Gerichte und bietet zu jeder Tageszeit [&hellip;]<\/p>\n","protected":false},"author":1,"featured_media":16729,"parent":16798,"menu_order":0,"comment_status":"closed","ping_status":"closed","template":"elementor_header_footer","meta":{"footnotes":""},"class_list":["post-16886","page","type-page","status-publish","has-post-thumbnail","hentry"],"_links":{"self":[{"href":"https:\/\/camlicatower.com\/de\/wp-json\/wp\/v2\/pages\/16886","targetHints":{"allow":["GET"]}}],"collection":[{"href":"https:\/\/camlicatower.com\/de\/wp-json\/wp\/v2\/pages"}],"about":[{"href":"https:\/\/camlicatower.com\/de\/wp-json\/wp\/v2\/types\/page"}],"author":[{"embeddable":true,"href":"https:\/\/camlicatower.com\/de\/wp-json\/wp\/v2\/users\/1"}],"replies":[{"embeddable":true,"href":"https:\/\/camlicatower.com\/de\/wp-json\/wp\/v2\/comments?post=16886"}],"version-history":[{"count":5,"href":"https:\/\/camlicatower.com\/de\/wp-json\/wp\/v2\/pages\/16886\/revisions"}],"predecessor-version":[{"id":16893,"href":"https:\/\/camlicatower.com\/de\/wp-json\/wp\/v2\/pages\/16886\/revisions\/16893"}],"up":[{"embeddable":true,"href":"https:\/\/camlicatower.com\/de\/wp-json\/wp\/v2\/pages\/16798"}],"wp:featuredmedia":[{"embeddable":true,"href":"https:\/\/camlicatower.com\/de\/wp-json\/wp\/v2\/media\/16729"}],"wp:attachment":[{"href":"https:\/\/camlicatower.com\/de\/wp-json\/wp\/v2\/media?parent=16886"}],"curies":[{"name":"wp","href":"https:\/\/api.w.org\/{rel}","templated":true}]}}