{"id":16935,"date":"2023-08-08T09:21:28","date_gmt":"2023-08-08T09:21:28","guid":{"rendered":"https:\/\/camlicatower.com\/explore\/seyyah-360\/"},"modified":"2024-04-22T23:08:16","modified_gmt":"2024-04-22T23:08:16","slug":"seyyah-360","status":"publish","type":"page","link":"https:\/\/camlicatower.com\/de\/explore\/seyyah-360\/","title":{"rendered":"Seyyah 360"},"content":{"rendered":"\t\t<div data-elementor-type=\"wp-page\" data-elementor-id=\"16935\" class=\"elementor elementor-16935 elementor-15012\" data-elementor-post-type=\"page\">\n\t\t\t\t<div class=\"elementor-element elementor-element-03a3550 e-flex e-con-boxed e-con e-parent\" data-id=\"03a3550\" data-element_type=\"container\">\n\t\t\t\t\t<div class=\"e-con-inner\">\n\t\t\t\t<div class=\"elementor-element elementor-element-bcab73d elementor-widget elementor-widget-image\" data-id=\"bcab73d\" data-element_type=\"widget\" data-widget_type=\"image.default\">\n\t\t\t\t<div class=\"elementor-widget-container\">\n\t\t\t<style>\/*! elementor - v3.21.0 - 15-04-2024 *\/\n.elementor-widget-image{text-align:center}.elementor-widget-image a{display:inline-block}.elementor-widget-image a img[src$=\".svg\"]{width:48px}.elementor-widget-image img{vertical-align:middle;display:inline-block}<\/style>\t\t\t\t\t\t\t\t\t\t<img fetchpriority=\"high\" decoding=\"async\" width=\"1512\" height=\"982\" src=\"https:\/\/camlicatower.com\/wp-content\/uploads\/2023\/08\/Dashboard-1.png\" class=\"attachment-full size-full wp-image-14967\" alt=\"\" srcset=\"https:\/\/camlicatower.com\/wp-content\/uploads\/2023\/08\/Dashboard-1.png 1512w, https:\/\/camlicatower.com\/wp-content\/uploads\/2023\/08\/Dashboard-1-768x498.png 768w, https:\/\/camlicatower.com\/wp-content\/uploads\/2023\/08\/Dashboard-1-600x389.png 600w\" sizes=\"(max-width: 1512px) 100vw, 1512px\" \/>\t\t\t\t\t\t\t\t\t\t\t\t\t<\/div>\n\t\t\t\t<\/div>\n\t\t\t\t\t<\/div>\n\t\t\t\t<\/div>\n\t\t<div class=\"elementor-element elementor-element-a42fab4 e-flex e-con-boxed e-con e-parent\" data-id=\"a42fab4\" data-element_type=\"container\">\n\t\t\t\t\t<div class=\"e-con-inner\">\n\t\t\t\t<div class=\"elementor-element elementor-element-1a74fbf elementor-nav-menu__align-center elementor-nav-menu--dropdown-tablet elementor-nav-menu__text-align-aside elementor-nav-menu--toggle elementor-nav-menu--burger elementor-widget elementor-widget-nav-menu\" data-id=\"1a74fbf\" data-element_type=\"widget\" data-settings=\"{&quot;layout&quot;:&quot;horizontal&quot;,&quot;submenu_icon&quot;:{&quot;value&quot;:&quot;&lt;i class=\\&quot;fas fa-caret-down\\&quot;&gt;&lt;\\\/i&gt;&quot;,&quot;library&quot;:&quot;fa-solid&quot;},&quot;toggle&quot;:&quot;burger&quot;}\" data-widget_type=\"nav-menu.default\">\n\t\t\t\t<div class=\"elementor-widget-container\">\n\t\t\t<link rel=\"stylesheet\" href=\"https:\/\/camlicatower.com\/wp-content\/uploads\/elementor\/css\/custom-pro-widget-nav-menu.min.css?ver=1766751073\">\t\t\t<nav class=\"elementor-nav-menu--main elementor-nav-menu__container elementor-nav-menu--layout-horizontal e--pointer-underline e--animation-fade\">\n\t\t\t\t<ul id=\"menu-1-1a74fbf\" class=\"elementor-nav-menu\"><li class=\"menu-item menu-item-type-post_type menu-item-object-page menu-item-15014\"><a href=\"https:\/\/camlicatower.com\/explore\/\" class=\"elementor-item\">Erkunden<\/a><\/li>\n<li class=\"menu-item menu-item-type-post_type menu-item-object-page menu-item-15019\"><a href=\"https:\/\/camlicatower.com\/explore\/observation-floor-1-33rd-floor\/\" class=\"elementor-item\">Beobachtungsetage 1 (33. Etage)<\/a><\/li>\n<li class=\"menu-item menu-item-type-post_type menu-item-object-page menu-item-15018\"><a href=\"https:\/\/camlicatower.com\/explore\/observation-floor-2-34th-floor\/\" class=\"elementor-item\">Beobachtungsetage 2 (34. Etage)<\/a><\/li>\n<li class=\"menu-item menu-item-type-post_type menu-item-object-page menu-item-15017\"><a href=\"https:\/\/camlicatower.com\/explore\/cafe-restaurant\/\" class=\"elementor-item\">Caf\u00e9 &amp; Restaurant<\/a><\/li>\n<li class=\"menu-item menu-item-type-post_type menu-item-object-page menu-item-15016\"><a href=\"https:\/\/camlicatower.com\/explore\/mission-moon\/\" class=\"elementor-item\">Mission Mond<\/a><\/li>\n<li class=\"menu-item menu-item-type-post_type menu-item-object-page menu-item-15015\"><a href=\"https:\/\/camlicatower.com\/explore\/seyyah-360\/\" class=\"elementor-item\">Seyyah 360<\/a><\/li>\n<\/ul>\t\t\t<\/nav>\n\t\t\t\t\t<div class=\"elementor-menu-toggle\" role=\"button\" tabindex=\"0\" aria-label=\"Menu Toggle\" aria-expanded=\"false\">\n\t\t\t<i aria-hidden=\"true\" role=\"presentation\" class=\"elementor-menu-toggle__icon--open eicon-menu-bar\"><\/i><i aria-hidden=\"true\" role=\"presentation\" class=\"elementor-menu-toggle__icon--close eicon-close\"><\/i>\t\t\t<span class=\"elementor-screen-only\">Men\u00fc<\/span>\n\t\t<\/div>\n\t\t\t\t\t<nav class=\"elementor-nav-menu--dropdown elementor-nav-menu__container\" aria-hidden=\"true\">\n\t\t\t\t<ul id=\"menu-2-1a74fbf\" class=\"elementor-nav-menu\"><li class=\"menu-item menu-item-type-post_type menu-item-object-page menu-item-15014\"><a href=\"https:\/\/camlicatower.com\/explore\/\" class=\"elementor-item\" tabindex=\"-1\">Erkunden<\/a><\/li>\n<li class=\"menu-item menu-item-type-post_type menu-item-object-page menu-item-15019\"><a href=\"https:\/\/camlicatower.com\/explore\/observation-floor-1-33rd-floor\/\" class=\"elementor-item\" tabindex=\"-1\">Beobachtungsetage 1 (33. Etage)<\/a><\/li>\n<li class=\"menu-item menu-item-type-post_type menu-item-object-page menu-item-15018\"><a href=\"https:\/\/camlicatower.com\/explore\/observation-floor-2-34th-floor\/\" class=\"elementor-item\" tabindex=\"-1\">Beobachtungsetage 2 (34. Etage)<\/a><\/li>\n<li class=\"menu-item menu-item-type-post_type menu-item-object-page menu-item-15017\"><a href=\"https:\/\/camlicatower.com\/explore\/cafe-restaurant\/\" class=\"elementor-item\" tabindex=\"-1\">Caf\u00e9 &amp; Restaurant<\/a><\/li>\n<li class=\"menu-item menu-item-type-post_type menu-item-object-page menu-item-15016\"><a href=\"https:\/\/camlicatower.com\/explore\/mission-moon\/\" class=\"elementor-item\" tabindex=\"-1\">Mission Mond<\/a><\/li>\n<li class=\"menu-item menu-item-type-post_type menu-item-object-page menu-item-15015\"><a href=\"https:\/\/camlicatower.com\/explore\/seyyah-360\/\" class=\"elementor-item\" tabindex=\"-1\">Seyyah 360<\/a><\/li>\n<\/ul>\t\t\t<\/nav>\n\t\t\t\t<\/div>\n\t\t\t\t<\/div>\n\t\t\t\t\t<\/div>\n\t\t\t\t<\/div>\n\t\t<div class=\"elementor-element elementor-element-ad23a5d e-flex e-con-boxed e-con e-parent\" data-id=\"ad23a5d\" data-element_type=\"container\" data-settings=\"{&quot;background_background&quot;:&quot;gradient&quot;}\">\n\t\t\t\t\t<div class=\"e-con-inner\">\n\t\t<div class=\"elementor-element elementor-element-9ecd1ba e-flex e-con-boxed e-con e-parent\" data-id=\"9ecd1ba\" data-element_type=\"container\">\n\t\t\t\t\t<div class=\"e-con-inner\">\n\t\t\t\t<div class=\"elementor-element elementor-element-020e242 elementor-widget elementor-widget-heading\" data-id=\"020e242\" data-element_type=\"widget\" data-widget_type=\"heading.default\">\n\t\t\t\t<div class=\"elementor-widget-container\">\n\t\t\t<style>\/*! elementor - v3.21.0 - 15-04-2024 *\/\n.elementor-heading-title{padding:0;margin:0;line-height:1}.elementor-widget-heading .elementor-heading-title[class*=elementor-size-]>a{color:inherit;font-size:inherit;line-height:inherit}.elementor-widget-heading .elementor-heading-title.elementor-size-small{font-size:15px}.elementor-widget-heading .elementor-heading-title.elementor-size-medium{font-size:19px}.elementor-widget-heading .elementor-heading-title.elementor-size-large{font-size:29px}.elementor-widget-heading .elementor-heading-title.elementor-size-xl{font-size:39px}.elementor-widget-heading .elementor-heading-title.elementor-size-xxl{font-size:59px}<\/style><h2 class=\"elementor-heading-title elementor-size-default\">Seyyah 360<\/h2>\t\t<\/div>\n\t\t\t\t<\/div>\n\t\t\t\t\t<\/div>\n\t\t\t\t<\/div>\n\t\t\t\t\t<\/div>\n\t\t\t\t<\/div>\n\t\t<div class=\"elementor-element elementor-element-ec3c2ae e-flex e-con-boxed e-con e-parent\" data-id=\"ec3c2ae\" data-element_type=\"container\" data-settings=\"{&quot;background_background&quot;:&quot;classic&quot;}\">\n\t\t\t\t\t<div class=\"e-con-inner\">\n\t\t\t\t<div class=\"elementor-element elementor-element-54ad4ce elementor-widget elementor-widget-heading\" data-id=\"54ad4ce\" data-element_type=\"widget\" data-widget_type=\"heading.default\">\n\t\t\t\t<div class=\"elementor-widget-container\">\n\t\t\t<h2 class=\"elementor-heading-title elementor-size-default\">Tauchen Sie mit Seyyah 360 im Camlica Tower in die Sch\u00f6nheit Istanbuls ein\n<\/h2>\t\t<\/div>\n\t\t\t\t<\/div>\n\t\t\t\t<div class=\"elementor-element elementor-element-747aebb elementor-widget elementor-widget-text-editor\" data-id=\"747aebb\" data-element_type=\"widget\" data-widget_type=\"text-editor.default\">\n\t\t\t\t<div class=\"elementor-widget-container\">\n\t\t\t<style>\/*! elementor - v3.21.0 - 15-04-2024 *\/\n.elementor-widget-text-editor.elementor-drop-cap-view-stacked .elementor-drop-cap{background-color:#69727d;color:#fff}.elementor-widget-text-editor.elementor-drop-cap-view-framed .elementor-drop-cap{color:#69727d;border:3px solid;background-color:transparent}.elementor-widget-text-editor:not(.elementor-drop-cap-view-default) .elementor-drop-cap{margin-top:8px}.elementor-widget-text-editor:not(.elementor-drop-cap-view-default) .elementor-drop-cap-letter{width:1em;height:1em}.elementor-widget-text-editor .elementor-drop-cap{float:left;text-align:center;line-height:1;font-size:50px}.elementor-widget-text-editor .elementor-drop-cap-letter{display:inline-block}<\/style>\t\t\t\t<p style=\"text-align: center;\"><span style=\"font-weight: 400;\">Erleben Sie mit Seyyah 360 den atemberaubenden Reiz Istanbuls wie nie zuvor. Seyyah 360 ist im ber\u00fchmten Camlica-Turm untergebracht und bietet ein mehrdimensionales Filmerlebnis, das Sie bequem von Ihrem Sitzplatz aus auf eine unvergessliche Reise durch die atemberaubenden Landschaften Istanbuls mitnimmt.<\/span><\/p>\n<p style=\"text-align: center;\"><span style=\"font-weight: 400;\">Bereiten Sie sich darauf vor, \u00fcber die D\u00e4cher der Stadt zu fliegen und alle Wunder zu genie\u00dfen, die Istanbul zu bieten hat. Mit Seyyah 360 werden Sie das Gef\u00fchl haben, wirklich \u00fcber Istanbul zu fliegen und die majest\u00e4tischen Wahrzeichen, historischen Viertel und schimmernden Gew\u00e4sser aus der Vogelperspektive zu betrachten.<\/span><\/p>\n<p style=\"text-align: center;\"><span style=\"font-weight: 400;\">Die hochmoderne Filmtechnologie von Seyyah 360 schafft ein immersives Erlebnis, das Ihnen die Magie der Stadt direkt vor Augen f\u00fchrt. Beobachten Sie, wie sich Istanbul unter Ihnen entfaltet, und genie\u00dfen Sie den Nervenkitzel, seine Ecken und Winkel aus einer unvergleichlichen Perspektive zu erkunden.<\/span><\/p>\n<p style=\"text-align: center;\"><span style=\"font-weight: 400;\">Besuchen Sie uns im Camlica Tower und erleben Sie die faszinierende Reise von Seyyah 360. Es ist eine einzigartige Gelegenheit, eine Istanbul-Tour zu genie\u00dfen, ohne Ihren Sitzplatz zu verlassen, ein Abenteuer, das Ihnen eine noch tiefere Wertsch\u00e4tzung dieser zeitlosen Stadt vermitteln wird.<\/span><\/p>\n\t\t\t\t\t\t<\/div>\n\t\t\t\t<\/div>\n\t\t\t\t<div class=\"elementor-element elementor-element-993c4ae elementor-align-center elementor-widget elementor-widget-button\" data-id=\"993c4ae\" data-element_type=\"widget\" data-widget_type=\"button.default\">\n\t\t\t\t<div class=\"elementor-widget-container\">\n\t\t\t\t\t<div class=\"elementor-button-wrapper\">\n\t\t\t<a class=\"elementor-button elementor-button-link elementor-size-sm\" href=\"http:\/\/camlicatower.com\/prices-times\/\">\n\t\t\t\t\t\t<span class=\"elementor-button-content-wrapper\">\n\t\t\t\t\t\t\t\t\t<span class=\"elementor-button-text\">Schauen Sie sich unsere Bundle-Tickets mit Mission Moon an <\/span>\n\t\t\t\t\t<\/span>\n\t\t\t\t\t<\/a>\n\t\t<\/div>\n\t\t\t\t<\/div>\n\t\t\t\t<\/div>\n\t\t\t\t\t<\/div>\n\t\t\t\t<\/div>\n\t\t<div class=\"elementor-element elementor-element-9404525 e-flex e-con-boxed e-con e-parent\" data-id=\"9404525\" data-element_type=\"container\">\n\t\t\t\t\t<div class=\"e-con-inner\">\n\t\t<div class=\"elementor-element elementor-element-da1f6f7 e-con-full e-flex e-con e-parent\" data-id=\"da1f6f7\" data-element_type=\"container\">\n\t\t\t\t<div class=\"elementor-element elementor-element-a7e3aa2 elementor-widget elementor-widget-image\" data-id=\"a7e3aa2\" data-element_type=\"widget\" data-widget_type=\"image.default\">\n\t\t\t\t<div class=\"elementor-widget-container\">\n\t\t\t\t\t\t\t\t\t\t\t\t\t<img decoding=\"async\" width=\"1024\" height=\"1024\" src=\"https:\/\/camlicatower.com\/wp-content\/uploads\/2023\/08\/seyyah-360-1024x1024.png\" class=\"attachment-large size-large wp-image-15347\" alt=\"\" srcset=\"https:\/\/camlicatower.com\/wp-content\/uploads\/2023\/08\/seyyah-360-1024x1024.png 1024w, https:\/\/camlicatower.com\/wp-content\/uploads\/2023\/08\/seyyah-360-300x300.png 300w, https:\/\/camlicatower.com\/wp-content\/uploads\/2023\/08\/seyyah-360-150x150.png 150w, https:\/\/camlicatower.com\/wp-content\/uploads\/2023\/08\/seyyah-360-1536x1536.png 1536w, https:\/\/camlicatower.com\/wp-content\/uploads\/2023\/08\/seyyah-360-2048x2048.png 2048w, https:\/\/camlicatower.com\/wp-content\/uploads\/2023\/08\/seyyah-360-100x100.png 100w\" sizes=\"(max-width: 1024px) 100vw, 1024px\" \/>\t\t\t\t\t\t\t\t\t\t\t\t\t<\/div>\n\t\t\t\t<\/div>\n\t\t\t\t<\/div>\n\t\t<div class=\"elementor-element elementor-element-286530c e-con-full e-flex e-con e-parent\" data-id=\"286530c\" data-element_type=\"container\">\n\t\t\t\t<div class=\"elementor-element elementor-element-16df04e elementor-widget elementor-widget-image\" data-id=\"16df04e\" data-element_type=\"widget\" data-widget_type=\"image.default\">\n\t\t\t\t<div class=\"elementor-widget-container\">\n\t\t\t\t\t\t\t\t\t\t\t\t\t<img decoding=\"async\" width=\"1024\" height=\"1024\" src=\"https:\/\/camlicatower.com\/wp-content\/uploads\/2023\/08\/seyyah-4-1024x1024.png\" class=\"attachment-large size-large wp-image-15353\" alt=\"\" srcset=\"https:\/\/camlicatower.com\/wp-content\/uploads\/2023\/08\/seyyah-4-1024x1024.png 1024w, https:\/\/camlicatower.com\/wp-content\/uploads\/2023\/08\/seyyah-4-300x300.png 300w, https:\/\/camlicatower.com\/wp-content\/uploads\/2023\/08\/seyyah-4-150x150.png 150w, https:\/\/camlicatower.com\/wp-content\/uploads\/2023\/08\/seyyah-4-1536x1536.png 1536w, https:\/\/camlicatower.com\/wp-content\/uploads\/2023\/08\/seyyah-4-2048x2048.png 2048w, https:\/\/camlicatower.com\/wp-content\/uploads\/2023\/08\/seyyah-4-100x100.png 100w\" sizes=\"(max-width: 1024px) 100vw, 1024px\" \/>\t\t\t\t\t\t\t\t\t\t\t\t\t<\/div>\n\t\t\t\t<\/div>\n\t\t\t\t<\/div>\n\t\t\t\t\t<\/div>\n\t\t\t\t<\/div>\n\t\t\t\t<\/div>\n\t\t","protected":false},"excerpt":{"rendered":"<p>Seyyah 360 Immerse Yourself in Istanbul&#8217;s Beauty with Seyyah 360 at Camlica Tower Experience the breathtaking allure of Istanbul like never before with Seyyah 360. Housed within the iconic Camlica Tower, Seyyah 360 provides a multi-dimensional film experience that takes you on an unforgettable journey through Istanbul&#8217;s stunning landscapes, all from the comfort of your [&hellip;]<\/p>\n","protected":false},"author":1,"featured_media":16729,"parent":16798,"menu_order":0,"comment_status":"closed","ping_status":"closed","template":"elementor_header_footer","meta":{"footnotes":""},"class_list":["post-16935","page","type-page","status-publish","has-post-thumbnail","hentry"],"_links":{"self":[{"href":"https:\/\/camlicatower.com\/de\/wp-json\/wp\/v2\/pages\/16935","targetHints":{"allow":["GET"]}}],"collection":[{"href":"https:\/\/camlicatower.com\/de\/wp-json\/wp\/v2\/pages"}],"about":[{"href":"https:\/\/camlicatower.com\/de\/wp-json\/wp\/v2\/types\/page"}],"author":[{"embeddable":true,"href":"https:\/\/camlicatower.com\/de\/wp-json\/wp\/v2\/users\/1"}],"replies":[{"embeddable":true,"href":"https:\/\/camlicatower.com\/de\/wp-json\/wp\/v2\/comments?post=16935"}],"version-history":[{"count":3,"href":"https:\/\/camlicatower.com\/de\/wp-json\/wp\/v2\/pages\/16935\/revisions"}],"predecessor-version":[{"id":16946,"href":"https:\/\/camlicatower.com\/de\/wp-json\/wp\/v2\/pages\/16935\/revisions\/16946"}],"up":[{"embeddable":true,"href":"https:\/\/camlicatower.com\/de\/wp-json\/wp\/v2\/pages\/16798"}],"wp:featuredmedia":[{"embeddable":true,"href":"https:\/\/camlicatower.com\/de\/wp-json\/wp\/v2\/media\/16729"}],"wp:attachment":[{"href":"https:\/\/camlicatower.com\/de\/wp-json\/wp\/v2\/media?parent=16935"}],"curies":[{"name":"wp","href":"https:\/\/api.w.org\/{rel}","templated":true}]}}