{"id":16955,"date":"2023-08-02T11:24:00","date_gmt":"2023-08-02T11:24:00","guid":{"rendered":"https:\/\/camlicatower.com\/restaurant-cafe-gift-shop\/"},"modified":"2024-04-22T23:31:59","modified_gmt":"2024-04-22T23:31:59","slug":"restaurant-cafe-gift-shop","status":"publish","type":"page","link":"https:\/\/camlicatower.com\/de\/restaurant-cafe-gift-shop\/","title":{"rendered":"Restaurant &amp; Caf\u00e9 &amp; Geschenkeladen"},"content":{"rendered":"\t\t<div data-elementor-type=\"wp-page\" data-elementor-id=\"16955\" class=\"elementor elementor-16955 elementor-14710\" data-elementor-post-type=\"page\">\n\t\t\t\t<div class=\"elementor-element elementor-element-d585d47 e-flex e-con-boxed e-con e-parent\" data-id=\"d585d47\" data-element_type=\"container\" data-settings=\"{&quot;background_background&quot;:&quot;classic&quot;}\">\n\t\t\t\t\t<div class=\"e-con-inner\">\n\t\t\t\t<div class=\"elementor-element elementor-element-70b81d0 elementor-widget elementor-widget-heading\" data-id=\"70b81d0\" data-element_type=\"widget\" data-widget_type=\"heading.default\">\n\t\t\t\t<div class=\"elementor-widget-container\">\n\t\t\t<style>\/*! elementor - v3.21.0 - 15-04-2024 *\/\n.elementor-heading-title{padding:0;margin:0;line-height:1}.elementor-widget-heading .elementor-heading-title[class*=elementor-size-]>a{color:inherit;font-size:inherit;line-height:inherit}.elementor-widget-heading .elementor-heading-title.elementor-size-small{font-size:15px}.elementor-widget-heading .elementor-heading-title.elementor-size-medium{font-size:19px}.elementor-widget-heading .elementor-heading-title.elementor-size-large{font-size:29px}.elementor-widget-heading .elementor-heading-title.elementor-size-xl{font-size:39px}.elementor-widget-heading .elementor-heading-title.elementor-size-xxl{font-size:59px}<\/style><h2 class=\"elementor-heading-title elementor-size-default\">Caf\u00e9 &amp; Restaurant<\/h2>\t\t<\/div>\n\t\t\t\t<\/div>\n\t\t\t\t<div class=\"elementor-element elementor-element-8787c0b elementor-widget elementor-widget-text-editor\" data-id=\"8787c0b\" data-element_type=\"widget\" data-widget_type=\"text-editor.default\">\n\t\t\t\t<div class=\"elementor-widget-container\">\n\t\t\t<style>\/*! elementor - v3.21.0 - 15-04-2024 *\/\n.elementor-widget-text-editor.elementor-drop-cap-view-stacked .elementor-drop-cap{background-color:#69727d;color:#fff}.elementor-widget-text-editor.elementor-drop-cap-view-framed .elementor-drop-cap{color:#69727d;border:3px solid;background-color:transparent}.elementor-widget-text-editor:not(.elementor-drop-cap-view-default) .elementor-drop-cap{margin-top:8px}.elementor-widget-text-editor:not(.elementor-drop-cap-view-default) .elementor-drop-cap-letter{width:1em;height:1em}.elementor-widget-text-editor .elementor-drop-cap{float:left;text-align:center;line-height:1;font-size:50px}.elementor-widget-text-editor .elementor-drop-cap-letter{display:inline-block}<\/style>\t\t\t\t<p><span style=\"font-weight: 400;\">G\u00f6nnen Sie sich ein unvergleichliches kulinarisches Erlebnis im Camlica Tower Caf\u00e9 &amp; Restaurant. Unser Caf\u00e9 und Restaurant liegt im Herzen des Camlica-Turms und bietet eine k\u00f6stliche Mischung aus traditioneller t\u00fcrkischer K\u00fcche und einem atemberaubenden Blick auf die Stadtlandschaft Istanbuls. Mit seiner schicken, modernen Einrichtung und den Panoramablicken wird jede Mahlzeit zu einer Hommage an t\u00fcrkische kulinarische Traditionen. Egal, ob Sie ein gem\u00fctliches Fr\u00fchst\u00fcck genie\u00dfen, einen entspannten Brunch genie\u00dfen oder einen besonderen Anlass feiern, unser einzigartiges Ambiente verspricht, Ihren Besuch unvergesslich zu machen. Wenn die Sonne untergeht und die Stadt in goldenes Licht taucht, gibt es keinen besseren Ort zum Essen als das Camlica Tower Caf\u00e9 &amp; Restaurant \u2013 die perfekte Mischung aus \u00e4sthetischem Charme und exquisitem Geschmack.<\/span><\/p>\n\t\t\t\t\t\t<\/div>\n\t\t\t\t<\/div>\n\t\t\t\t\t<\/div>\n\t\t\t\t<\/div>\n\t\t<div class=\"elementor-element elementor-element-935283c e-flex e-con-boxed e-con e-parent\" data-id=\"935283c\" data-element_type=\"container\">\n\t\t\t\t\t<div class=\"e-con-inner\">\n\t\t<div class=\"elementor-element elementor-element-9a407f7 e-con-full e-flex e-con e-child\" data-id=\"9a407f7\" data-element_type=\"container\">\n\t\t\t\t<div class=\"elementor-element elementor-element-36f98bc elementor-widget elementor-widget-image\" data-id=\"36f98bc\" data-element_type=\"widget\" data-widget_type=\"image.default\">\n\t\t\t\t<div class=\"elementor-widget-container\">\n\t\t\t<style>\/*! elementor - v3.21.0 - 15-04-2024 *\/\n.elementor-widget-image{text-align:center}.elementor-widget-image a{display:inline-block}.elementor-widget-image a img[src$=\".svg\"]{width:48px}.elementor-widget-image img{vertical-align:middle;display:inline-block}<\/style>\t\t\t\t\t\t\t\t\t\t<img fetchpriority=\"high\" decoding=\"async\" width=\"684\" height=\"482\" src=\"https:\/\/camlicatower.com\/wp-content\/uploads\/2023\/08\/seyyah-kisim.png\" class=\"attachment-full size-full wp-image-14821\" alt=\"\" srcset=\"https:\/\/camlicatower.com\/wp-content\/uploads\/2023\/08\/seyyah-kisim.png 684w, https:\/\/camlicatower.com\/wp-content\/uploads\/2023\/08\/seyyah-kisim-768x541.png 768w, https:\/\/camlicatower.com\/wp-content\/uploads\/2023\/08\/seyyah-kisim-600x422.png 600w\" sizes=\"(max-width: 684px) 100vw, 684px\" \/>\t\t\t\t\t\t\t\t\t\t\t\t\t<\/div>\n\t\t\t\t<\/div>\n\t\t\t\t<\/div>\n\t\t<div class=\"elementor-element elementor-element-fa972fe e-con-full e-flex e-con e-child\" data-id=\"fa972fe\" data-element_type=\"container\">\n\t\t\t\t<div class=\"elementor-element elementor-element-b154917 elementor-widget elementor-widget-heading\" data-id=\"b154917\" data-element_type=\"widget\" data-widget_type=\"heading.default\">\n\t\t\t\t<div class=\"elementor-widget-container\">\n\t\t\t<h2 class=\"elementor-heading-title elementor-size-default\">Erfreuen Sie sich am Charme des Camlica Tower Caf\u00e9\n<\/h2>\t\t<\/div>\n\t\t\t\t<\/div>\n\t\t\t\t<div class=\"elementor-element elementor-element-7f30396 elementor-widget elementor-widget-text-editor\" data-id=\"7f30396\" data-element_type=\"widget\" data-widget_type=\"text-editor.default\">\n\t\t\t\t<div class=\"elementor-widget-container\">\n\t\t\t\t\t\t\t<p><span style=\"font-weight: 400;\">Entspannen Sie sich inmitten der atemberaubenden Aussicht auf die Stadtlandschaft Istanbuls im Camlica Tower Caf\u00e9. Genie\u00dfen Sie die delikaten Aromen des traditionellen t\u00fcrkischen Kaffees in unserem modernen, minimalistischen Ambiente, das m\u00fchelos \u00e4sthetischen Charme mit kulinarischem Genuss verbindet. Egal, ob Sie Ihren Tag mit einem Morgenkaffee beginnen oder eine Mittagspause einlegen, das bezaubernde Panorama, das sich vom Herzen Istanbuls bis zu seinen lebhaften R\u00e4ndern erstreckt, verleiht Ihrem Caf\u00e9-Erlebnis eine unvergessliche Note. Besuchen Sie uns im Camlica Tower Caf\u00e9, nicht nur f\u00fcr Erfrischungen, sondern f\u00fcr eine Sinnesreise, die Ihre Sicht auf Istanbul neu definiert.\u201c<\/span><\/p>\n\t\t\t\t\t\t<\/div>\n\t\t\t\t<\/div>\n\t\t\t\t<div class=\"elementor-element elementor-element-e592bee elementor-align-left elementor-widget elementor-widget-button\" data-id=\"e592bee\" data-element_type=\"widget\" data-widget_type=\"button.default\">\n\t\t\t\t<div class=\"elementor-widget-container\">\n\t\t\t\t\t<div class=\"elementor-button-wrapper\">\n\t\t\t<a class=\"elementor-button elementor-button-link elementor-size-sm\" href=\"https:\/\/camlicatower.com\/de\/prices-times\/\">\n\t\t\t\t\t\t<span class=\"elementor-button-content-wrapper\">\n\t\t\t\t\t\t\t\t\t<span class=\"elementor-button-text\">Bundle-Angebote<\/span>\n\t\t\t\t\t<\/span>\n\t\t\t\t\t<\/a>\n\t\t<\/div>\n\t\t\t\t<\/div>\n\t\t\t\t<\/div>\n\t\t\t\t<\/div>\n\t\t\t\t\t<\/div>\n\t\t\t\t<\/div>\n\t\t<div class=\"elementor-element elementor-element-d3d0ee2 e-flex e-con-boxed e-con e-parent\" data-id=\"d3d0ee2\" data-element_type=\"container\">\n\t\t\t\t\t<div class=\"e-con-inner\">\n\t\t<div class=\"elementor-element elementor-element-02ede5e e-con-full e-flex e-con e-child\" data-id=\"02ede5e\" data-element_type=\"container\">\n\t\t\t\t<div class=\"elementor-element elementor-element-0f54485 elementor-widget elementor-widget-image\" data-id=\"0f54485\" data-element_type=\"widget\" data-widget_type=\"image.default\">\n\t\t\t\t<div class=\"elementor-widget-container\">\n\t\t\t\t\t\t\t\t\t\t\t\t\t<img decoding=\"async\" width=\"600\" height=\"400\" src=\"https:\/\/camlicatower.com\/wp-content\/uploads\/2022\/05\/camlica-4.webp\" class=\"attachment-full size-full wp-image-14532\" alt=\"\" srcset=\"https:\/\/camlicatower.com\/wp-content\/uploads\/2022\/05\/camlica-4.webp 600w, https:\/\/camlicatower.com\/wp-content\/uploads\/2022\/05\/camlica-4-768x512.webp 768w\" sizes=\"(max-width: 600px) 100vw, 600px\" \/>\t\t\t\t\t\t\t\t\t\t\t\t\t<\/div>\n\t\t\t\t<\/div>\n\t\t\t\t<\/div>\n\t\t<div class=\"elementor-element elementor-element-85792b6 e-con-full e-flex e-con e-child\" data-id=\"85792b6\" data-element_type=\"container\">\n\t\t\t\t<div class=\"elementor-element elementor-element-c48bb8e elementor-widget elementor-widget-heading\" data-id=\"c48bb8e\" data-element_type=\"widget\" data-widget_type=\"heading.default\">\n\t\t\t\t<div class=\"elementor-widget-container\">\n\t\t\t<h2 class=\"elementor-heading-title elementor-size-default\">Speisen Sie stilvoll im Camlica Tower Restaurant\n<\/h2>\t\t<\/div>\n\t\t\t\t<\/div>\n\t\t\t\t<div class=\"elementor-element elementor-element-8c054b9 elementor-widget elementor-widget-text-editor\" data-id=\"8c054b9\" data-element_type=\"widget\" data-widget_type=\"text-editor.default\">\n\t\t\t\t<div class=\"elementor-widget-container\">\n\t\t\t\t\t\t\t<p><span style=\"font-weight: 400;\">Erleben Sie eine unvergleichliche kulinarische Reise im Camlica Tower Restaurant. Hier verschmelzen die reichhaltigen und vielf\u00e4ltigen Aromen der traditionellen t\u00fcrkischen K\u00fcche nahtlos mit einem Panoramablick auf das Stadtbild Istanbuls. Ganz gleich, ob Sie ein herzhaftes Fr\u00fchst\u00fcck, ein herzhaftes Mittagessen oder ein Abendessen genie\u00dfen, unsere sorgf\u00e4ltig zubereiteten Gerichte versprechen, Ihren Gaumen zu erfreuen. Feiern Sie mit uns besondere Momente in unserem modernen, minimalistischen Raum, wo jede Mahlzeit zu einem au\u00dfergew\u00f6hnlichen kulinarischen Erlebnis inmitten der spektakul\u00e4ren Aussicht auf Istanbul wird. Besuchen Sie uns im Camlica Tower Restaurant und tauchen Sie ein in die exquisite Verbindung von gastronomischem Genuss und landschaftlicher Sch\u00f6nheit.<\/span><\/p>\n\t\t\t\t\t\t<\/div>\n\t\t\t\t<\/div>\n\t\t\t\t<div class=\"elementor-element elementor-element-f513037 elementor-align-left elementor-widget elementor-widget-button\" data-id=\"f513037\" data-element_type=\"widget\" data-widget_type=\"button.default\">\n\t\t\t\t<div class=\"elementor-widget-container\">\n\t\t\t\t\t<div class=\"elementor-button-wrapper\">\n\t\t\t<a class=\"elementor-button elementor-button-link elementor-size-sm\" href=\"https:\/\/camlicatower.com\/de\/prices-times\/\">\n\t\t\t\t\t\t<span class=\"elementor-button-content-wrapper\">\n\t\t\t\t\t\t\t\t\t<span class=\"elementor-button-text\">Bundle-Angebote<\/span>\n\t\t\t\t\t<\/span>\n\t\t\t\t\t<\/a>\n\t\t<\/div>\n\t\t\t\t<\/div>\n\t\t\t\t<\/div>\n\t\t\t\t<\/div>\n\t\t\t\t\t<\/div>\n\t\t\t\t<\/div>\n\t\t<div class=\"elementor-element elementor-element-a0c3041 e-flex e-con-boxed e-con e-parent\" data-id=\"a0c3041\" data-element_type=\"container\" data-settings=\"{&quot;background_background&quot;:&quot;classic&quot;}\">\n\t\t\t\t\t<div class=\"e-con-inner\">\n\t\t\t\t<div class=\"elementor-element elementor-element-3c85482 elementor-cta--skin-cover elementor-widget elementor-widget-call-to-action\" data-id=\"3c85482\" data-element_type=\"widget\" data-widget_type=\"call-to-action.default\">\n\t\t\t\t<div class=\"elementor-widget-container\">\n\t\t\t<link rel=\"stylesheet\" href=\"https:\/\/camlicatower.com\/wp-content\/uploads\/elementor\/css\/custom-pro-widget-call-to-action.min.css?ver=1766751061\">\t\t<div class=\"elementor-cta\">\n\t\t\t\t\t<div class=\"elementor-cta__bg-wrapper\">\n\t\t\t\t<div class=\"elementor-cta__bg elementor-bg\" style=\"background-image: url();\" role=\"img\" aria-label=\"\"><\/div>\n\t\t\t\t<div class=\"elementor-cta__bg-overlay\"><\/div>\n\t\t\t<\/div>\n\t\t\t\t\t\t\t<div class=\"elementor-cta__content\">\n\t\t\t\t\n\t\t\t\t\t\t\t\t\t<h2 class=\"elementor-cta__title elementor-cta__content-item elementor-content-item\">\n\t\t\t\t\t\tSind Sie bereit f\u00fcr ein unvergessliches Erlebnis?\t\t\t\t\t<\/h2>\n\t\t\t\t\n\t\t\t\t\n\t\t\t\t\t\t\t\t\t<div class=\"elementor-cta__button-wrapper elementor-cta__content-item elementor-content-item \">\n\t\t\t\t\t<a class=\"elementor-cta__button elementor-button elementor-size-md\" href=\"http:\/\/camlicatower.com\/prices-times\/\">\n\t\t\t\t\t\tTicket kaufen\t\t\t\t\t<\/a>\n\t\t\t\t\t<\/div>\n\t\t\t\t\t\t\t<\/div>\n\t\t\t\t\t\t<\/div>\n\t\t\t\t<\/div>\n\t\t\t\t<\/div>\n\t\t\t\t\t<\/div>\n\t\t\t\t<\/div>\n\t\t<div class=\"elementor-element elementor-element-34b4e24 e-flex e-con-boxed e-con e-parent\" data-id=\"34b4e24\" data-element_type=\"container\">\n\t\t\t\t\t<div class=\"e-con-inner\">\n\t\t<div class=\"elementor-element elementor-element-04945bc e-con-full e-flex e-con e-child\" data-id=\"04945bc\" data-element_type=\"container\">\n\t\t\t\t<div class=\"elementor-element elementor-element-e48433a elementor-widget elementor-widget-image\" data-id=\"e48433a\" data-element_type=\"widget\" data-widget_type=\"image.default\">\n\t\t\t\t<div class=\"elementor-widget-container\">\n\t\t\t\t\t\t\t\t\t\t\t\t\t<img decoding=\"async\" width=\"600\" height=\"400\" src=\"https:\/\/camlicatower.com\/wp-content\/uploads\/2022\/05\/camlica-tower-2.webp\" class=\"attachment-full size-full wp-image-14534\" alt=\"\" srcset=\"https:\/\/camlicatower.com\/wp-content\/uploads\/2022\/05\/camlica-tower-2.webp 600w, https:\/\/camlicatower.com\/wp-content\/uploads\/2022\/05\/camlica-tower-2-768x512.webp 768w\" sizes=\"(max-width: 600px) 100vw, 600px\" \/>\t\t\t\t\t\t\t\t\t\t\t\t\t<\/div>\n\t\t\t\t<\/div>\n\t\t\t\t<\/div>\n\t\t<div class=\"elementor-element elementor-element-d2ee866 e-con-full e-flex e-con e-child\" data-id=\"d2ee866\" data-element_type=\"container\">\n\t\t\t\t<div class=\"elementor-element elementor-element-987c015 elementor-widget elementor-widget-heading\" data-id=\"987c015\" data-element_type=\"widget\" data-widget_type=\"heading.default\">\n\t\t\t\t<div class=\"elementor-widget-container\">\n\t\t\t<h2 class=\"elementor-heading-title elementor-size-default\">Entdecken Sie einzigartige Souvenirs im Camlica Tower Gift Shop<\/h2>\t\t<\/div>\n\t\t\t\t<\/div>\n\t\t\t\t<div class=\"elementor-element elementor-element-70a1067 elementor-widget elementor-widget-text-editor\" data-id=\"70a1067\" data-element_type=\"widget\" data-widget_type=\"text-editor.default\">\n\t\t\t\t<div class=\"elementor-widget-container\">\n\t\t\t\t\t\t\t<p><span style=\"font-weight: 400;\">Machen Sie Ihren Besuch im Camlica Tower unvergesslich, indem Sie in unserem hauseigenen Geschenkeladen vorbeischauen, der praktischerweise im Erdgeschoss liegt. Hier finden Sie eine gro\u00dfe Auswahl an einzigartigen Erinnerungsst\u00fccken, die den Geist des Turms, den Charme Istanbuls und den Reichtum der t\u00fcrkischen Kultur einfangen. Von aufwendigem Kunsthandwerk bis hin zu lokalen Kunstwerken bietet unser Geschenkeladen eine kuratierte Auswahl an Andenken, die genauso unvergesslich sind wie Ihr Besuch. Nehmen Sie einen Teil Ihres Camlica Tower-Erlebnisses mit nach Hause und erleben Sie den Zauber Istanbuls noch lange nach Ihrem Besuch.<\/span><\/p>\n\t\t\t\t\t\t<\/div>\n\t\t\t\t<\/div>\n\t\t\t\t<\/div>\n\t\t\t\t\t<\/div>\n\t\t\t\t<\/div>\n\t\t\t\t<\/div>\n\t\t","protected":false},"excerpt":{"rendered":"<p>Caf\u00e9 &amp; Restaurant G\u00f6nnen Sie sich ein unvergleichliches kulinarisches Erlebnis im Camlica Tower Caf\u00e9 &amp; Restaurant. Unser Caf\u00e9 und Restaurant liegt im Herzen des Camlica-Turms und bietet eine k\u00f6stliche Mischung aus traditioneller t\u00fcrkischer K\u00fcche und einem atemberaubenden Blick auf die Stadtlandschaft Istanbuls. Mit seiner schicken, modernen Einrichtung und den Panoramablicken wird jede Mahlzeit zu einer [&hellip;]<\/p>\n","protected":false},"author":1,"featured_media":16729,"parent":0,"menu_order":0,"comment_status":"closed","ping_status":"closed","template":"template-fullwidth.php","meta":{"footnotes":""},"class_list":["post-16955","page","type-page","status-publish","has-post-thumbnail","hentry"],"_links":{"self":[{"href":"https:\/\/camlicatower.com\/de\/wp-json\/wp\/v2\/pages\/16955","targetHints":{"allow":["GET"]}}],"collection":[{"href":"https:\/\/camlicatower.com\/de\/wp-json\/wp\/v2\/pages"}],"about":[{"href":"https:\/\/camlicatower.com\/de\/wp-json\/wp\/v2\/types\/page"}],"author":[{"embeddable":true,"href":"https:\/\/camlicatower.com\/de\/wp-json\/wp\/v2\/users\/1"}],"replies":[{"embeddable":true,"href":"https:\/\/camlicatower.com\/de\/wp-json\/wp\/v2\/comments?post=16955"}],"version-history":[{"count":2,"href":"https:\/\/camlicatower.com\/de\/wp-json\/wp\/v2\/pages\/16955\/revisions"}],"predecessor-version":[{"id":16965,"href":"https:\/\/camlicatower.com\/de\/wp-json\/wp\/v2\/pages\/16955\/revisions\/16965"}],"wp:featuredmedia":[{"embeddable":true,"href":"https:\/\/camlicatower.com\/de\/wp-json\/wp\/v2\/media\/16729"}],"wp:attachment":[{"href":"https:\/\/camlicatower.com\/de\/wp-json\/wp\/v2\/media?parent=16955"}],"curies":[{"name":"wp","href":"https:\/\/api.w.org\/{rel}","templated":true}]}}