{"id":16869,"date":"2023-08-08T09:02:14","date_gmt":"2023-08-08T09:02:14","guid":{"rendered":"https:\/\/camlicatower.com\/explore\/observation-floor-2-34th-floor\/"},"modified":"2024-04-20T23:51:02","modified_gmt":"2024-04-20T23:51:02","slug":"observation-floor-2-34th-floor","status":"publish","type":"page","link":"https:\/\/camlicatower.com\/es\/explore\/observation-floor-2-34th-floor\/","title":{"rendered":"Piso de observaci\u00f3n 2 (piso 34)"},"content":{"rendered":"\t\t<div data-elementor-type=\"wp-page\" data-elementor-id=\"16869\" class=\"elementor elementor-16869 elementor-14999\" data-elementor-post-type=\"page\">\n\t\t\t\t<div class=\"elementor-element elementor-element-d677821 e-flex e-con-boxed e-con e-parent\" data-id=\"d677821\" data-element_type=\"container\">\n\t\t\t\t\t<div class=\"e-con-inner\">\n\t\t\t\t<div class=\"elementor-element elementor-element-209cfdf elementor-widget elementor-widget-image\" data-id=\"209cfdf\" data-element_type=\"widget\" data-widget_type=\"image.default\">\n\t\t\t\t<div class=\"elementor-widget-container\">\n\t\t\t<style>\/*! elementor - v3.21.0 - 15-04-2024 *\/\n.elementor-widget-image{text-align:center}.elementor-widget-image a{display:inline-block}.elementor-widget-image a img[src$=\".svg\"]{width:48px}.elementor-widget-image img{vertical-align:middle;display:inline-block}<\/style>\t\t\t\t\t\t\t\t\t\t<img fetchpriority=\"high\" decoding=\"async\" width=\"1512\" height=\"982\" src=\"https:\/\/camlicatower.com\/wp-content\/uploads\/2023\/08\/Dashboard-1.png\" class=\"attachment-full size-full wp-image-14967\" alt=\"\" srcset=\"https:\/\/camlicatower.com\/wp-content\/uploads\/2023\/08\/Dashboard-1.png 1512w, https:\/\/camlicatower.com\/wp-content\/uploads\/2023\/08\/Dashboard-1-768x498.png 768w, https:\/\/camlicatower.com\/wp-content\/uploads\/2023\/08\/Dashboard-1-600x389.png 600w\" sizes=\"(max-width: 1512px) 100vw, 1512px\" \/>\t\t\t\t\t\t\t\t\t\t\t\t\t<\/div>\n\t\t\t\t<\/div>\n\t\t\t\t\t<\/div>\n\t\t\t\t<\/div>\n\t\t<div class=\"elementor-element elementor-element-e544828 e-flex e-con-boxed e-con e-parent\" data-id=\"e544828\" data-element_type=\"container\">\n\t\t\t\t\t<div class=\"e-con-inner\">\n\t\t\t\t<div class=\"elementor-element elementor-element-c5a037a elementor-nav-menu__align-center elementor-nav-menu--dropdown-tablet elementor-nav-menu__text-align-aside elementor-nav-menu--toggle elementor-nav-menu--burger elementor-widget elementor-widget-nav-menu\" data-id=\"c5a037a\" data-element_type=\"widget\" data-settings=\"{&quot;layout&quot;:&quot;horizontal&quot;,&quot;submenu_icon&quot;:{&quot;value&quot;:&quot;&lt;i class=\\&quot;fas fa-caret-down\\&quot;&gt;&lt;\\\/i&gt;&quot;,&quot;library&quot;:&quot;fa-solid&quot;},&quot;toggle&quot;:&quot;burger&quot;}\" data-widget_type=\"nav-menu.default\">\n\t\t\t\t<div class=\"elementor-widget-container\">\n\t\t\t<link rel=\"stylesheet\" href=\"https:\/\/camlicatower.com\/wp-content\/uploads\/elementor\/css\/custom-pro-widget-nav-menu.min.css?ver=1766751073\">\t\t\t<nav class=\"elementor-nav-menu--main elementor-nav-menu__container elementor-nav-menu--layout-horizontal e--pointer-underline e--animation-fade\">\n\t\t\t\t<ul id=\"menu-1-c5a037a\" class=\"elementor-nav-menu\"><li class=\"menu-item menu-item-type-post_type menu-item-object-page menu-item-15014\"><a href=\"https:\/\/camlicatower.com\/explore\/\" class=\"elementor-item\">Explorar<\/a><\/li>\n<li class=\"menu-item menu-item-type-post_type menu-item-object-page menu-item-15019\"><a href=\"https:\/\/camlicatower.com\/explore\/observation-floor-1-33rd-floor\/\" class=\"elementor-item\">Piso de observaci\u00f3n 1 (piso 33)<\/a><\/li>\n<li class=\"menu-item menu-item-type-post_type menu-item-object-page menu-item-15018\"><a href=\"https:\/\/camlicatower.com\/explore\/observation-floor-2-34th-floor\/\" class=\"elementor-item\">Piso de observaci\u00f3n 2 (piso 34)<\/a><\/li>\n<li class=\"menu-item menu-item-type-post_type menu-item-object-page menu-item-15017\"><a href=\"https:\/\/camlicatower.com\/explore\/cafe-restaurant\/\" class=\"elementor-item\">Caf\u00e9 y Restaurante<\/a><\/li>\n<li class=\"menu-item menu-item-type-post_type menu-item-object-page menu-item-15016\"><a href=\"https:\/\/camlicatower.com\/explore\/mission-moon\/\" class=\"elementor-item\">Misi\u00f3n Luna<\/a><\/li>\n<li class=\"menu-item menu-item-type-post_type menu-item-object-page menu-item-15015\"><a href=\"https:\/\/camlicatower.com\/explore\/seyyah-360\/\" class=\"elementor-item\">Seyya 360<\/a><\/li>\n<\/ul>\t\t\t<\/nav>\n\t\t\t\t\t<div class=\"elementor-menu-toggle\" role=\"button\" tabindex=\"0\" aria-label=\"Alternar men\u00fa\" aria-expanded=\"false\">\n\t\t\t<i aria-hidden=\"true\" role=\"presentation\" class=\"elementor-menu-toggle__icon--open eicon-menu-bar\"><\/i><i aria-hidden=\"true\" role=\"presentation\" class=\"elementor-menu-toggle__icon--close eicon-close\"><\/i>\t\t\t<span class=\"elementor-screen-only\">Men\u00fa<\/span>\n\t\t<\/div>\n\t\t\t\t\t<nav class=\"elementor-nav-menu--dropdown elementor-nav-menu__container\" aria-hidden=\"true\">\n\t\t\t\t<ul id=\"menu-2-c5a037a\" class=\"elementor-nav-menu\"><li class=\"menu-item menu-item-type-post_type menu-item-object-page menu-item-15014\"><a href=\"https:\/\/camlicatower.com\/explore\/\" class=\"elementor-item\" tabindex=\"-1\">Explorar<\/a><\/li>\n<li class=\"menu-item menu-item-type-post_type menu-item-object-page menu-item-15019\"><a href=\"https:\/\/camlicatower.com\/explore\/observation-floor-1-33rd-floor\/\" class=\"elementor-item\" tabindex=\"-1\">Piso de observaci\u00f3n 1 (piso 33)<\/a><\/li>\n<li class=\"menu-item menu-item-type-post_type menu-item-object-page menu-item-15018\"><a href=\"https:\/\/camlicatower.com\/explore\/observation-floor-2-34th-floor\/\" class=\"elementor-item\" tabindex=\"-1\">Piso de observaci\u00f3n 2 (piso 34)<\/a><\/li>\n<li class=\"menu-item menu-item-type-post_type menu-item-object-page menu-item-15017\"><a href=\"https:\/\/camlicatower.com\/explore\/cafe-restaurant\/\" class=\"elementor-item\" tabindex=\"-1\">Caf\u00e9 y Restaurante<\/a><\/li>\n<li class=\"menu-item menu-item-type-post_type menu-item-object-page menu-item-15016\"><a href=\"https:\/\/camlicatower.com\/explore\/mission-moon\/\" class=\"elementor-item\" tabindex=\"-1\">Misi\u00f3n Luna<\/a><\/li>\n<li class=\"menu-item menu-item-type-post_type menu-item-object-page menu-item-15015\"><a href=\"https:\/\/camlicatower.com\/explore\/seyyah-360\/\" class=\"elementor-item\" tabindex=\"-1\">Seyya 360<\/a><\/li>\n<\/ul>\t\t\t<\/nav>\n\t\t\t\t<\/div>\n\t\t\t\t<\/div>\n\t\t\t\t\t<\/div>\n\t\t\t\t<\/div>\n\t\t<div class=\"elementor-element elementor-element-79b5444 e-con-full e-flex e-con e-parent\" data-id=\"79b5444\" data-element_type=\"container\" data-settings=\"{&quot;background_background&quot;:&quot;gradient&quot;}\">\n\t\t<div class=\"elementor-element elementor-element-503152e e-flex e-con-boxed e-con e-parent\" data-id=\"503152e\" data-element_type=\"container\">\n\t\t\t\t\t<div class=\"e-con-inner\">\n\t\t\t\t<div class=\"elementor-element elementor-element-f1d5133 elementor-widget elementor-widget-heading\" data-id=\"f1d5133\" data-element_type=\"widget\" data-widget_type=\"heading.default\">\n\t\t\t\t<div class=\"elementor-widget-container\">\n\t\t\t<style>\/*! elementor - v3.21.0 - 15-04-2024 *\/\n.elementor-heading-title{padding:0;margin:0;line-height:1}.elementor-widget-heading .elementor-heading-title[class*=elementor-size-]>a{color:inherit;font-size:inherit;line-height:inherit}.elementor-widget-heading .elementor-heading-title.elementor-size-small{font-size:15px}.elementor-widget-heading .elementor-heading-title.elementor-size-medium{font-size:19px}.elementor-widget-heading .elementor-heading-title.elementor-size-large{font-size:29px}.elementor-widget-heading .elementor-heading-title.elementor-size-xl{font-size:39px}.elementor-widget-heading .elementor-heading-title.elementor-size-xxl{font-size:59px}<\/style><h2 class=\"elementor-heading-title elementor-size-default\">Piso de observaci\u00f3n 2<\/h2>\t\t<\/div>\n\t\t\t\t<\/div>\n\t\t\t\t<div class=\"elementor-element elementor-element-81d78c0 elementor-widget elementor-widget-heading\" data-id=\"81d78c0\" data-element_type=\"widget\" data-widget_type=\"heading.default\">\n\t\t\t\t<div class=\"elementor-widget-container\">\n\t\t\t<h2 class=\"elementor-heading-title elementor-size-default\">(Piso 34)<\/h2>\t\t<\/div>\n\t\t\t\t<\/div>\n\t\t\t\t\t<\/div>\n\t\t\t\t<\/div>\n\t\t\t\t<\/div>\n\t\t<div class=\"elementor-element elementor-element-58b4629 e-flex e-con-boxed e-con e-parent\" data-id=\"58b4629\" data-element_type=\"container\" data-settings=\"{&quot;background_background&quot;:&quot;classic&quot;}\">\n\t\t\t\t\t<div class=\"e-con-inner\">\n\t\t\t\t<div class=\"elementor-element elementor-element-a5f38d2 elementor-widget elementor-widget-heading\" data-id=\"a5f38d2\" data-element_type=\"widget\" data-widget_type=\"heading.default\">\n\t\t\t\t<div class=\"elementor-widget-container\">\n\t\t\t<h2 class=\"elementor-heading-title elementor-size-default\">Experimente Estambul desde nuevas alturas en la Torre Camlica <\/h2>\t\t<\/div>\n\t\t\t\t<\/div>\n\t\t\t\t<div class=\"elementor-element elementor-element-a69348d elementor-widget elementor-widget-text-editor\" data-id=\"a69348d\" data-element_type=\"widget\" data-widget_type=\"text-editor.default\">\n\t\t\t\t<div class=\"elementor-widget-container\">\n\t\t\t<style>\/*! elementor - v3.21.0 - 15-04-2024 *\/\n.elementor-widget-text-editor.elementor-drop-cap-view-stacked .elementor-drop-cap{background-color:#69727d;color:#fff}.elementor-widget-text-editor.elementor-drop-cap-view-framed .elementor-drop-cap{color:#69727d;border:3px solid;background-color:transparent}.elementor-widget-text-editor:not(.elementor-drop-cap-view-default) .elementor-drop-cap{margin-top:8px}.elementor-widget-text-editor:not(.elementor-drop-cap-view-default) .elementor-drop-cap-letter{width:1em;height:1em}.elementor-widget-text-editor .elementor-drop-cap{float:left;text-align:center;line-height:1;font-size:50px}.elementor-widget-text-editor .elementor-drop-cap-letter{display:inline-block}<\/style>\t\t\t\t<p style=\"text-align: center;\">Encaramada a una asombrosa altura de 153 metros, en el piso 34 de la Torre Camlica, se encuentra la Plataforma de Observaci\u00f3n 2, una caracter\u00edstica impresionante de la torre. Es aqu\u00ed donde los visitantes disfrutan de una fascinante vista de 360 \u200b\u200bgrados de la cautivadora ciudad de Estambul.<\/p>\n<p style=\"text-align: center;\">Con cada giro, la Plataforma de Observaci\u00f3n 2 revela una cara diferente de Estambul. Cada direcci\u00f3n cuenta una historia diferente, lo que permite a los visitantes apreciar el car\u00e1cter diverso y la belleza de la ciudad. La cubierta ofrece una vista a\u00e9rea que revela la clara armon\u00eda entre el legado hist\u00f3rico de Estambul y su dinamismo moderno.<\/p>\n<p style=\"text-align: center;\">Mirando al norte, los ojos se sienten atra\u00eddos por la hermosa combinaci\u00f3n de exuberante vegetaci\u00f3n y estructuras arquitect\u00f3nicas modernas. La vista de extensos bosques coexistiendo con la bulliciosa ciudad es verdaderamente un testimonio de la composici\u00f3n urbana \u00fanica de Estambul.<\/p>\n\t\t\t\t\t\t<\/div>\n\t\t\t\t<\/div>\n\t\t\t\t<div class=\"elementor-element elementor-element-96a697a elementor-widget-divider--view-line elementor-widget elementor-widget-divider\" data-id=\"96a697a\" data-element_type=\"widget\" data-widget_type=\"divider.default\">\n\t\t\t\t<div class=\"elementor-widget-container\">\n\t\t\t<style>\/*! elementor - v3.21.0 - 15-04-2024 *\/\n.elementor-widget-divider{--divider-border-style:none;--divider-border-width:1px;--divider-color:#0c0d0e;--divider-icon-size:20px;--divider-element-spacing:10px;--divider-pattern-height:24px;--divider-pattern-size:20px;--divider-pattern-url:none;--divider-pattern-repeat:repeat-x}.elementor-widget-divider .elementor-divider{display:flex}.elementor-widget-divider .elementor-divider__text{font-size:15px;line-height:1;max-width:95%}.elementor-widget-divider .elementor-divider__element{margin:0 var(--divider-element-spacing);flex-shrink:0}.elementor-widget-divider .elementor-icon{font-size:var(--divider-icon-size)}.elementor-widget-divider .elementor-divider-separator{display:flex;margin:0;direction:ltr}.elementor-widget-divider--view-line_icon .elementor-divider-separator,.elementor-widget-divider--view-line_text .elementor-divider-separator{align-items:center}.elementor-widget-divider--view-line_icon .elementor-divider-separator:after,.elementor-widget-divider--view-line_icon .elementor-divider-separator:before,.elementor-widget-divider--view-line_text .elementor-divider-separator:after,.elementor-widget-divider--view-line_text .elementor-divider-separator:before{display:block;content:\"\";border-block-end:0;flex-grow:1;border-block-start:var(--divider-border-width) var(--divider-border-style) var(--divider-color)}.elementor-widget-divider--element-align-left .elementor-divider .elementor-divider-separator>.elementor-divider__svg:first-of-type{flex-grow:0;flex-shrink:100}.elementor-widget-divider--element-align-left .elementor-divider-separator:before{content:none}.elementor-widget-divider--element-align-left .elementor-divider__element{margin-left:0}.elementor-widget-divider--element-align-right .elementor-divider .elementor-divider-separator>.elementor-divider__svg:last-of-type{flex-grow:0;flex-shrink:100}.elementor-widget-divider--element-align-right .elementor-divider-separator:after{content:none}.elementor-widget-divider--element-align-right .elementor-divider__element{margin-right:0}.elementor-widget-divider--element-align-start .elementor-divider .elementor-divider-separator>.elementor-divider__svg:first-of-type{flex-grow:0;flex-shrink:100}.elementor-widget-divider--element-align-start .elementor-divider-separator:before{content:none}.elementor-widget-divider--element-align-start .elementor-divider__element{margin-inline-start:0}.elementor-widget-divider--element-align-end .elementor-divider .elementor-divider-separator>.elementor-divider__svg:last-of-type{flex-grow:0;flex-shrink:100}.elementor-widget-divider--element-align-end .elementor-divider-separator:after{content:none}.elementor-widget-divider--element-align-end .elementor-divider__element{margin-inline-end:0}.elementor-widget-divider:not(.elementor-widget-divider--view-line_text):not(.elementor-widget-divider--view-line_icon) .elementor-divider-separator{border-block-start:var(--divider-border-width) var(--divider-border-style) var(--divider-color)}.elementor-widget-divider--separator-type-pattern{--divider-border-style:none}.elementor-widget-divider--separator-type-pattern.elementor-widget-divider--view-line .elementor-divider-separator,.elementor-widget-divider--separator-type-pattern:not(.elementor-widget-divider--view-line) .elementor-divider-separator:after,.elementor-widget-divider--separator-type-pattern:not(.elementor-widget-divider--view-line) .elementor-divider-separator:before,.elementor-widget-divider--separator-type-pattern:not([class*=elementor-widget-divider--view]) .elementor-divider-separator{width:100%;min-height:var(--divider-pattern-height);-webkit-mask-size:var(--divider-pattern-size) 100%;mask-size:var(--divider-pattern-size) 100%;-webkit-mask-repeat:var(--divider-pattern-repeat);mask-repeat:var(--divider-pattern-repeat);background-color:var(--divider-color);-webkit-mask-image:var(--divider-pattern-url);mask-image:var(--divider-pattern-url)}.elementor-widget-divider--no-spacing{--divider-pattern-size:auto}.elementor-widget-divider--bg-round{--divider-pattern-repeat:round}.rtl .elementor-widget-divider .elementor-divider__text{direction:rtl}.e-con-inner>.elementor-widget-divider,.e-con>.elementor-widget-divider{width:var(--container-widget-width,100%);--flex-grow:var(--container-widget-flex-grow)}<\/style>\t\t<div class=\"elementor-divider\">\n\t\t\t<span class=\"elementor-divider-separator\">\n\t\t\t\t\t\t<\/span>\n\t\t<\/div>\n\t\t\t\t<\/div>\n\t\t\t\t<\/div>\n\t\t\t\t<div class=\"elementor-element elementor-element-f210fb5 elementor-widget elementor-widget-text-editor\" data-id=\"f210fb5\" data-element_type=\"widget\" data-widget_type=\"text-editor.default\">\n\t\t\t\t<div class=\"elementor-widget-container\">\n\t\t\t\t\t\t\t<p style=\"text-align: center;\"><span style=\"font-weight: 400;\">Hacia el este, la vista se despliega para revelar el rico tapiz del lado asi\u00e1tico de Estambul. Aqu\u00ed, el pasado y el presente coexisten, reflejados en el paisaje que presenta tanto desarrollos contempor\u00e1neos como hitos hist\u00f3ricos.<\/span><\/p>\n<p><span style=\"font-weight: 400;\">La vista hacia el sur ofrece un panorama impresionante del resplandeciente mar de M\u00e1rmara, salpicado de las Islas Pr\u00edncipe. En el horizonte, la silueta de la pen\u00ednsula hist\u00f3rica de Estambul, con sus monumentos emblem\u00e1ticos, aporta un aire de encanto atemporal a la escena.<\/span><\/p>\n<p><span style=\"font-weight: 400;\">Cuando gira hacia el oeste, lo recibe el palpitante coraz\u00f3n de Estambul: el lado europeo de la ciudad, con el estrecho del B\u00f3sforo trazando un camino serpenteante entre dos continentes. Sea testigo del movimiento incesante de los barcos en las aguas turquesas, tejiendo un patr\u00f3n en constante cambio con el tel\u00f3n de fondo del paisaje urbano.<\/span><\/p>\n<p><span style=\"font-weight: 400;\">La plataforma de observaci\u00f3n 2 ofrece una oportunidad inigualable para comprender la magnificencia geogr\u00e1fica y arquitect\u00f3nica de Estambul en su totalidad. Si es un viajero que busca una vista inolvidable, un fot\u00f3grafo que busca la toma perfecta del horizonte o simplemente alguien que aprecia los paisajes urbanos excepcionales, la segunda plataforma de observaci\u00f3n de la Torre Camlica es una experiencia que no querr\u00e1 perderse. \u00danase a nosotros y disfrute del fascinante panorama de Estambul como nunca antes\u00bb.<\/span><\/p>\n\t\t\t\t\t\t<\/div>\n\t\t\t\t<\/div>\n\t\t\t\t\t<\/div>\n\t\t\t\t<\/div>\n\t\t<div class=\"elementor-element elementor-element-8112cb2 e-flex e-con-boxed e-con e-parent\" data-id=\"8112cb2\" data-element_type=\"container\">\n\t\t\t\t\t<div class=\"e-con-inner\">\n\t\t<div class=\"elementor-element elementor-element-d124c80 e-con-full e-flex e-con e-parent\" data-id=\"d124c80\" data-element_type=\"container\">\n\t\t\t\t<div class=\"elementor-element elementor-element-b13da3a elementor-widget elementor-widget-image\" data-id=\"b13da3a\" data-element_type=\"widget\" data-widget_type=\"image.default\">\n\t\t\t\t<div class=\"elementor-widget-container\">\n\t\t\t\t\t\t\t\t\t\t\t\t\t<img decoding=\"async\" width=\"1024\" height=\"1024\" src=\"https:\/\/camlicatower.com\/wp-content\/uploads\/2022\/05\/camlicatower-1024x1024.webp\" class=\"attachment-large size-large wp-image-14537\" alt=\"\" srcset=\"https:\/\/camlicatower.com\/wp-content\/uploads\/2022\/05\/camlicatower-1024x1024.webp 1024w, https:\/\/camlicatower.com\/wp-content\/uploads\/2022\/05\/camlicatower-300x300.webp 300w, https:\/\/camlicatower.com\/wp-content\/uploads\/2022\/05\/camlicatower-150x150.webp 150w, https:\/\/camlicatower.com\/wp-content\/uploads\/2022\/05\/camlicatower-1536x1536.webp 1536w, https:\/\/camlicatower.com\/wp-content\/uploads\/2022\/05\/camlicatower-2048x2048.webp 2048w, https:\/\/camlicatower.com\/wp-content\/uploads\/2022\/05\/camlicatower-100x100.webp 100w\" sizes=\"(max-width: 1024px) 100vw, 1024px\" \/>\t\t\t\t\t\t\t\t\t\t\t\t\t<\/div>\n\t\t\t\t<\/div>\n\t\t\t\t<\/div>\n\t\t<div class=\"elementor-element elementor-element-3b4752d e-con-full e-flex e-con e-parent\" data-id=\"3b4752d\" data-element_type=\"container\">\n\t\t\t\t<div class=\"elementor-element elementor-element-9dba38b elementor-widget elementor-widget-image\" data-id=\"9dba38b\" data-element_type=\"widget\" data-widget_type=\"image.default\">\n\t\t\t\t<div class=\"elementor-widget-container\">\n\t\t\t\t\t\t\t\t\t\t\t\t\t<img decoding=\"async\" width=\"1024\" height=\"1024\" src=\"https:\/\/camlicatower.com\/wp-content\/uploads\/2022\/05\/camlica-tower-1-1024x1024.webp\" class=\"attachment-large size-large wp-image-14533\" alt=\"\" srcset=\"https:\/\/camlicatower.com\/wp-content\/uploads\/2022\/05\/camlica-tower-1-1024x1024.webp 1024w, https:\/\/camlicatower.com\/wp-content\/uploads\/2022\/05\/camlica-tower-1-300x300.webp 300w, https:\/\/camlicatower.com\/wp-content\/uploads\/2022\/05\/camlica-tower-1-150x150.webp 150w, https:\/\/camlicatower.com\/wp-content\/uploads\/2022\/05\/camlica-tower-1-1536x1536.webp 1536w, https:\/\/camlicatower.com\/wp-content\/uploads\/2022\/05\/camlica-tower-1-2048x2048.webp 2048w, https:\/\/camlicatower.com\/wp-content\/uploads\/2022\/05\/camlica-tower-1-100x100.webp 100w\" sizes=\"(max-width: 1024px) 100vw, 1024px\" \/>\t\t\t\t\t\t\t\t\t\t\t\t\t<\/div>\n\t\t\t\t<\/div>\n\t\t\t\t<\/div>\n\t\t\t\t\t<\/div>\n\t\t\t\t<\/div>\n\t\t\t\t<\/div>\n\t\t","protected":false},"excerpt":{"rendered":"<p>Observation Floor 2 (34th Floor) Experience Istanbul from New Heights at the Camlica Tower Perched at an astou\u00e6nding height of 153 meters, on the 34th floor of the Camlica Tower, is the Observation Deck 2, an awe-inspiring feature of the tower. It is here that visitors are treated to a mesmerizing 360-degree view of the [&hellip;]<\/p>\n","protected":false},"author":1,"featured_media":0,"parent":16786,"menu_order":0,"comment_status":"closed","ping_status":"closed","template":"elementor_header_footer","meta":{"footnotes":""},"class_list":["post-16869","page","type-page","status-publish","has-post-thumbnail","hentry"],"_links":{"self":[{"href":"https:\/\/camlicatower.com\/es\/wp-json\/wp\/v2\/pages\/16869","targetHints":{"allow":["GET"]}}],"collection":[{"href":"https:\/\/camlicatower.com\/es\/wp-json\/wp\/v2\/pages"}],"about":[{"href":"https:\/\/camlicatower.com\/es\/wp-json\/wp\/v2\/types\/page"}],"author":[{"embeddable":true,"href":"https:\/\/camlicatower.com\/es\/wp-json\/wp\/v2\/users\/1"}],"replies":[{"embeddable":true,"href":"https:\/\/camlicatower.com\/es\/wp-json\/wp\/v2\/comments?post=16869"}],"version-history":[{"count":4,"href":"https:\/\/camlicatower.com\/es\/wp-json\/wp\/v2\/pages\/16869\/revisions"}],"predecessor-version":[{"id":16874,"href":"https:\/\/camlicatower.com\/es\/wp-json\/wp\/v2\/pages\/16869\/revisions\/16874"}],"up":[{"embeddable":true,"href":"https:\/\/camlicatower.com\/es\/wp-json\/wp\/v2\/pages\/16786"}],"wp:attachment":[{"href":"https:\/\/camlicatower.com\/es\/wp-json\/wp\/v2\/media?parent=16869"}],"curies":[{"name":"wp","href":"https:\/\/api.w.org\/{rel}","templated":true}]}}