{"id":16958,"date":"2023-08-02T11:24:00","date_gmt":"2023-08-02T11:24:00","guid":{"rendered":"https:\/\/camlicatower.com\/restaurant-cafe-gift-shop\/"},"modified":"2024-04-22T23:38:05","modified_gmt":"2024-04-22T23:38:05","slug":"restaurant-cafe-gift-shop","status":"publish","type":"page","link":"https:\/\/camlicatower.com\/es\/restaurant-cafe-gift-shop\/","title":{"rendered":"Restaurante, cafeter\u00eda y tienda de regalos"},"content":{"rendered":"\t\t<div data-elementor-type=\"wp-page\" data-elementor-id=\"16958\" class=\"elementor elementor-16958 elementor-14710\" data-elementor-post-type=\"page\">\n\t\t\t\t<div class=\"elementor-element elementor-element-d585d47 e-flex e-con-boxed e-con e-parent\" data-id=\"d585d47\" data-element_type=\"container\" data-settings=\"{&quot;background_background&quot;:&quot;classic&quot;}\">\n\t\t\t\t\t<div class=\"e-con-inner\">\n\t\t\t\t<div class=\"elementor-element elementor-element-70b81d0 elementor-widget elementor-widget-heading\" data-id=\"70b81d0\" data-element_type=\"widget\" data-widget_type=\"heading.default\">\n\t\t\t\t<div class=\"elementor-widget-container\">\n\t\t\t<style>\/*! elementor - v3.21.0 - 15-04-2024 *\/\n.elementor-heading-title{padding:0;margin:0;line-height:1}.elementor-widget-heading .elementor-heading-title[class*=elementor-size-]>a{color:inherit;font-size:inherit;line-height:inherit}.elementor-widget-heading .elementor-heading-title.elementor-size-small{font-size:15px}.elementor-widget-heading .elementor-heading-title.elementor-size-medium{font-size:19px}.elementor-widget-heading .elementor-heading-title.elementor-size-large{font-size:29px}.elementor-widget-heading .elementor-heading-title.elementor-size-xl{font-size:39px}.elementor-widget-heading .elementor-heading-title.elementor-size-xxl{font-size:59px}<\/style><h2 class=\"elementor-heading-title elementor-size-default\">Caf\u00e9 y Restaurante<\/h2>\t\t<\/div>\n\t\t\t\t<\/div>\n\t\t\t\t<div class=\"elementor-element elementor-element-8787c0b elementor-widget elementor-widget-text-editor\" data-id=\"8787c0b\" data-element_type=\"widget\" data-widget_type=\"text-editor.default\">\n\t\t\t\t<div class=\"elementor-widget-container\">\n\t\t\t<style>\/*! elementor - v3.21.0 - 15-04-2024 *\/\n.elementor-widget-text-editor.elementor-drop-cap-view-stacked .elementor-drop-cap{background-color:#69727d;color:#fff}.elementor-widget-text-editor.elementor-drop-cap-view-framed .elementor-drop-cap{color:#69727d;border:3px solid;background-color:transparent}.elementor-widget-text-editor:not(.elementor-drop-cap-view-default) .elementor-drop-cap{margin-top:8px}.elementor-widget-text-editor:not(.elementor-drop-cap-view-default) .elementor-drop-cap-letter{width:1em;height:1em}.elementor-widget-text-editor .elementor-drop-cap{float:left;text-align:center;line-height:1;font-size:50px}.elementor-widget-text-editor .elementor-drop-cap-letter{display:inline-block}<\/style>\t\t\t\t<p><span style=\"font-weight: 400;\">Disfrute de una experiencia gastron\u00f3mica como ninguna otra en Camlica Tower Caf\u00e9 &amp; Restaurant. Ubicado en el coraz\u00f3n de la Torre Camlica, nuestra cafeter\u00eda y restaurante ofrece una deliciosa fusi\u00f3n de cocina tradicional turca y vistas impresionantes del paisaje urbano de Estambul. Con su decoraci\u00f3n elegante y moderna y sus vistas panor\u00e1micas, cada comida se convierte en una celebraci\u00f3n de las tradiciones culinarias turcas. Ya sea que est\u00e9 saboreando un tranquilo desayuno, disfrutando de un sereno brunch o celebrando una ocasi\u00f3n especial, nuestro entorno \u00fanico promete hacer que su visita sea memorable. Mientras el sol se pone y ba\u00f1a la ciudad con un brillo dorado, descubrir\u00e1 que no hay mejor lugar para cenar que Camlica Tower Caf\u00e9 &amp; Restaurant: la combinaci\u00f3n perfecta de encanto est\u00e9tico y gustos exquisitos.<\/span><\/p>\n\t\t\t\t\t\t<\/div>\n\t\t\t\t<\/div>\n\t\t\t\t\t<\/div>\n\t\t\t\t<\/div>\n\t\t<div class=\"elementor-element elementor-element-935283c e-flex e-con-boxed e-con e-parent\" data-id=\"935283c\" data-element_type=\"container\">\n\t\t\t\t\t<div class=\"e-con-inner\">\n\t\t<div class=\"elementor-element elementor-element-9a407f7 e-con-full e-flex e-con e-child\" data-id=\"9a407f7\" data-element_type=\"container\">\n\t\t\t\t<div class=\"elementor-element elementor-element-36f98bc elementor-widget elementor-widget-image\" data-id=\"36f98bc\" data-element_type=\"widget\" data-widget_type=\"image.default\">\n\t\t\t\t<div class=\"elementor-widget-container\">\n\t\t\t<style>\/*! elementor - v3.21.0 - 15-04-2024 *\/\n.elementor-widget-image{text-align:center}.elementor-widget-image a{display:inline-block}.elementor-widget-image a img[src$=\".svg\"]{width:48px}.elementor-widget-image img{vertical-align:middle;display:inline-block}<\/style>\t\t\t\t\t\t\t\t\t\t<img fetchpriority=\"high\" decoding=\"async\" width=\"684\" height=\"482\" src=\"https:\/\/camlicatower.com\/wp-content\/uploads\/2023\/08\/seyyah-kisim.png\" class=\"attachment-full size-full wp-image-14821\" alt=\"\" srcset=\"https:\/\/camlicatower.com\/wp-content\/uploads\/2023\/08\/seyyah-kisim.png 684w, https:\/\/camlicatower.com\/wp-content\/uploads\/2023\/08\/seyyah-kisim-768x541.png 768w, https:\/\/camlicatower.com\/wp-content\/uploads\/2023\/08\/seyyah-kisim-600x422.png 600w\" sizes=\"(max-width: 684px) 100vw, 684px\" \/>\t\t\t\t\t\t\t\t\t\t\t\t\t<\/div>\n\t\t\t\t<\/div>\n\t\t\t\t<\/div>\n\t\t<div class=\"elementor-element elementor-element-fa972fe e-con-full e-flex e-con e-child\" data-id=\"fa972fe\" data-element_type=\"container\">\n\t\t\t\t<div class=\"elementor-element elementor-element-b154917 elementor-widget elementor-widget-heading\" data-id=\"b154917\" data-element_type=\"widget\" data-widget_type=\"heading.default\">\n\t\t\t\t<div class=\"elementor-widget-container\">\n\t\t\t<h2 class=\"elementor-heading-title elementor-size-default\">Del\u00e9itese con el encanto de Camlica Tower Caf\u00e9\n<\/h2>\t\t<\/div>\n\t\t\t\t<\/div>\n\t\t\t\t<div class=\"elementor-element elementor-element-7f30396 elementor-widget elementor-widget-text-editor\" data-id=\"7f30396\" data-element_type=\"widget\" data-widget_type=\"text-editor.default\">\n\t\t\t\t<div class=\"elementor-widget-container\">\n\t\t\t\t\t\t\t<p><span style=\"font-weight: 400;\">Rel\u00e1jese entre las impresionantes vistas del paisaje urbano de Estambul en Camlica Tower Caf\u00e9. Saboree los delicados sabores del caf\u00e9 turco tradicional en nuestro entorno moderno y minimalista que fusiona sin esfuerzo el encanto est\u00e9tico con el deleite culinario. Ya sea que comience el d\u00eda con una bebida matutina o haga una pausa para tomar un respiro al mediod\u00eda, el encantador panorama que se despliega desde el coraz\u00f3n de Estambul hasta sus vibrantes bordes agrega un toque inolvidable a su experiencia en la cafeter\u00eda. \u00danase a nosotros en Camlica Tower Caf\u00e9, no s\u00f3lo para tomar un refrigerio, sino tambi\u00e9n para un viaje sensorial que redefine su perspectiva de Estambul\u00bb.<\/span><\/p>\n\t\t\t\t\t\t<\/div>\n\t\t\t\t<\/div>\n\t\t\t\t<div class=\"elementor-element elementor-element-e592bee elementor-align-left elementor-widget elementor-widget-button\" data-id=\"e592bee\" data-element_type=\"widget\" data-widget_type=\"button.default\">\n\t\t\t\t<div class=\"elementor-widget-container\">\n\t\t\t\t\t<div class=\"elementor-button-wrapper\">\n\t\t\t<a class=\"elementor-button elementor-button-link elementor-size-sm\" href=\"https:\/\/camlicatower.com\/es\/prices-times\/\">\n\t\t\t\t\t\t<span class=\"elementor-button-content-wrapper\">\n\t\t\t\t\t\t\t\t\t<span class=\"elementor-button-text\">Ofertas de paquetes<\/span>\n\t\t\t\t\t<\/span>\n\t\t\t\t\t<\/a>\n\t\t<\/div>\n\t\t\t\t<\/div>\n\t\t\t\t<\/div>\n\t\t\t\t<\/div>\n\t\t\t\t\t<\/div>\n\t\t\t\t<\/div>\n\t\t<div class=\"elementor-element elementor-element-d3d0ee2 e-flex e-con-boxed e-con e-parent\" data-id=\"d3d0ee2\" data-element_type=\"container\">\n\t\t\t\t\t<div class=\"e-con-inner\">\n\t\t<div class=\"elementor-element elementor-element-02ede5e e-con-full e-flex e-con e-child\" data-id=\"02ede5e\" data-element_type=\"container\">\n\t\t\t\t<div class=\"elementor-element elementor-element-0f54485 elementor-widget elementor-widget-image\" data-id=\"0f54485\" data-element_type=\"widget\" data-widget_type=\"image.default\">\n\t\t\t\t<div class=\"elementor-widget-container\">\n\t\t\t\t\t\t\t\t\t\t\t\t\t<img decoding=\"async\" width=\"600\" height=\"400\" src=\"https:\/\/camlicatower.com\/wp-content\/uploads\/2022\/05\/camlica-4.webp\" class=\"attachment-full size-full wp-image-14532\" alt=\"\" srcset=\"https:\/\/camlicatower.com\/wp-content\/uploads\/2022\/05\/camlica-4.webp 600w, https:\/\/camlicatower.com\/wp-content\/uploads\/2022\/05\/camlica-4-768x512.webp 768w\" sizes=\"(max-width: 600px) 100vw, 600px\" \/>\t\t\t\t\t\t\t\t\t\t\t\t\t<\/div>\n\t\t\t\t<\/div>\n\t\t\t\t<\/div>\n\t\t<div class=\"elementor-element elementor-element-85792b6 e-con-full e-flex e-con e-child\" data-id=\"85792b6\" data-element_type=\"container\">\n\t\t\t\t<div class=\"elementor-element elementor-element-c48bb8e elementor-widget elementor-widget-heading\" data-id=\"c48bb8e\" data-element_type=\"widget\" data-widget_type=\"heading.default\">\n\t\t\t\t<div class=\"elementor-widget-container\">\n\t\t\t<h2 class=\"elementor-heading-title elementor-size-default\">Cene con estilo en el restaurante Camlica Tower\n<\/h2>\t\t<\/div>\n\t\t\t\t<\/div>\n\t\t\t\t<div class=\"elementor-element elementor-element-8c054b9 elementor-widget elementor-widget-text-editor\" data-id=\"8c054b9\" data-element_type=\"widget\" data-widget_type=\"text-editor.default\">\n\t\t\t\t<div class=\"elementor-widget-container\">\n\t\t\t\t\t\t\t<p><span style=\"font-weight: 400;\">Experimente un viaje culinario como ning\u00fan otro en el restaurante Camlica Tower. Aqu\u00ed, los ricos y diversos sabores de la cocina tradicional turca se combinan a la perfecci\u00f3n con una vista panor\u00e1mica del paisaje urbano de Estambul. Ya sea que est\u00e9 disfrutando de un abundante desayuno, un sabroso almuerzo o una cena, nuestros platos meticulosamente elaborados prometen deleitar su paladar. Celebre momentos especiales con nosotros en nuestro espacio moderno y minimalista, donde cada comida se convierte en una experiencia gastron\u00f3mica extraordinaria en medio de la espectacular vista de Estambul. \u00danase a nosotros en el Restaurante Camlica Tower y sum\u00e9rjase en la exquisita uni\u00f3n del deleite gastron\u00f3mico y la belleza esc\u00e9nica.<\/span><\/p>\n\t\t\t\t\t\t<\/div>\n\t\t\t\t<\/div>\n\t\t\t\t<div class=\"elementor-element elementor-element-f513037 elementor-align-left elementor-widget elementor-widget-button\" data-id=\"f513037\" data-element_type=\"widget\" data-widget_type=\"button.default\">\n\t\t\t\t<div class=\"elementor-widget-container\">\n\t\t\t\t\t<div class=\"elementor-button-wrapper\">\n\t\t\t<a class=\"elementor-button elementor-button-link elementor-size-sm\" href=\"https:\/\/camlicatower.com\/es\/prices-times\/\">\n\t\t\t\t\t\t<span class=\"elementor-button-content-wrapper\">\n\t\t\t\t\t\t\t\t\t<span class=\"elementor-button-text\">Ofertas de paquetes<\/span>\n\t\t\t\t\t<\/span>\n\t\t\t\t\t<\/a>\n\t\t<\/div>\n\t\t\t\t<\/div>\n\t\t\t\t<\/div>\n\t\t\t\t<\/div>\n\t\t\t\t\t<\/div>\n\t\t\t\t<\/div>\n\t\t<div class=\"elementor-element elementor-element-a0c3041 e-flex e-con-boxed e-con e-parent\" data-id=\"a0c3041\" data-element_type=\"container\" data-settings=\"{&quot;background_background&quot;:&quot;classic&quot;}\">\n\t\t\t\t\t<div class=\"e-con-inner\">\n\t\t\t\t<div class=\"elementor-element elementor-element-3c85482 elementor-cta--skin-cover elementor-widget elementor-widget-call-to-action\" data-id=\"3c85482\" data-element_type=\"widget\" data-widget_type=\"call-to-action.default\">\n\t\t\t\t<div class=\"elementor-widget-container\">\n\t\t\t<link rel=\"stylesheet\" href=\"https:\/\/camlicatower.com\/wp-content\/uploads\/elementor\/css\/custom-pro-widget-call-to-action.min.css?ver=1766751061\">\t\t<div class=\"elementor-cta\">\n\t\t\t\t\t<div class=\"elementor-cta__bg-wrapper\">\n\t\t\t\t<div class=\"elementor-cta__bg elementor-bg\" style=\"background-image: url();\" role=\"img\" aria-label=\"\"><\/div>\n\t\t\t\t<div class=\"elementor-cta__bg-overlay\"><\/div>\n\t\t\t<\/div>\n\t\t\t\t\t\t\t<div class=\"elementor-cta__content\">\n\t\t\t\t\n\t\t\t\t\t\t\t\t\t<h2 class=\"elementor-cta__title elementor-cta__content-item elementor-content-item\">\n\t\t\t\t\t\t\u00bfEst\u00e1s listo para una experiencia inolvidable?\t\t\t\t\t<\/h2>\n\t\t\t\t\n\t\t\t\t\n\t\t\t\t\t\t\t\t\t<div class=\"elementor-cta__button-wrapper elementor-cta__content-item elementor-content-item \">\n\t\t\t\t\t<a class=\"elementor-cta__button elementor-button elementor-size-md\" href=\"http:\/\/camlicatower.com\/prices-times\/\">\n\t\t\t\t\t\tComprar boleto\t\t\t\t\t<\/a>\n\t\t\t\t\t<\/div>\n\t\t\t\t\t\t\t<\/div>\n\t\t\t\t\t\t<\/div>\n\t\t\t\t<\/div>\n\t\t\t\t<\/div>\n\t\t\t\t\t<\/div>\n\t\t\t\t<\/div>\n\t\t<div class=\"elementor-element elementor-element-34b4e24 e-flex e-con-boxed e-con e-parent\" data-id=\"34b4e24\" data-element_type=\"container\">\n\t\t\t\t\t<div class=\"e-con-inner\">\n\t\t<div class=\"elementor-element elementor-element-04945bc e-con-full e-flex e-con e-child\" data-id=\"04945bc\" data-element_type=\"container\">\n\t\t\t\t<div class=\"elementor-element elementor-element-e48433a elementor-widget elementor-widget-image\" data-id=\"e48433a\" data-element_type=\"widget\" data-widget_type=\"image.default\">\n\t\t\t\t<div class=\"elementor-widget-container\">\n\t\t\t\t\t\t\t\t\t\t\t\t\t<img decoding=\"async\" width=\"600\" height=\"400\" src=\"https:\/\/camlicatower.com\/wp-content\/uploads\/2022\/05\/camlica-tower-2.webp\" class=\"attachment-full size-full wp-image-14534\" alt=\"\" srcset=\"https:\/\/camlicatower.com\/wp-content\/uploads\/2022\/05\/camlica-tower-2.webp 600w, https:\/\/camlicatower.com\/wp-content\/uploads\/2022\/05\/camlica-tower-2-768x512.webp 768w\" sizes=\"(max-width: 600px) 100vw, 600px\" \/>\t\t\t\t\t\t\t\t\t\t\t\t\t<\/div>\n\t\t\t\t<\/div>\n\t\t\t\t<\/div>\n\t\t<div class=\"elementor-element elementor-element-d2ee866 e-con-full e-flex e-con e-child\" data-id=\"d2ee866\" data-element_type=\"container\">\n\t\t\t\t<div class=\"elementor-element elementor-element-987c015 elementor-widget elementor-widget-heading\" data-id=\"987c015\" data-element_type=\"widget\" data-widget_type=\"heading.default\">\n\t\t\t\t<div class=\"elementor-widget-container\">\n\t\t\t<h2 class=\"elementor-heading-title elementor-size-default\">Descubra recuerdos \u00fanicos en la tienda de regalos de Camlica Tower<\/h2>\t\t<\/div>\n\t\t\t\t<\/div>\n\t\t\t\t<div class=\"elementor-element elementor-element-70a1067 elementor-widget elementor-widget-text-editor\" data-id=\"70a1067\" data-element_type=\"widget\" data-widget_type=\"text-editor.default\">\n\t\t\t\t<div class=\"elementor-widget-container\">\n\t\t\t\t\t\t\t<p><span style=\"font-weight: 400;\">Haga que su visita a Camlica Tower sea inolvidable con una parada en nuestra tienda de regalos, convenientemente ubicada en la planta baja. Aqu\u00ed encontrar\u00e1 una amplia variedad de recuerdos \u00fanicos que capturan el esp\u00edritu de la torre, el encanto de Estambul y la riqueza de la cultura turca. Desde elaboradas artesan\u00edas hasta obras de arte locales, nuestra tienda de regalos ofrece una cuidada selecci\u00f3n de recuerdos que ser\u00e1n tan memorables como su visita. Ll\u00e9vate a casa una parte de tu experiencia en la Torre Camlica y revive la magia de Estambul mucho despu\u00e9s de tu visita.<\/span><\/p>\n\t\t\t\t\t\t<\/div>\n\t\t\t\t<\/div>\n\t\t\t\t<\/div>\n\t\t\t\t\t<\/div>\n\t\t\t\t<\/div>\n\t\t\t\t<\/div>\n\t\t","protected":false},"excerpt":{"rendered":"<p>Caf\u00e9 y Restaurante Disfrute de una experiencia gastron\u00f3mica como ninguna otra en Camlica Tower Caf\u00e9 &amp; Restaurant. Ubicado en el coraz\u00f3n de la Torre Camlica, nuestra cafeter\u00eda y restaurante ofrece una deliciosa fusi\u00f3n de cocina tradicional turca y vistas impresionantes del paisaje urbano de Estambul. Con su decoraci\u00f3n elegante y moderna y sus vistas panor\u00e1micas, [&hellip;]<\/p>\n","protected":false},"author":1,"featured_media":16732,"parent":0,"menu_order":0,"comment_status":"closed","ping_status":"closed","template":"template-fullwidth.php","meta":{"footnotes":""},"class_list":["post-16958","page","type-page","status-publish","has-post-thumbnail","hentry"],"_links":{"self":[{"href":"https:\/\/camlicatower.com\/es\/wp-json\/wp\/v2\/pages\/16958","targetHints":{"allow":["GET"]}}],"collection":[{"href":"https:\/\/camlicatower.com\/es\/wp-json\/wp\/v2\/pages"}],"about":[{"href":"https:\/\/camlicatower.com\/es\/wp-json\/wp\/v2\/types\/page"}],"author":[{"embeddable":true,"href":"https:\/\/camlicatower.com\/es\/wp-json\/wp\/v2\/users\/1"}],"replies":[{"embeddable":true,"href":"https:\/\/camlicatower.com\/es\/wp-json\/wp\/v2\/comments?post=16958"}],"version-history":[{"count":2,"href":"https:\/\/camlicatower.com\/es\/wp-json\/wp\/v2\/pages\/16958\/revisions"}],"predecessor-version":[{"id":16969,"href":"https:\/\/camlicatower.com\/es\/wp-json\/wp\/v2\/pages\/16958\/revisions\/16969"}],"wp:featuredmedia":[{"embeddable":true,"href":"https:\/\/camlicatower.com\/es\/wp-json\/wp\/v2\/media\/16732"}],"wp:attachment":[{"href":"https:\/\/camlicatower.com\/es\/wp-json\/wp\/v2\/media?parent=16958"}],"curies":[{"name":"wp","href":"https:\/\/api.w.org\/{rel}","templated":true}]}}