{"id":16835,"date":"2023-08-07T23:02:16","date_gmt":"2023-08-07T23:02:16","guid":{"rendered":"https:\/\/camlicatower.com\/explore\/observation-floor-1-33rd-floor\/"},"modified":"2024-04-20T22:17:19","modified_gmt":"2024-04-20T22:17:19","slug":"observation-floor-1-33rd-floor","status":"publish","type":"page","link":"https:\/\/camlicatower.com\/fr\/explore\/observation-floor-1-33rd-floor\/","title":{"rendered":"\u00c9tage d&rsquo;observation 1 (33e \u00e9tage)"},"content":{"rendered":"\t\t<div data-elementor-type=\"wp-page\" data-elementor-id=\"16835\" class=\"elementor elementor-16835 elementor-14984\" data-elementor-post-type=\"page\">\n\t\t\t\t<div class=\"elementor-element elementor-element-73322b9 e-flex e-con-boxed e-con e-parent\" data-id=\"73322b9\" data-element_type=\"container\">\n\t\t\t\t\t<div class=\"e-con-inner\">\n\t\t\t\t<div class=\"elementor-element elementor-element-0990fe1 elementor-widget elementor-widget-image\" data-id=\"0990fe1\" data-element_type=\"widget\" data-widget_type=\"image.default\">\n\t\t\t\t<div class=\"elementor-widget-container\">\n\t\t\t<style>\/*! elementor - v3.21.0 - 15-04-2024 *\/\n.elementor-widget-image{text-align:center}.elementor-widget-image a{display:inline-block}.elementor-widget-image a img[src$=\".svg\"]{width:48px}.elementor-widget-image img{vertical-align:middle;display:inline-block}<\/style>\t\t\t\t\t\t\t\t\t\t<img fetchpriority=\"high\" decoding=\"async\" width=\"1512\" height=\"982\" src=\"https:\/\/camlicatower.com\/wp-content\/uploads\/2023\/08\/Dashboard-1.png\" class=\"attachment-full size-full wp-image-14967\" alt=\"\" srcset=\"https:\/\/camlicatower.com\/wp-content\/uploads\/2023\/08\/Dashboard-1.png 1512w, https:\/\/camlicatower.com\/wp-content\/uploads\/2023\/08\/Dashboard-1-768x498.png 768w, https:\/\/camlicatower.com\/wp-content\/uploads\/2023\/08\/Dashboard-1-600x389.png 600w\" sizes=\"(max-width: 1512px) 100vw, 1512px\" \/>\t\t\t\t\t\t\t\t\t\t\t\t\t<\/div>\n\t\t\t\t<\/div>\n\t\t\t\t\t<\/div>\n\t\t\t\t<\/div>\n\t\t<div class=\"elementor-element elementor-element-a42fab4 e-flex e-con-boxed e-con e-parent\" data-id=\"a42fab4\" data-element_type=\"container\">\n\t\t\t\t\t<div class=\"e-con-inner\">\n\t\t\t\t<div class=\"elementor-element elementor-element-1a74fbf elementor-nav-menu__align-center elementor-nav-menu--dropdown-tablet elementor-nav-menu__text-align-aside elementor-nav-menu--toggle elementor-nav-menu--burger elementor-widget elementor-widget-nav-menu\" data-id=\"1a74fbf\" data-element_type=\"widget\" data-settings=\"{&quot;layout&quot;:&quot;horizontal&quot;,&quot;submenu_icon&quot;:{&quot;value&quot;:&quot;&lt;i class=\\&quot;fas fa-caret-down\\&quot;&gt;&lt;\\\/i&gt;&quot;,&quot;library&quot;:&quot;fa-solid&quot;},&quot;toggle&quot;:&quot;burger&quot;}\" data-widget_type=\"nav-menu.default\">\n\t\t\t\t<div class=\"elementor-widget-container\">\n\t\t\t<link rel=\"stylesheet\" href=\"https:\/\/camlicatower.com\/wp-content\/uploads\/elementor\/css\/custom-pro-widget-nav-menu.min.css?ver=1766751073\">\t\t\t<nav class=\"elementor-nav-menu--main elementor-nav-menu__container elementor-nav-menu--layout-horizontal e--pointer-underline e--animation-fade\">\n\t\t\t\t<ul id=\"menu-1-1a74fbf\" class=\"elementor-nav-menu\"><li class=\"menu-item menu-item-type-post_type menu-item-object-page menu-item-15014\"><a href=\"https:\/\/camlicatower.com\/explore\/\" class=\"elementor-item\">Explorer<\/a><\/li>\n<li class=\"menu-item menu-item-type-post_type menu-item-object-page menu-item-15019\"><a href=\"https:\/\/camlicatower.com\/explore\/observation-floor-1-33rd-floor\/\" class=\"elementor-item\">\u00c9tage d&rsquo;observation 1 (33e \u00e9tage)<\/a><\/li>\n<li class=\"menu-item menu-item-type-post_type menu-item-object-page menu-item-15018\"><a href=\"https:\/\/camlicatower.com\/explore\/observation-floor-2-34th-floor\/\" class=\"elementor-item\">\u00c9tage d&rsquo;observation 2 (34e \u00e9tage)<\/a><\/li>\n<li class=\"menu-item menu-item-type-post_type menu-item-object-page menu-item-15017\"><a href=\"https:\/\/camlicatower.com\/explore\/cafe-restaurant\/\" class=\"elementor-item\">Caf\u00e9 et Restaurant<\/a><\/li>\n<li class=\"menu-item menu-item-type-post_type menu-item-object-page menu-item-15016\"><a href=\"https:\/\/camlicatower.com\/explore\/mission-moon\/\" class=\"elementor-item\">Mission Lune<\/a><\/li>\n<li class=\"menu-item menu-item-type-post_type menu-item-object-page menu-item-15015\"><a href=\"https:\/\/camlicatower.com\/explore\/seyyah-360\/\" class=\"elementor-item\">Seyyah 360<\/a><\/li>\n<\/ul>\t\t\t<\/nav>\n\t\t\t\t\t<div class=\"elementor-menu-toggle\" role=\"button\" tabindex=\"0\" aria-label=\"Permuter le menu\" aria-expanded=\"false\">\n\t\t\t<i aria-hidden=\"true\" role=\"presentation\" class=\"elementor-menu-toggle__icon--open eicon-menu-bar\"><\/i><i aria-hidden=\"true\" role=\"presentation\" class=\"elementor-menu-toggle__icon--close eicon-close\"><\/i>\t\t\t<span class=\"elementor-screen-only\">Menu<\/span>\n\t\t<\/div>\n\t\t\t\t\t<nav class=\"elementor-nav-menu--dropdown elementor-nav-menu__container\" aria-hidden=\"true\">\n\t\t\t\t<ul id=\"menu-2-1a74fbf\" class=\"elementor-nav-menu\"><li class=\"menu-item menu-item-type-post_type menu-item-object-page menu-item-15014\"><a href=\"https:\/\/camlicatower.com\/explore\/\" class=\"elementor-item\" tabindex=\"-1\">Explorer<\/a><\/li>\n<li class=\"menu-item menu-item-type-post_type menu-item-object-page menu-item-15019\"><a href=\"https:\/\/camlicatower.com\/explore\/observation-floor-1-33rd-floor\/\" class=\"elementor-item\" tabindex=\"-1\">\u00c9tage d&rsquo;observation 1 (33e \u00e9tage)<\/a><\/li>\n<li class=\"menu-item menu-item-type-post_type menu-item-object-page menu-item-15018\"><a href=\"https:\/\/camlicatower.com\/explore\/observation-floor-2-34th-floor\/\" class=\"elementor-item\" tabindex=\"-1\">\u00c9tage d&rsquo;observation 2 (34e \u00e9tage)<\/a><\/li>\n<li class=\"menu-item menu-item-type-post_type menu-item-object-page menu-item-15017\"><a href=\"https:\/\/camlicatower.com\/explore\/cafe-restaurant\/\" class=\"elementor-item\" tabindex=\"-1\">Caf\u00e9 et Restaurant<\/a><\/li>\n<li class=\"menu-item menu-item-type-post_type menu-item-object-page menu-item-15016\"><a href=\"https:\/\/camlicatower.com\/explore\/mission-moon\/\" class=\"elementor-item\" tabindex=\"-1\">Mission Lune<\/a><\/li>\n<li class=\"menu-item menu-item-type-post_type menu-item-object-page menu-item-15015\"><a href=\"https:\/\/camlicatower.com\/explore\/seyyah-360\/\" class=\"elementor-item\" tabindex=\"-1\">Seyyah 360<\/a><\/li>\n<\/ul>\t\t\t<\/nav>\n\t\t\t\t<\/div>\n\t\t\t\t<\/div>\n\t\t\t\t\t<\/div>\n\t\t\t\t<\/div>\n\t\t<div class=\"elementor-element elementor-element-9a3be82 e-con-full e-flex e-con e-parent\" data-id=\"9a3be82\" data-element_type=\"container\" data-settings=\"{&quot;background_background&quot;:&quot;gradient&quot;}\">\n\t\t<div class=\"elementor-element elementor-element-b7de46f e-con-full e-flex e-con e-parent\" data-id=\"b7de46f\" data-element_type=\"container\">\n\t\t\t\t<div class=\"elementor-element elementor-element-83d0be5 elementor-widget elementor-widget-heading\" data-id=\"83d0be5\" data-element_type=\"widget\" data-widget_type=\"heading.default\">\n\t\t\t\t<div class=\"elementor-widget-container\">\n\t\t\t<style>\/*! elementor - v3.21.0 - 15-04-2024 *\/\n.elementor-heading-title{padding:0;margin:0;line-height:1}.elementor-widget-heading .elementor-heading-title[class*=elementor-size-]>a{color:inherit;font-size:inherit;line-height:inherit}.elementor-widget-heading .elementor-heading-title.elementor-size-small{font-size:15px}.elementor-widget-heading .elementor-heading-title.elementor-size-medium{font-size:19px}.elementor-widget-heading .elementor-heading-title.elementor-size-large{font-size:29px}.elementor-widget-heading .elementor-heading-title.elementor-size-xl{font-size:39px}.elementor-widget-heading .elementor-heading-title.elementor-size-xxl{font-size:59px}<\/style><h2 class=\"elementor-heading-title elementor-size-default\">\u00c9tage d'observation 1 <\/h2>\t\t<\/div>\n\t\t\t\t<\/div>\n\t\t\t\t<div class=\"elementor-element elementor-element-3037050 elementor-widget elementor-widget-heading\" data-id=\"3037050\" data-element_type=\"widget\" data-widget_type=\"heading.default\">\n\t\t\t\t<div class=\"elementor-widget-container\">\n\t\t\t<h2 class=\"elementor-heading-title elementor-size-default\">(33\u00e8me \u00e9tage)<\/h2>\t\t<\/div>\n\t\t\t\t<\/div>\n\t\t\t\t<\/div>\n\t\t\t\t<\/div>\n\t\t<div class=\"elementor-element elementor-element-ec3c2ae e-flex e-con-boxed e-con e-parent\" data-id=\"ec3c2ae\" data-element_type=\"container\" data-settings=\"{&quot;background_background&quot;:&quot;classic&quot;}\">\n\t\t\t\t\t<div class=\"e-con-inner\">\n\t\t\t\t<div class=\"elementor-element elementor-element-54ad4ce elementor-widget elementor-widget-heading\" data-id=\"54ad4ce\" data-element_type=\"widget\" data-widget_type=\"heading.default\">\n\t\t\t\t<div class=\"elementor-widget-container\">\n\t\t\t<h2 class=\"elementor-heading-title elementor-size-default\">D\u00e9couvrez le panorama spectaculaire d'Istanbul sur la plate-forme d'observation de la tour Camlica<\/h2>\t\t<\/div>\n\t\t\t\t<\/div>\n\t\t\t\t<div class=\"elementor-element elementor-element-747aebb elementor-widget elementor-widget-text-editor\" data-id=\"747aebb\" data-element_type=\"widget\" data-widget_type=\"text-editor.default\">\n\t\t\t\t<div class=\"elementor-widget-container\">\n\t\t\t<style>\/*! elementor - v3.21.0 - 15-04-2024 *\/\n.elementor-widget-text-editor.elementor-drop-cap-view-stacked .elementor-drop-cap{background-color:#69727d;color:#fff}.elementor-widget-text-editor.elementor-drop-cap-view-framed .elementor-drop-cap{color:#69727d;border:3px solid;background-color:transparent}.elementor-widget-text-editor:not(.elementor-drop-cap-view-default) .elementor-drop-cap{margin-top:8px}.elementor-widget-text-editor:not(.elementor-drop-cap-view-default) .elementor-drop-cap-letter{width:1em;height:1em}.elementor-widget-text-editor .elementor-drop-cap{float:left;text-align:center;line-height:1;font-size:50px}.elementor-widget-text-editor .elementor-drop-cap-letter{display:inline-block}<\/style>\t\t\t\t<p style=\"text-align: center;\">Situ\u00e9 \u00e0 une hauteur de 148,50 m\u00e8tres, au 33\u00e8me \u00e9tage de l&rsquo;impressionnante tour Camlica, vous d\u00e9couvrirez l&rsquo;une des exp\u00e9riences les plus captivantes qu&rsquo;Istanbul ait \u00e0 offrir : la plate-forme d&rsquo;observation. Ce point de vue exceptionnel offre une vue panoramique \u00e0 360 degr\u00e9s, offrant une perspective unique et globale sur la ville tentaculaire en contrebas.<\/p>\n<p style=\"text-align: center;\">Depuis cette perspective sur\u00e9lev\u00e9e, la ville d\u2019Istanbul se d\u00e9roule sous vos yeux dans un panorama \u00e0 couper le souffle. Chaque direction offre une tranche diff\u00e9rente de la diversit\u00e9 urbaine d&rsquo;Istanbul. Au fur et \u00e0 mesure que vous vous d\u00e9placez sur le pont, la ville passe en douceur d&rsquo;une vue distinctive \u00e0 une autre, dressant un tableau complet de la vari\u00e9t\u00e9 g\u00e9ographique et architecturale d&rsquo;Istanbul.<\/p>\n<p style=\"text-align: center;\">En regardant vers le nord, admirez le m\u00e9lange harmonieux de nature et de ville avec des for\u00eats verdoyantes se m\u00ealant \u00e0 des b\u00e2timents r\u00e9sidentiels et commerciaux. \u00c0 l\u2019est, admirez la beaut\u00e9 du c\u00f4t\u00e9 anatolien d\u2019Istanbul, qui abrite des monuments embl\u00e9matiques et une vaste \u00e9tendue de paysage urbain vibrant.<\/p>\n\t\t\t\t\t\t<\/div>\n\t\t\t\t<\/div>\n\t\t\t\t<div class=\"elementor-element elementor-element-a98f2f1 elementor-widget-divider--view-line elementor-widget elementor-widget-divider\" data-id=\"a98f2f1\" data-element_type=\"widget\" data-widget_type=\"divider.default\">\n\t\t\t\t<div class=\"elementor-widget-container\">\n\t\t\t<style>\/*! elementor - v3.21.0 - 15-04-2024 *\/\n.elementor-widget-divider{--divider-border-style:none;--divider-border-width:1px;--divider-color:#0c0d0e;--divider-icon-size:20px;--divider-element-spacing:10px;--divider-pattern-height:24px;--divider-pattern-size:20px;--divider-pattern-url:none;--divider-pattern-repeat:repeat-x}.elementor-widget-divider .elementor-divider{display:flex}.elementor-widget-divider .elementor-divider__text{font-size:15px;line-height:1;max-width:95%}.elementor-widget-divider .elementor-divider__element{margin:0 var(--divider-element-spacing);flex-shrink:0}.elementor-widget-divider .elementor-icon{font-size:var(--divider-icon-size)}.elementor-widget-divider .elementor-divider-separator{display:flex;margin:0;direction:ltr}.elementor-widget-divider--view-line_icon .elementor-divider-separator,.elementor-widget-divider--view-line_text .elementor-divider-separator{align-items:center}.elementor-widget-divider--view-line_icon .elementor-divider-separator:after,.elementor-widget-divider--view-line_icon .elementor-divider-separator:before,.elementor-widget-divider--view-line_text .elementor-divider-separator:after,.elementor-widget-divider--view-line_text .elementor-divider-separator:before{display:block;content:\"\";border-block-end:0;flex-grow:1;border-block-start:var(--divider-border-width) var(--divider-border-style) var(--divider-color)}.elementor-widget-divider--element-align-left .elementor-divider .elementor-divider-separator>.elementor-divider__svg:first-of-type{flex-grow:0;flex-shrink:100}.elementor-widget-divider--element-align-left .elementor-divider-separator:before{content:none}.elementor-widget-divider--element-align-left .elementor-divider__element{margin-left:0}.elementor-widget-divider--element-align-right .elementor-divider .elementor-divider-separator>.elementor-divider__svg:last-of-type{flex-grow:0;flex-shrink:100}.elementor-widget-divider--element-align-right .elementor-divider-separator:after{content:none}.elementor-widget-divider--element-align-right .elementor-divider__element{margin-right:0}.elementor-widget-divider--element-align-start .elementor-divider .elementor-divider-separator>.elementor-divider__svg:first-of-type{flex-grow:0;flex-shrink:100}.elementor-widget-divider--element-align-start .elementor-divider-separator:before{content:none}.elementor-widget-divider--element-align-start .elementor-divider__element{margin-inline-start:0}.elementor-widget-divider--element-align-end .elementor-divider .elementor-divider-separator>.elementor-divider__svg:last-of-type{flex-grow:0;flex-shrink:100}.elementor-widget-divider--element-align-end .elementor-divider-separator:after{content:none}.elementor-widget-divider--element-align-end .elementor-divider__element{margin-inline-end:0}.elementor-widget-divider:not(.elementor-widget-divider--view-line_text):not(.elementor-widget-divider--view-line_icon) .elementor-divider-separator{border-block-start:var(--divider-border-width) var(--divider-border-style) var(--divider-color)}.elementor-widget-divider--separator-type-pattern{--divider-border-style:none}.elementor-widget-divider--separator-type-pattern.elementor-widget-divider--view-line .elementor-divider-separator,.elementor-widget-divider--separator-type-pattern:not(.elementor-widget-divider--view-line) .elementor-divider-separator:after,.elementor-widget-divider--separator-type-pattern:not(.elementor-widget-divider--view-line) .elementor-divider-separator:before,.elementor-widget-divider--separator-type-pattern:not([class*=elementor-widget-divider--view]) .elementor-divider-separator{width:100%;min-height:var(--divider-pattern-height);-webkit-mask-size:var(--divider-pattern-size) 100%;mask-size:var(--divider-pattern-size) 100%;-webkit-mask-repeat:var(--divider-pattern-repeat);mask-repeat:var(--divider-pattern-repeat);background-color:var(--divider-color);-webkit-mask-image:var(--divider-pattern-url);mask-image:var(--divider-pattern-url)}.elementor-widget-divider--no-spacing{--divider-pattern-size:auto}.elementor-widget-divider--bg-round{--divider-pattern-repeat:round}.rtl .elementor-widget-divider .elementor-divider__text{direction:rtl}.e-con-inner>.elementor-widget-divider,.e-con>.elementor-widget-divider{width:var(--container-widget-width,100%);--flex-grow:var(--container-widget-flex-grow)}<\/style>\t\t<div class=\"elementor-divider\">\n\t\t\t<span class=\"elementor-divider-separator\">\n\t\t\t\t\t\t<\/span>\n\t\t<\/div>\n\t\t\t\t<\/div>\n\t\t\t\t<\/div>\n\t\t\t\t<div class=\"elementor-element elementor-element-1c8d0aa elementor-widget elementor-widget-text-editor\" data-id=\"1c8d0aa\" data-element_type=\"widget\" data-widget_type=\"text-editor.default\">\n\t\t\t\t<div class=\"elementor-widget-container\">\n\t\t\t\t\t\t\t<p style=\"text-align: center;\"><span style=\"font-weight: 400;\">Lorsque vous tournez votre regard vers le sud, les eaux scintillantes de la mer de Marmara apparaissent, parsem\u00e9es d&rsquo;\u00eeles des Princes qui ajoutent un charme unique au paysage. Ici, la mer rencontre la ville, avec au loin la p\u00e9ninsule historique et ses monuments centenaires.<\/span><\/p>\n<p style=\"text-align: center;\"><span style=\"font-weight: 400;\">Tournez-vous vers l\u2019ouest et vous serez accueilli par la vue sur la partie europ\u00e9enne d\u2019Istanbul. Observez la vie tr\u00e9pidante le long du d\u00e9troit du Bosphore, la vibrante ligne de liaison entre l&rsquo;Europe et l&rsquo;Asie, avec des ferries laissant des tra\u00een\u00e9es blanches sur les eaux turquoise.<\/span><\/p>\n<p style=\"text-align: center;\"><span style=\"font-weight: 400;\">Chaque vue depuis la plate-forme d&rsquo;observation t\u00e9moigne de la riche diversit\u00e9 historique, culturelle et architecturale d&rsquo;Istanbul. Que vous soyez un passionn\u00e9 de photographie \u00e0 la recherche de la photo parfaite, un voyageur avide de vues in\u00e9gal\u00e9es sur la ville ou un romantique \u00e0 la recherche d&rsquo;un coucher de soleil, la plate-forme d&rsquo;observation de la tour Camlica vous promet une exp\u00e9rience inoubliable. Alors venez d\u00e9couvrir la magnifique beaut\u00e9 d\u2019Istanbul sous un angle enti\u00e8rement nouveau et spectaculaire.<\/span><\/p>\n\t\t\t\t\t\t<\/div>\n\t\t\t\t<\/div>\n\t\t\t\t\t<\/div>\n\t\t\t\t<\/div>\n\t\t<div class=\"elementor-element elementor-element-a1cf8ac e-flex e-con-boxed e-con e-parent\" data-id=\"a1cf8ac\" data-element_type=\"container\">\n\t\t\t\t\t<div class=\"e-con-inner\">\n\t\t<div class=\"elementor-element elementor-element-5dac016 e-con-full e-flex e-con e-parent\" data-id=\"5dac016\" data-element_type=\"container\">\n\t\t\t\t<div class=\"elementor-element elementor-element-96ecd9b elementor-widget elementor-widget-image\" data-id=\"96ecd9b\" data-element_type=\"widget\" data-widget_type=\"image.default\">\n\t\t\t\t<div class=\"elementor-widget-container\">\n\t\t\t\t\t\t\t\t\t\t\t\t\t<img decoding=\"async\" width=\"1024\" height=\"1024\" src=\"https:\/\/camlicatower.com\/wp-content\/uploads\/2023\/07\/seyyah-5--1024x1024.webp\" class=\"attachment-large size-large wp-image-14617\" alt=\"\" srcset=\"https:\/\/camlicatower.com\/wp-content\/uploads\/2023\/07\/seyyah-5--1024x1024.webp 1024w, https:\/\/camlicatower.com\/wp-content\/uploads\/2023\/07\/seyyah-5--300x300.webp 300w, https:\/\/camlicatower.com\/wp-content\/uploads\/2023\/07\/seyyah-5--150x150.webp 150w, https:\/\/camlicatower.com\/wp-content\/uploads\/2023\/07\/seyyah-5--1536x1536.webp 1536w, https:\/\/camlicatower.com\/wp-content\/uploads\/2023\/07\/seyyah-5--2048x2048.webp 2048w, https:\/\/camlicatower.com\/wp-content\/uploads\/2023\/07\/seyyah-5--100x100.webp 100w, https:\/\/camlicatower.com\/wp-content\/uploads\/2023\/07\/elementor\/thumbs\/seyyah-5--800x800.webp 800w, https:\/\/camlicatower.com\/wp-content\/uploads\/2023\/07\/elementor\/thumbs\/seyyah-5--400x400.webp 400w, https:\/\/camlicatower.com\/wp-content\/uploads\/2023\/07\/seyyah-5--500x500.webp 500w\" sizes=\"(max-width: 1024px) 100vw, 1024px\" \/>\t\t\t\t\t\t\t\t\t\t\t\t\t<\/div>\n\t\t\t\t<\/div>\n\t\t\t\t<\/div>\n\t\t<div class=\"elementor-element elementor-element-d46bc25 e-con-full e-flex e-con e-parent\" data-id=\"d46bc25\" data-element_type=\"container\">\n\t\t\t\t<div class=\"elementor-element elementor-element-a007fc3 elementor-widget elementor-widget-image\" data-id=\"a007fc3\" data-element_type=\"widget\" data-widget_type=\"image.default\">\n\t\t\t\t<div class=\"elementor-widget-container\">\n\t\t\t\t\t\t\t\t\t\t\t\t\t<img decoding=\"async\" width=\"1024\" height=\"1024\" src=\"https:\/\/camlicatower.com\/wp-content\/uploads\/2022\/05\/camlicatower-1024x1024.webp\" class=\"attachment-large size-large wp-image-14537\" alt=\"\" srcset=\"https:\/\/camlicatower.com\/wp-content\/uploads\/2022\/05\/camlicatower-1024x1024.webp 1024w, https:\/\/camlicatower.com\/wp-content\/uploads\/2022\/05\/camlicatower-300x300.webp 300w, https:\/\/camlicatower.com\/wp-content\/uploads\/2022\/05\/camlicatower-150x150.webp 150w, https:\/\/camlicatower.com\/wp-content\/uploads\/2022\/05\/camlicatower-1536x1536.webp 1536w, https:\/\/camlicatower.com\/wp-content\/uploads\/2022\/05\/camlicatower-2048x2048.webp 2048w, https:\/\/camlicatower.com\/wp-content\/uploads\/2022\/05\/camlicatower-100x100.webp 100w\" sizes=\"(max-width: 1024px) 100vw, 1024px\" \/>\t\t\t\t\t\t\t\t\t\t\t\t\t<\/div>\n\t\t\t\t<\/div>\n\t\t\t\t<\/div>\n\t\t\t\t\t<\/div>\n\t\t\t\t<\/div>\n\t\t\t\t<\/div>\n\t\t","protected":false},"excerpt":{"rendered":"<p>\u00c9tage d&rsquo;observation 1 (33\u00e8me \u00e9tage) D\u00e9couvrez le panorama spectaculaire d&rsquo;Istanbul sur la plate-forme d&rsquo;observation de la tour Camlica Situ\u00e9 \u00e0 une hauteur de 148,50 m\u00e8tres, au 33\u00e8me \u00e9tage de l&rsquo;impressionnante tour Camlica, vous d\u00e9couvrirez l&rsquo;une des exp\u00e9riences les plus captivantes qu&rsquo;Istanbul ait \u00e0 offrir : la plate-forme d&rsquo;observation. Ce point de vue exceptionnel offre une [&hellip;]<\/p>\n","protected":false},"author":1,"featured_media":16721,"parent":16804,"menu_order":0,"comment_status":"closed","ping_status":"closed","template":"elementor_header_footer","meta":{"footnotes":""},"class_list":["post-16835","page","type-page","status-publish","has-post-thumbnail","hentry"],"_links":{"self":[{"href":"https:\/\/camlicatower.com\/fr\/wp-json\/wp\/v2\/pages\/16835","targetHints":{"allow":["GET"]}}],"collection":[{"href":"https:\/\/camlicatower.com\/fr\/wp-json\/wp\/v2\/pages"}],"about":[{"href":"https:\/\/camlicatower.com\/fr\/wp-json\/wp\/v2\/types\/page"}],"author":[{"embeddable":true,"href":"https:\/\/camlicatower.com\/fr\/wp-json\/wp\/v2\/users\/1"}],"replies":[{"embeddable":true,"href":"https:\/\/camlicatower.com\/fr\/wp-json\/wp\/v2\/comments?post=16835"}],"version-history":[{"count":5,"href":"https:\/\/camlicatower.com\/fr\/wp-json\/wp\/v2\/pages\/16835\/revisions"}],"predecessor-version":[{"id":16842,"href":"https:\/\/camlicatower.com\/fr\/wp-json\/wp\/v2\/pages\/16835\/revisions\/16842"}],"up":[{"embeddable":true,"href":"https:\/\/camlicatower.com\/fr\/wp-json\/wp\/v2\/pages\/16804"}],"wp:featuredmedia":[{"embeddable":true,"href":"https:\/\/camlicatower.com\/fr\/wp-json\/wp\/v2\/media\/16721"}],"wp:attachment":[{"href":"https:\/\/camlicatower.com\/fr\/wp-json\/wp\/v2\/media?parent=16835"}],"curies":[{"name":"wp","href":"https:\/\/api.w.org\/{rel}","templated":true}]}}