{"id":16852,"date":"2023-08-08T09:02:14","date_gmt":"2023-08-08T09:02:14","guid":{"rendered":"https:\/\/camlicatower.com\/explore\/observation-floor-2-34th-floor\/"},"modified":"2024-04-20T23:02:59","modified_gmt":"2024-04-20T23:02:59","slug":"observation-floor-2-34th-floor","status":"publish","type":"page","link":"https:\/\/camlicatower.com\/fr\/explore\/observation-floor-2-34th-floor\/","title":{"rendered":"\u00c9tage d&rsquo;observation 2 (34e \u00e9tage)"},"content":{"rendered":"\t\t<div data-elementor-type=\"wp-page\" data-elementor-id=\"16852\" class=\"elementor elementor-16852 elementor-14999\" data-elementor-post-type=\"page\">\n\t\t\t\t<div class=\"elementor-element elementor-element-d677821 e-flex e-con-boxed e-con e-parent\" data-id=\"d677821\" data-element_type=\"container\">\n\t\t\t\t\t<div class=\"e-con-inner\">\n\t\t\t\t<div class=\"elementor-element elementor-element-209cfdf elementor-widget elementor-widget-image\" data-id=\"209cfdf\" data-element_type=\"widget\" data-widget_type=\"image.default\">\n\t\t\t\t<div class=\"elementor-widget-container\">\n\t\t\t<style>\/*! elementor - v3.21.0 - 15-04-2024 *\/\n.elementor-widget-image{text-align:center}.elementor-widget-image a{display:inline-block}.elementor-widget-image a img[src$=\".svg\"]{width:48px}.elementor-widget-image img{vertical-align:middle;display:inline-block}<\/style>\t\t\t\t\t\t\t\t\t\t<img fetchpriority=\"high\" decoding=\"async\" width=\"1512\" height=\"982\" src=\"https:\/\/camlicatower.com\/wp-content\/uploads\/2023\/08\/Dashboard-1.png\" class=\"attachment-full size-full wp-image-14967\" alt=\"\" srcset=\"https:\/\/camlicatower.com\/wp-content\/uploads\/2023\/08\/Dashboard-1.png 1512w, https:\/\/camlicatower.com\/wp-content\/uploads\/2023\/08\/Dashboard-1-768x498.png 768w, https:\/\/camlicatower.com\/wp-content\/uploads\/2023\/08\/Dashboard-1-600x389.png 600w\" sizes=\"(max-width: 1512px) 100vw, 1512px\" \/>\t\t\t\t\t\t\t\t\t\t\t\t\t<\/div>\n\t\t\t\t<\/div>\n\t\t\t\t\t<\/div>\n\t\t\t\t<\/div>\n\t\t<div class=\"elementor-element elementor-element-e544828 e-flex e-con-boxed e-con e-parent\" data-id=\"e544828\" data-element_type=\"container\">\n\t\t\t\t\t<div class=\"e-con-inner\">\n\t\t\t\t<div class=\"elementor-element elementor-element-c5a037a elementor-nav-menu__align-center elementor-nav-menu--dropdown-tablet elementor-nav-menu__text-align-aside elementor-nav-menu--toggle elementor-nav-menu--burger elementor-widget elementor-widget-nav-menu\" data-id=\"c5a037a\" data-element_type=\"widget\" data-settings=\"{&quot;layout&quot;:&quot;horizontal&quot;,&quot;submenu_icon&quot;:{&quot;value&quot;:&quot;&lt;i class=\\&quot;fas fa-caret-down\\&quot;&gt;&lt;\\\/i&gt;&quot;,&quot;library&quot;:&quot;fa-solid&quot;},&quot;toggle&quot;:&quot;burger&quot;}\" data-widget_type=\"nav-menu.default\">\n\t\t\t\t<div class=\"elementor-widget-container\">\n\t\t\t<link rel=\"stylesheet\" href=\"https:\/\/camlicatower.com\/wp-content\/uploads\/elementor\/css\/custom-pro-widget-nav-menu.min.css?ver=1766751073\">\t\t\t<nav class=\"elementor-nav-menu--main elementor-nav-menu__container elementor-nav-menu--layout-horizontal e--pointer-underline e--animation-fade\">\n\t\t\t\t<ul id=\"menu-1-c5a037a\" class=\"elementor-nav-menu\"><li class=\"menu-item menu-item-type-post_type menu-item-object-page menu-item-15014\"><a href=\"https:\/\/camlicatower.com\/explore\/\" class=\"elementor-item\">Explorer<\/a><\/li>\n<li class=\"menu-item menu-item-type-post_type menu-item-object-page menu-item-15019\"><a href=\"https:\/\/camlicatower.com\/explore\/observation-floor-1-33rd-floor\/\" class=\"elementor-item\">\u00c9tage d&rsquo;observation 1 (33e \u00e9tage)<\/a><\/li>\n<li class=\"menu-item menu-item-type-post_type menu-item-object-page menu-item-15018\"><a href=\"https:\/\/camlicatower.com\/explore\/observation-floor-2-34th-floor\/\" class=\"elementor-item\">\u00c9tage d&rsquo;observation 2 (34e \u00e9tage)<\/a><\/li>\n<li class=\"menu-item menu-item-type-post_type menu-item-object-page menu-item-15017\"><a href=\"https:\/\/camlicatower.com\/explore\/cafe-restaurant\/\" class=\"elementor-item\">Caf\u00e9 et Restaurant<\/a><\/li>\n<li class=\"menu-item menu-item-type-post_type menu-item-object-page menu-item-15016\"><a href=\"https:\/\/camlicatower.com\/explore\/mission-moon\/\" class=\"elementor-item\">Mission Lune<\/a><\/li>\n<li class=\"menu-item menu-item-type-post_type menu-item-object-page menu-item-15015\"><a href=\"https:\/\/camlicatower.com\/explore\/seyyah-360\/\" class=\"elementor-item\">Seyyah 360<\/a><\/li>\n<\/ul>\t\t\t<\/nav>\n\t\t\t\t\t<div class=\"elementor-menu-toggle\" role=\"button\" tabindex=\"0\" aria-label=\"Permuter le menu\" aria-expanded=\"false\">\n\t\t\t<i aria-hidden=\"true\" role=\"presentation\" class=\"elementor-menu-toggle__icon--open eicon-menu-bar\"><\/i><i aria-hidden=\"true\" role=\"presentation\" class=\"elementor-menu-toggle__icon--close eicon-close\"><\/i>\t\t\t<span class=\"elementor-screen-only\">Menu<\/span>\n\t\t<\/div>\n\t\t\t\t\t<nav class=\"elementor-nav-menu--dropdown elementor-nav-menu__container\" aria-hidden=\"true\">\n\t\t\t\t<ul id=\"menu-2-c5a037a\" class=\"elementor-nav-menu\"><li class=\"menu-item menu-item-type-post_type menu-item-object-page menu-item-15014\"><a href=\"https:\/\/camlicatower.com\/explore\/\" class=\"elementor-item\" tabindex=\"-1\">Explorer<\/a><\/li>\n<li class=\"menu-item menu-item-type-post_type menu-item-object-page menu-item-15019\"><a href=\"https:\/\/camlicatower.com\/explore\/observation-floor-1-33rd-floor\/\" class=\"elementor-item\" tabindex=\"-1\">\u00c9tage d&rsquo;observation 1 (33e \u00e9tage)<\/a><\/li>\n<li class=\"menu-item menu-item-type-post_type menu-item-object-page menu-item-15018\"><a href=\"https:\/\/camlicatower.com\/explore\/observation-floor-2-34th-floor\/\" class=\"elementor-item\" tabindex=\"-1\">\u00c9tage d&rsquo;observation 2 (34e \u00e9tage)<\/a><\/li>\n<li class=\"menu-item menu-item-type-post_type menu-item-object-page menu-item-15017\"><a href=\"https:\/\/camlicatower.com\/explore\/cafe-restaurant\/\" class=\"elementor-item\" tabindex=\"-1\">Caf\u00e9 et Restaurant<\/a><\/li>\n<li class=\"menu-item menu-item-type-post_type menu-item-object-page menu-item-15016\"><a href=\"https:\/\/camlicatower.com\/explore\/mission-moon\/\" class=\"elementor-item\" tabindex=\"-1\">Mission Lune<\/a><\/li>\n<li class=\"menu-item menu-item-type-post_type menu-item-object-page menu-item-15015\"><a href=\"https:\/\/camlicatower.com\/explore\/seyyah-360\/\" class=\"elementor-item\" tabindex=\"-1\">Seyyah 360<\/a><\/li>\n<\/ul>\t\t\t<\/nav>\n\t\t\t\t<\/div>\n\t\t\t\t<\/div>\n\t\t\t\t\t<\/div>\n\t\t\t\t<\/div>\n\t\t<div class=\"elementor-element elementor-element-79b5444 e-con-full e-flex e-con e-parent\" data-id=\"79b5444\" data-element_type=\"container\" data-settings=\"{&quot;background_background&quot;:&quot;gradient&quot;}\">\n\t\t<div class=\"elementor-element elementor-element-503152e e-flex e-con-boxed e-con e-parent\" data-id=\"503152e\" data-element_type=\"container\">\n\t\t\t\t\t<div class=\"e-con-inner\">\n\t\t\t\t<div class=\"elementor-element elementor-element-f1d5133 elementor-widget elementor-widget-heading\" data-id=\"f1d5133\" data-element_type=\"widget\" data-widget_type=\"heading.default\">\n\t\t\t\t<div class=\"elementor-widget-container\">\n\t\t\t<style>\/*! elementor - v3.21.0 - 15-04-2024 *\/\n.elementor-heading-title{padding:0;margin:0;line-height:1}.elementor-widget-heading .elementor-heading-title[class*=elementor-size-]>a{color:inherit;font-size:inherit;line-height:inherit}.elementor-widget-heading .elementor-heading-title.elementor-size-small{font-size:15px}.elementor-widget-heading .elementor-heading-title.elementor-size-medium{font-size:19px}.elementor-widget-heading .elementor-heading-title.elementor-size-large{font-size:29px}.elementor-widget-heading .elementor-heading-title.elementor-size-xl{font-size:39px}.elementor-widget-heading .elementor-heading-title.elementor-size-xxl{font-size:59px}<\/style><h2 class=\"elementor-heading-title elementor-size-default\">\u00c9tage d'observation 2<\/h2>\t\t<\/div>\n\t\t\t\t<\/div>\n\t\t\t\t<div class=\"elementor-element elementor-element-81d78c0 elementor-widget elementor-widget-heading\" data-id=\"81d78c0\" data-element_type=\"widget\" data-widget_type=\"heading.default\">\n\t\t\t\t<div class=\"elementor-widget-container\">\n\t\t\t<h2 class=\"elementor-heading-title elementor-size-default\">(34e \u00e9tage)<\/h2>\t\t<\/div>\n\t\t\t\t<\/div>\n\t\t\t\t\t<\/div>\n\t\t\t\t<\/div>\n\t\t\t\t<\/div>\n\t\t<div class=\"elementor-element elementor-element-58b4629 e-flex e-con-boxed e-con e-parent\" data-id=\"58b4629\" data-element_type=\"container\" data-settings=\"{&quot;background_background&quot;:&quot;classic&quot;}\">\n\t\t\t\t\t<div class=\"e-con-inner\">\n\t\t\t\t<div class=\"elementor-element elementor-element-a5f38d2 elementor-widget elementor-widget-heading\" data-id=\"a5f38d2\" data-element_type=\"widget\" data-widget_type=\"heading.default\">\n\t\t\t\t<div class=\"elementor-widget-container\">\n\t\t\t<h2 class=\"elementor-heading-title elementor-size-default\">D\u00e9couvrez Istanbul depuis de nouveaux sommets \u00e0 la tour Camlica <\/h2>\t\t<\/div>\n\t\t\t\t<\/div>\n\t\t\t\t<div class=\"elementor-element elementor-element-a69348d elementor-widget elementor-widget-text-editor\" data-id=\"a69348d\" data-element_type=\"widget\" data-widget_type=\"text-editor.default\">\n\t\t\t\t<div class=\"elementor-widget-container\">\n\t\t\t<style>\/*! elementor - v3.21.0 - 15-04-2024 *\/\n.elementor-widget-text-editor.elementor-drop-cap-view-stacked .elementor-drop-cap{background-color:#69727d;color:#fff}.elementor-widget-text-editor.elementor-drop-cap-view-framed .elementor-drop-cap{color:#69727d;border:3px solid;background-color:transparent}.elementor-widget-text-editor:not(.elementor-drop-cap-view-default) .elementor-drop-cap{margin-top:8px}.elementor-widget-text-editor:not(.elementor-drop-cap-view-default) .elementor-drop-cap-letter{width:1em;height:1em}.elementor-widget-text-editor .elementor-drop-cap{float:left;text-align:center;line-height:1;font-size:50px}.elementor-widget-text-editor .elementor-drop-cap-letter{display:inline-block}<\/style>\t\t\t\t<p style=\"text-align: center;\">Perch\u00e9e \u00e0 une hauteur \u00e9tonnante de 153 m\u00e8tres, au 34\u00e8me \u00e9tage de la tour Camlica, se trouve la plate-forme d&rsquo;observation 2, un \u00e9l\u00e9ment impressionnant de la tour. C&rsquo;est ici que les visiteurs ont droit \u00e0 une vue fascinante \u00e0 360 degr\u00e9s sur la captivante ville d&rsquo;Istanbul.<\/p>\n<p style=\"text-align: center;\">\u00c0 chaque tour, l&rsquo;Observation Deck 2 d\u00e9voile un visage diff\u00e9rent d&rsquo;Istanbul. Chaque direction raconte une histoire diff\u00e9rente, permettant aux visiteurs d\u2019appr\u00e9cier la diversit\u00e9 et la beaut\u00e9 de la ville. Le pont offre une vue plongeante qui r\u00e9v\u00e8le l&rsquo;harmonie distincte entre l&rsquo;h\u00e9ritage historique d&rsquo;Istanbul et son dynamisme moderne.<\/p>\n<p style=\"text-align: center;\">Orient\u00e9 Nord, le regard est attir\u00e9 par le beau m\u00e9lange de verdure luxuriante et de structures architecturales modernes. La vue de vastes for\u00eats coexistant avec une ville anim\u00e9e t\u00e9moigne v\u00e9ritablement de la composition urbaine unique d&rsquo;Istanbul.<\/p>\n\t\t\t\t\t\t<\/div>\n\t\t\t\t<\/div>\n\t\t\t\t<div class=\"elementor-element elementor-element-96a697a elementor-widget-divider--view-line elementor-widget elementor-widget-divider\" data-id=\"96a697a\" data-element_type=\"widget\" data-widget_type=\"divider.default\">\n\t\t\t\t<div class=\"elementor-widget-container\">\n\t\t\t<style>\/*! elementor - v3.21.0 - 15-04-2024 *\/\n.elementor-widget-divider{--divider-border-style:none;--divider-border-width:1px;--divider-color:#0c0d0e;--divider-icon-size:20px;--divider-element-spacing:10px;--divider-pattern-height:24px;--divider-pattern-size:20px;--divider-pattern-url:none;--divider-pattern-repeat:repeat-x}.elementor-widget-divider .elementor-divider{display:flex}.elementor-widget-divider .elementor-divider__text{font-size:15px;line-height:1;max-width:95%}.elementor-widget-divider .elementor-divider__element{margin:0 var(--divider-element-spacing);flex-shrink:0}.elementor-widget-divider .elementor-icon{font-size:var(--divider-icon-size)}.elementor-widget-divider .elementor-divider-separator{display:flex;margin:0;direction:ltr}.elementor-widget-divider--view-line_icon .elementor-divider-separator,.elementor-widget-divider--view-line_text .elementor-divider-separator{align-items:center}.elementor-widget-divider--view-line_icon .elementor-divider-separator:after,.elementor-widget-divider--view-line_icon .elementor-divider-separator:before,.elementor-widget-divider--view-line_text .elementor-divider-separator:after,.elementor-widget-divider--view-line_text .elementor-divider-separator:before{display:block;content:\"\";border-block-end:0;flex-grow:1;border-block-start:var(--divider-border-width) var(--divider-border-style) var(--divider-color)}.elementor-widget-divider--element-align-left .elementor-divider .elementor-divider-separator>.elementor-divider__svg:first-of-type{flex-grow:0;flex-shrink:100}.elementor-widget-divider--element-align-left .elementor-divider-separator:before{content:none}.elementor-widget-divider--element-align-left .elementor-divider__element{margin-left:0}.elementor-widget-divider--element-align-right .elementor-divider .elementor-divider-separator>.elementor-divider__svg:last-of-type{flex-grow:0;flex-shrink:100}.elementor-widget-divider--element-align-right .elementor-divider-separator:after{content:none}.elementor-widget-divider--element-align-right .elementor-divider__element{margin-right:0}.elementor-widget-divider--element-align-start .elementor-divider .elementor-divider-separator>.elementor-divider__svg:first-of-type{flex-grow:0;flex-shrink:100}.elementor-widget-divider--element-align-start .elementor-divider-separator:before{content:none}.elementor-widget-divider--element-align-start .elementor-divider__element{margin-inline-start:0}.elementor-widget-divider--element-align-end .elementor-divider .elementor-divider-separator>.elementor-divider__svg:last-of-type{flex-grow:0;flex-shrink:100}.elementor-widget-divider--element-align-end .elementor-divider-separator:after{content:none}.elementor-widget-divider--element-align-end .elementor-divider__element{margin-inline-end:0}.elementor-widget-divider:not(.elementor-widget-divider--view-line_text):not(.elementor-widget-divider--view-line_icon) .elementor-divider-separator{border-block-start:var(--divider-border-width) var(--divider-border-style) var(--divider-color)}.elementor-widget-divider--separator-type-pattern{--divider-border-style:none}.elementor-widget-divider--separator-type-pattern.elementor-widget-divider--view-line .elementor-divider-separator,.elementor-widget-divider--separator-type-pattern:not(.elementor-widget-divider--view-line) .elementor-divider-separator:after,.elementor-widget-divider--separator-type-pattern:not(.elementor-widget-divider--view-line) .elementor-divider-separator:before,.elementor-widget-divider--separator-type-pattern:not([class*=elementor-widget-divider--view]) .elementor-divider-separator{width:100%;min-height:var(--divider-pattern-height);-webkit-mask-size:var(--divider-pattern-size) 100%;mask-size:var(--divider-pattern-size) 100%;-webkit-mask-repeat:var(--divider-pattern-repeat);mask-repeat:var(--divider-pattern-repeat);background-color:var(--divider-color);-webkit-mask-image:var(--divider-pattern-url);mask-image:var(--divider-pattern-url)}.elementor-widget-divider--no-spacing{--divider-pattern-size:auto}.elementor-widget-divider--bg-round{--divider-pattern-repeat:round}.rtl .elementor-widget-divider .elementor-divider__text{direction:rtl}.e-con-inner>.elementor-widget-divider,.e-con>.elementor-widget-divider{width:var(--container-widget-width,100%);--flex-grow:var(--container-widget-flex-grow)}<\/style>\t\t<div class=\"elementor-divider\">\n\t\t\t<span class=\"elementor-divider-separator\">\n\t\t\t\t\t\t<\/span>\n\t\t<\/div>\n\t\t\t\t<\/div>\n\t\t\t\t<\/div>\n\t\t\t\t<div class=\"elementor-element elementor-element-f210fb5 elementor-widget elementor-widget-text-editor\" data-id=\"f210fb5\" data-element_type=\"widget\" data-widget_type=\"text-editor.default\">\n\t\t\t\t<div class=\"elementor-widget-container\">\n\t\t\t\t\t\t\t<p style=\"text-align: center;\"><span style=\"font-weight: 400;\">\u00c0 l\u2019est, la vue s\u2019ouvre pour r\u00e9v\u00e9ler la riche tapisserie de la partie asiatique d\u2019Istanbul. Ici, le pass\u00e9 et le pr\u00e9sent coexistent, refl\u00e9t\u00e9s dans le paysage qui pr\u00e9sente \u00e0 la fois des d\u00e9veloppements contemporains et des monuments historiques.<\/span><\/p>\n<p><span style=\"font-weight: 400;\">La vue vers le sud offre un panorama \u00e9poustouflant sur la mer \u00e9tincelante de Marmara, parsem\u00e9e des \u00eeles des Princes. \u00c0 l&rsquo;horizon, la silhouette de la p\u00e9ninsule historique d&rsquo;Istanbul, avec ses monuments embl\u00e9matiques, conf\u00e8re \u00e0 la sc\u00e8ne une allure intemporelle.<\/span><\/p>\n<p><span style=\"font-weight: 400;\">Lorsque vous tournez vers l&rsquo;ouest, vous \u00eates accueilli par le c\u0153ur palpitant d&rsquo;Istanbul &#8211; le c\u00f4t\u00e9 europ\u00e9en de la ville, avec le d\u00e9troit du Bosphore qui trace un chemin sinueux entre deux continents. Soyez t\u00e9moin du mouvement incessant des navires sur les eaux turquoise, tissant un motif en constante \u00e9volution sur fond de paysage urbain.<\/span><\/p>\n<p><span style=\"font-weight: 400;\">La plate-forme d&rsquo;observation 2 offre une opportunit\u00e9 in\u00e9gal\u00e9e de comprendre la magnificence g\u00e9ographique et architecturale d&rsquo;Istanbul dans son int\u00e9gralit\u00e9. Que vous soyez un voyageur \u00e0 la recherche d&rsquo;une vue inoubliable, un photographe \u00e0 la recherche de la photo d&rsquo;horizon parfaite ou simplement quelqu&rsquo;un qui appr\u00e9cie les paysages urbains exceptionnels, la deuxi\u00e8me plate-forme d&rsquo;observation de la tour Camlica est une exp\u00e9rience \u00e0 ne pas manquer. Rejoignez-nous et savourez le panorama envo\u00fbtant d&rsquo;Istanbul comme jamais auparavant.\u00a0\u00bb<\/span><\/p>\n\t\t\t\t\t\t<\/div>\n\t\t\t\t<\/div>\n\t\t\t\t\t<\/div>\n\t\t\t\t<\/div>\n\t\t<div class=\"elementor-element elementor-element-8112cb2 e-flex e-con-boxed e-con e-parent\" data-id=\"8112cb2\" data-element_type=\"container\">\n\t\t\t\t\t<div class=\"e-con-inner\">\n\t\t<div class=\"elementor-element elementor-element-d124c80 e-con-full e-flex e-con e-parent\" data-id=\"d124c80\" data-element_type=\"container\">\n\t\t\t\t<div class=\"elementor-element elementor-element-b13da3a elementor-widget elementor-widget-image\" data-id=\"b13da3a\" data-element_type=\"widget\" data-widget_type=\"image.default\">\n\t\t\t\t<div class=\"elementor-widget-container\">\n\t\t\t\t\t\t\t\t\t\t\t\t\t<img decoding=\"async\" width=\"1024\" height=\"1024\" src=\"https:\/\/camlicatower.com\/wp-content\/uploads\/2022\/05\/camlicatower-1024x1024.webp\" class=\"attachment-large size-large wp-image-14537\" alt=\"\" srcset=\"https:\/\/camlicatower.com\/wp-content\/uploads\/2022\/05\/camlicatower-1024x1024.webp 1024w, https:\/\/camlicatower.com\/wp-content\/uploads\/2022\/05\/camlicatower-300x300.webp 300w, https:\/\/camlicatower.com\/wp-content\/uploads\/2022\/05\/camlicatower-150x150.webp 150w, https:\/\/camlicatower.com\/wp-content\/uploads\/2022\/05\/camlicatower-1536x1536.webp 1536w, https:\/\/camlicatower.com\/wp-content\/uploads\/2022\/05\/camlicatower-2048x2048.webp 2048w, https:\/\/camlicatower.com\/wp-content\/uploads\/2022\/05\/camlicatower-100x100.webp 100w\" sizes=\"(max-width: 1024px) 100vw, 1024px\" \/>\t\t\t\t\t\t\t\t\t\t\t\t\t<\/div>\n\t\t\t\t<\/div>\n\t\t\t\t<\/div>\n\t\t<div class=\"elementor-element elementor-element-3b4752d e-con-full e-flex e-con e-parent\" data-id=\"3b4752d\" data-element_type=\"container\">\n\t\t\t\t<div class=\"elementor-element elementor-element-9dba38b elementor-widget elementor-widget-image\" data-id=\"9dba38b\" data-element_type=\"widget\" data-widget_type=\"image.default\">\n\t\t\t\t<div class=\"elementor-widget-container\">\n\t\t\t\t\t\t\t\t\t\t\t\t\t<img decoding=\"async\" width=\"1024\" height=\"1024\" src=\"https:\/\/camlicatower.com\/wp-content\/uploads\/2022\/05\/camlica-tower-1-1024x1024.webp\" class=\"attachment-large size-large wp-image-14533\" alt=\"\" srcset=\"https:\/\/camlicatower.com\/wp-content\/uploads\/2022\/05\/camlica-tower-1-1024x1024.webp 1024w, https:\/\/camlicatower.com\/wp-content\/uploads\/2022\/05\/camlica-tower-1-300x300.webp 300w, https:\/\/camlicatower.com\/wp-content\/uploads\/2022\/05\/camlica-tower-1-150x150.webp 150w, https:\/\/camlicatower.com\/wp-content\/uploads\/2022\/05\/camlica-tower-1-1536x1536.webp 1536w, https:\/\/camlicatower.com\/wp-content\/uploads\/2022\/05\/camlica-tower-1-2048x2048.webp 2048w, https:\/\/camlicatower.com\/wp-content\/uploads\/2022\/05\/camlica-tower-1-100x100.webp 100w\" sizes=\"(max-width: 1024px) 100vw, 1024px\" \/>\t\t\t\t\t\t\t\t\t\t\t\t\t<\/div>\n\t\t\t\t<\/div>\n\t\t\t\t<\/div>\n\t\t\t\t\t<\/div>\n\t\t\t\t<\/div>\n\t\t\t\t<\/div>\n\t\t","protected":false},"excerpt":{"rendered":"<p>\u00c9tage d&rsquo;observation 2 (34e \u00e9tage) D\u00e9couvrez Istanbul depuis de nouveaux sommets \u00e0 la tour Camlica Perch\u00e9e \u00e0 une hauteur \u00e9tonnante de 153 m\u00e8tres, au 34\u00e8me \u00e9tage de la tour Camlica, se trouve la plate-forme d&rsquo;observation 2, un \u00e9l\u00e9ment impressionnant de la tour. C&rsquo;est ici que les visiteurs ont droit \u00e0 une vue fascinante \u00e0 360 [&hellip;]<\/p>\n","protected":false},"author":1,"featured_media":0,"parent":16804,"menu_order":0,"comment_status":"closed","ping_status":"closed","template":"elementor_header_footer","meta":{"footnotes":""},"class_list":["post-16852","page","type-page","status-publish","has-post-thumbnail","hentry"],"_links":{"self":[{"href":"https:\/\/camlicatower.com\/fr\/wp-json\/wp\/v2\/pages\/16852","targetHints":{"allow":["GET"]}}],"collection":[{"href":"https:\/\/camlicatower.com\/fr\/wp-json\/wp\/v2\/pages"}],"about":[{"href":"https:\/\/camlicatower.com\/fr\/wp-json\/wp\/v2\/types\/page"}],"author":[{"embeddable":true,"href":"https:\/\/camlicatower.com\/fr\/wp-json\/wp\/v2\/users\/1"}],"replies":[{"embeddable":true,"href":"https:\/\/camlicatower.com\/fr\/wp-json\/wp\/v2\/comments?post=16852"}],"version-history":[{"count":5,"href":"https:\/\/camlicatower.com\/fr\/wp-json\/wp\/v2\/pages\/16852\/revisions"}],"predecessor-version":[{"id":16859,"href":"https:\/\/camlicatower.com\/fr\/wp-json\/wp\/v2\/pages\/16852\/revisions\/16859"}],"up":[{"embeddable":true,"href":"https:\/\/camlicatower.com\/fr\/wp-json\/wp\/v2\/pages\/16804"}],"wp:attachment":[{"href":"https:\/\/camlicatower.com\/fr\/wp-json\/wp\/v2\/media?parent=16852"}],"curies":[{"name":"wp","href":"https:\/\/api.w.org\/{rel}","templated":true}]}}