{"id":16934,"date":"2023-08-08T09:21:28","date_gmt":"2023-08-08T09:21:28","guid":{"rendered":"https:\/\/camlicatower.com\/explore\/seyyah-360\/"},"modified":"2024-04-22T23:20:26","modified_gmt":"2024-04-22T23:20:26","slug":"seyyah-360","status":"publish","type":"page","link":"https:\/\/camlicatower.com\/fr\/explore\/seyyah-360\/","title":{"rendered":"Seyyah 360"},"content":{"rendered":"\t\t<div data-elementor-type=\"wp-page\" data-elementor-id=\"16934\" class=\"elementor elementor-16934 elementor-15012\" data-elementor-post-type=\"page\">\n\t\t\t\t<div class=\"elementor-element elementor-element-03a3550 e-flex e-con-boxed e-con e-parent\" data-id=\"03a3550\" data-element_type=\"container\">\n\t\t\t\t\t<div class=\"e-con-inner\">\n\t\t\t\t<div class=\"elementor-element elementor-element-bcab73d elementor-widget elementor-widget-image\" data-id=\"bcab73d\" data-element_type=\"widget\" data-widget_type=\"image.default\">\n\t\t\t\t<div class=\"elementor-widget-container\">\n\t\t\t<style>\/*! elementor - v3.21.0 - 15-04-2024 *\/\n.elementor-widget-image{text-align:center}.elementor-widget-image a{display:inline-block}.elementor-widget-image a img[src$=\".svg\"]{width:48px}.elementor-widget-image img{vertical-align:middle;display:inline-block}<\/style>\t\t\t\t\t\t\t\t\t\t<img fetchpriority=\"high\" decoding=\"async\" width=\"1512\" height=\"982\" src=\"https:\/\/camlicatower.com\/wp-content\/uploads\/2023\/08\/Dashboard-1.png\" class=\"attachment-full size-full wp-image-14967\" alt=\"\" srcset=\"https:\/\/camlicatower.com\/wp-content\/uploads\/2023\/08\/Dashboard-1.png 1512w, https:\/\/camlicatower.com\/wp-content\/uploads\/2023\/08\/Dashboard-1-768x498.png 768w, https:\/\/camlicatower.com\/wp-content\/uploads\/2023\/08\/Dashboard-1-600x389.png 600w\" sizes=\"(max-width: 1512px) 100vw, 1512px\" \/>\t\t\t\t\t\t\t\t\t\t\t\t\t<\/div>\n\t\t\t\t<\/div>\n\t\t\t\t\t<\/div>\n\t\t\t\t<\/div>\n\t\t<div class=\"elementor-element elementor-element-a42fab4 e-flex e-con-boxed e-con e-parent\" data-id=\"a42fab4\" data-element_type=\"container\">\n\t\t\t\t\t<div class=\"e-con-inner\">\n\t\t\t\t<div class=\"elementor-element elementor-element-1a74fbf elementor-nav-menu__align-center elementor-nav-menu--dropdown-tablet elementor-nav-menu__text-align-aside elementor-nav-menu--toggle elementor-nav-menu--burger elementor-widget elementor-widget-nav-menu\" data-id=\"1a74fbf\" data-element_type=\"widget\" data-settings=\"{&quot;layout&quot;:&quot;horizontal&quot;,&quot;submenu_icon&quot;:{&quot;value&quot;:&quot;&lt;i class=\\&quot;fas fa-caret-down\\&quot;&gt;&lt;\\\/i&gt;&quot;,&quot;library&quot;:&quot;fa-solid&quot;},&quot;toggle&quot;:&quot;burger&quot;}\" data-widget_type=\"nav-menu.default\">\n\t\t\t\t<div class=\"elementor-widget-container\">\n\t\t\t<link rel=\"stylesheet\" href=\"https:\/\/camlicatower.com\/wp-content\/uploads\/elementor\/css\/custom-pro-widget-nav-menu.min.css?ver=1766751073\">\t\t\t<nav class=\"elementor-nav-menu--main elementor-nav-menu__container elementor-nav-menu--layout-horizontal e--pointer-underline e--animation-fade\">\n\t\t\t\t<ul id=\"menu-1-1a74fbf\" class=\"elementor-nav-menu\"><li class=\"menu-item menu-item-type-post_type menu-item-object-page menu-item-15014\"><a href=\"https:\/\/camlicatower.com\/explore\/\" class=\"elementor-item\">Explorer<\/a><\/li>\n<li class=\"menu-item menu-item-type-post_type menu-item-object-page menu-item-15019\"><a href=\"https:\/\/camlicatower.com\/explore\/observation-floor-1-33rd-floor\/\" class=\"elementor-item\">\u00c9tage d&rsquo;observation 1 (33e \u00e9tage)<\/a><\/li>\n<li class=\"menu-item menu-item-type-post_type menu-item-object-page menu-item-15018\"><a href=\"https:\/\/camlicatower.com\/explore\/observation-floor-2-34th-floor\/\" class=\"elementor-item\">\u00c9tage d&rsquo;observation 2 (34e \u00e9tage)<\/a><\/li>\n<li class=\"menu-item menu-item-type-post_type menu-item-object-page menu-item-15017\"><a href=\"https:\/\/camlicatower.com\/explore\/cafe-restaurant\/\" class=\"elementor-item\">Caf\u00e9 et Restaurant<\/a><\/li>\n<li class=\"menu-item menu-item-type-post_type menu-item-object-page menu-item-15016\"><a href=\"https:\/\/camlicatower.com\/explore\/mission-moon\/\" class=\"elementor-item\">Mission Lune<\/a><\/li>\n<li class=\"menu-item menu-item-type-post_type menu-item-object-page menu-item-15015\"><a href=\"https:\/\/camlicatower.com\/explore\/seyyah-360\/\" class=\"elementor-item\">Seyyah 360<\/a><\/li>\n<\/ul>\t\t\t<\/nav>\n\t\t\t\t\t<div class=\"elementor-menu-toggle\" role=\"button\" tabindex=\"0\" aria-label=\"Permuter le menu\" aria-expanded=\"false\">\n\t\t\t<i aria-hidden=\"true\" role=\"presentation\" class=\"elementor-menu-toggle__icon--open eicon-menu-bar\"><\/i><i aria-hidden=\"true\" role=\"presentation\" class=\"elementor-menu-toggle__icon--close eicon-close\"><\/i>\t\t\t<span class=\"elementor-screen-only\">Menu<\/span>\n\t\t<\/div>\n\t\t\t\t\t<nav class=\"elementor-nav-menu--dropdown elementor-nav-menu__container\" aria-hidden=\"true\">\n\t\t\t\t<ul id=\"menu-2-1a74fbf\" class=\"elementor-nav-menu\"><li class=\"menu-item menu-item-type-post_type menu-item-object-page menu-item-15014\"><a href=\"https:\/\/camlicatower.com\/explore\/\" class=\"elementor-item\" tabindex=\"-1\">Explorer<\/a><\/li>\n<li class=\"menu-item menu-item-type-post_type menu-item-object-page menu-item-15019\"><a href=\"https:\/\/camlicatower.com\/explore\/observation-floor-1-33rd-floor\/\" class=\"elementor-item\" tabindex=\"-1\">\u00c9tage d&rsquo;observation 1 (33e \u00e9tage)<\/a><\/li>\n<li class=\"menu-item menu-item-type-post_type menu-item-object-page menu-item-15018\"><a href=\"https:\/\/camlicatower.com\/explore\/observation-floor-2-34th-floor\/\" class=\"elementor-item\" tabindex=\"-1\">\u00c9tage d&rsquo;observation 2 (34e \u00e9tage)<\/a><\/li>\n<li class=\"menu-item menu-item-type-post_type menu-item-object-page menu-item-15017\"><a href=\"https:\/\/camlicatower.com\/explore\/cafe-restaurant\/\" class=\"elementor-item\" tabindex=\"-1\">Caf\u00e9 et Restaurant<\/a><\/li>\n<li class=\"menu-item menu-item-type-post_type menu-item-object-page menu-item-15016\"><a href=\"https:\/\/camlicatower.com\/explore\/mission-moon\/\" class=\"elementor-item\" tabindex=\"-1\">Mission Lune<\/a><\/li>\n<li class=\"menu-item menu-item-type-post_type menu-item-object-page menu-item-15015\"><a href=\"https:\/\/camlicatower.com\/explore\/seyyah-360\/\" class=\"elementor-item\" tabindex=\"-1\">Seyyah 360<\/a><\/li>\n<\/ul>\t\t\t<\/nav>\n\t\t\t\t<\/div>\n\t\t\t\t<\/div>\n\t\t\t\t\t<\/div>\n\t\t\t\t<\/div>\n\t\t<div class=\"elementor-element elementor-element-ad23a5d e-flex e-con-boxed e-con e-parent\" data-id=\"ad23a5d\" data-element_type=\"container\" data-settings=\"{&quot;background_background&quot;:&quot;gradient&quot;}\">\n\t\t\t\t\t<div class=\"e-con-inner\">\n\t\t<div class=\"elementor-element elementor-element-9ecd1ba e-flex e-con-boxed e-con e-parent\" data-id=\"9ecd1ba\" data-element_type=\"container\">\n\t\t\t\t\t<div class=\"e-con-inner\">\n\t\t\t\t<div class=\"elementor-element elementor-element-020e242 elementor-widget elementor-widget-heading\" data-id=\"020e242\" data-element_type=\"widget\" data-widget_type=\"heading.default\">\n\t\t\t\t<div class=\"elementor-widget-container\">\n\t\t\t<style>\/*! elementor - v3.21.0 - 15-04-2024 *\/\n.elementor-heading-title{padding:0;margin:0;line-height:1}.elementor-widget-heading .elementor-heading-title[class*=elementor-size-]>a{color:inherit;font-size:inherit;line-height:inherit}.elementor-widget-heading .elementor-heading-title.elementor-size-small{font-size:15px}.elementor-widget-heading .elementor-heading-title.elementor-size-medium{font-size:19px}.elementor-widget-heading .elementor-heading-title.elementor-size-large{font-size:29px}.elementor-widget-heading .elementor-heading-title.elementor-size-xl{font-size:39px}.elementor-widget-heading .elementor-heading-title.elementor-size-xxl{font-size:59px}<\/style><h2 class=\"elementor-heading-title elementor-size-default\">Seyyah 360<\/h2>\t\t<\/div>\n\t\t\t\t<\/div>\n\t\t\t\t\t<\/div>\n\t\t\t\t<\/div>\n\t\t\t\t\t<\/div>\n\t\t\t\t<\/div>\n\t\t<div class=\"elementor-element elementor-element-ec3c2ae e-flex e-con-boxed e-con e-parent\" data-id=\"ec3c2ae\" data-element_type=\"container\" data-settings=\"{&quot;background_background&quot;:&quot;classic&quot;}\">\n\t\t\t\t\t<div class=\"e-con-inner\">\n\t\t\t\t<div class=\"elementor-element elementor-element-54ad4ce elementor-widget elementor-widget-heading\" data-id=\"54ad4ce\" data-element_type=\"widget\" data-widget_type=\"heading.default\">\n\t\t\t\t<div class=\"elementor-widget-container\">\n\t\t\t<h2 class=\"elementor-heading-title elementor-size-default\">Plongez dans la beaut\u00e9 d'Istanbul avec Seyyah 360 \u00e0 la tour Camlica\n<\/h2>\t\t<\/div>\n\t\t\t\t<\/div>\n\t\t\t\t<div class=\"elementor-element elementor-element-747aebb elementor-widget elementor-widget-text-editor\" data-id=\"747aebb\" data-element_type=\"widget\" data-widget_type=\"text-editor.default\">\n\t\t\t\t<div class=\"elementor-widget-container\">\n\t\t\t<style>\/*! elementor - v3.21.0 - 15-04-2024 *\/\n.elementor-widget-text-editor.elementor-drop-cap-view-stacked .elementor-drop-cap{background-color:#69727d;color:#fff}.elementor-widget-text-editor.elementor-drop-cap-view-framed .elementor-drop-cap{color:#69727d;border:3px solid;background-color:transparent}.elementor-widget-text-editor:not(.elementor-drop-cap-view-default) .elementor-drop-cap{margin-top:8px}.elementor-widget-text-editor:not(.elementor-drop-cap-view-default) .elementor-drop-cap-letter{width:1em;height:1em}.elementor-widget-text-editor .elementor-drop-cap{float:left;text-align:center;line-height:1;font-size:50px}.elementor-widget-text-editor .elementor-drop-cap-letter{display:inline-block}<\/style>\t\t\t\t<p style=\"text-align: center;\"><span style=\"font-weight: 400;\">D\u00e9couvrez le charme \u00e0 couper le souffle d&rsquo;Istanbul comme jamais auparavant avec Seyyah 360. Install\u00e9 dans l&#8217;embl\u00e9matique tour Camlica, Seyyah 360 offre une exp\u00e9rience cin\u00e9matographique multidimensionnelle qui vous emm\u00e8ne dans un voyage inoubliable \u00e0 travers les magnifiques paysages d&rsquo;Istanbul, le tout dans le confort de votre si\u00e8ge.<\/span><\/p>\n<p style=\"text-align: center;\"><span style=\"font-weight: 400;\">Pr\u00e9parez-vous \u00e0 survoler les toits de la ville et \u00e0 admirer toutes les merveilles qu&rsquo;Istanbul a \u00e0 offrir. Avec Seyyah 360, vous aurez l&rsquo;impression de v\u00e9ritablement survoler Istanbul, en savourant une vue plongeante sur ses monuments majestueux, ses quartiers historiques et ses eaux scintillantes.<\/span><\/p>\n<p style=\"text-align: center;\"><span style=\"font-weight: 400;\">La technologie cin\u00e9matographique de pointe de Seyyah 360 cr\u00e9e une exp\u00e9rience immersive qui met la magie de la ville sous vos yeux. Regardez Istanbul se d\u00e9rouler sous vos yeux et savourez le plaisir d&rsquo;explorer ses coins et recoins sous un angle sans pareil.<\/span><\/p>\n<p style=\"text-align: center;\"><span style=\"font-weight: 400;\">Rejoignez-nous \u00e0 la tour Camlica et vivez le voyage fascinant de Seyyah 360. C&rsquo;est une occasion unique de profiter d&rsquo;une visite d&rsquo;Istanbul sans quitter votre si\u00e8ge, une aventure qui vous laissera une appr\u00e9ciation encore plus profonde de cette ville intemporelle.<\/span><\/p>\n\t\t\t\t\t\t<\/div>\n\t\t\t\t<\/div>\n\t\t\t\t<div class=\"elementor-element elementor-element-993c4ae elementor-align-center elementor-widget elementor-widget-button\" data-id=\"993c4ae\" data-element_type=\"widget\" data-widget_type=\"button.default\">\n\t\t\t\t<div class=\"elementor-widget-container\">\n\t\t\t\t\t<div class=\"elementor-button-wrapper\">\n\t\t\t<a class=\"elementor-button elementor-button-link elementor-size-sm\" href=\"http:\/\/camlicatower.com\/prices-times\/\">\n\t\t\t\t\t\t<span class=\"elementor-button-content-wrapper\">\n\t\t\t\t\t\t\t\t\t<span class=\"elementor-button-text\">V\u00e9rifiez vos billets group\u00e9s avec Mission Moon <\/span>\n\t\t\t\t\t<\/span>\n\t\t\t\t\t<\/a>\n\t\t<\/div>\n\t\t\t\t<\/div>\n\t\t\t\t<\/div>\n\t\t\t\t\t<\/div>\n\t\t\t\t<\/div>\n\t\t<div class=\"elementor-element elementor-element-9404525 e-flex e-con-boxed e-con e-parent\" data-id=\"9404525\" data-element_type=\"container\">\n\t\t\t\t\t<div class=\"e-con-inner\">\n\t\t<div class=\"elementor-element elementor-element-da1f6f7 e-con-full e-flex e-con e-parent\" data-id=\"da1f6f7\" data-element_type=\"container\">\n\t\t\t\t<div class=\"elementor-element elementor-element-a7e3aa2 elementor-widget elementor-widget-image\" data-id=\"a7e3aa2\" data-element_type=\"widget\" data-widget_type=\"image.default\">\n\t\t\t\t<div class=\"elementor-widget-container\">\n\t\t\t\t\t\t\t\t\t\t\t\t\t<img decoding=\"async\" width=\"1024\" height=\"1024\" src=\"https:\/\/camlicatower.com\/wp-content\/uploads\/2023\/08\/seyyah-360-1024x1024.png\" class=\"attachment-large size-large wp-image-15347\" alt=\"\" srcset=\"https:\/\/camlicatower.com\/wp-content\/uploads\/2023\/08\/seyyah-360-1024x1024.png 1024w, https:\/\/camlicatower.com\/wp-content\/uploads\/2023\/08\/seyyah-360-300x300.png 300w, https:\/\/camlicatower.com\/wp-content\/uploads\/2023\/08\/seyyah-360-150x150.png 150w, https:\/\/camlicatower.com\/wp-content\/uploads\/2023\/08\/seyyah-360-1536x1536.png 1536w, https:\/\/camlicatower.com\/wp-content\/uploads\/2023\/08\/seyyah-360-2048x2048.png 2048w, https:\/\/camlicatower.com\/wp-content\/uploads\/2023\/08\/seyyah-360-100x100.png 100w\" sizes=\"(max-width: 1024px) 100vw, 1024px\" \/>\t\t\t\t\t\t\t\t\t\t\t\t\t<\/div>\n\t\t\t\t<\/div>\n\t\t\t\t<\/div>\n\t\t<div class=\"elementor-element elementor-element-286530c e-con-full e-flex e-con e-parent\" data-id=\"286530c\" data-element_type=\"container\">\n\t\t\t\t<div class=\"elementor-element elementor-element-16df04e elementor-widget elementor-widget-image\" data-id=\"16df04e\" data-element_type=\"widget\" data-widget_type=\"image.default\">\n\t\t\t\t<div class=\"elementor-widget-container\">\n\t\t\t\t\t\t\t\t\t\t\t\t\t<img decoding=\"async\" width=\"1024\" height=\"1024\" src=\"https:\/\/camlicatower.com\/wp-content\/uploads\/2023\/08\/seyyah-4-1024x1024.png\" class=\"attachment-large size-large wp-image-15353\" alt=\"\" srcset=\"https:\/\/camlicatower.com\/wp-content\/uploads\/2023\/08\/seyyah-4-1024x1024.png 1024w, https:\/\/camlicatower.com\/wp-content\/uploads\/2023\/08\/seyyah-4-300x300.png 300w, https:\/\/camlicatower.com\/wp-content\/uploads\/2023\/08\/seyyah-4-150x150.png 150w, https:\/\/camlicatower.com\/wp-content\/uploads\/2023\/08\/seyyah-4-1536x1536.png 1536w, https:\/\/camlicatower.com\/wp-content\/uploads\/2023\/08\/seyyah-4-2048x2048.png 2048w, https:\/\/camlicatower.com\/wp-content\/uploads\/2023\/08\/seyyah-4-100x100.png 100w\" sizes=\"(max-width: 1024px) 100vw, 1024px\" \/>\t\t\t\t\t\t\t\t\t\t\t\t\t<\/div>\n\t\t\t\t<\/div>\n\t\t\t\t<\/div>\n\t\t\t\t\t<\/div>\n\t\t\t\t<\/div>\n\t\t\t\t<\/div>\n\t\t","protected":false},"excerpt":{"rendered":"<p>Seyyah 360 Plongez dans la beaut\u00e9 d&rsquo;Istanbul avec Seyyah 360 \u00e0 la tour Camlica D\u00e9couvrez le charme \u00e0 couper le souffle d&rsquo;Istanbul comme jamais auparavant avec Seyyah 360. Install\u00e9 dans l&#8217;embl\u00e9matique tour Camlica, Seyyah 360 offre une exp\u00e9rience cin\u00e9matographique multidimensionnelle qui vous emm\u00e8ne dans un voyage inoubliable \u00e0 travers les magnifiques paysages d&rsquo;Istanbul, le tout [&hellip;]<\/p>\n","protected":false},"author":1,"featured_media":16721,"parent":16804,"menu_order":0,"comment_status":"closed","ping_status":"closed","template":"elementor_header_footer","meta":{"footnotes":""},"class_list":["post-16934","page","type-page","status-publish","has-post-thumbnail","hentry"],"_links":{"self":[{"href":"https:\/\/camlicatower.com\/fr\/wp-json\/wp\/v2\/pages\/16934","targetHints":{"allow":["GET"]}}],"collection":[{"href":"https:\/\/camlicatower.com\/fr\/wp-json\/wp\/v2\/pages"}],"about":[{"href":"https:\/\/camlicatower.com\/fr\/wp-json\/wp\/v2\/types\/page"}],"author":[{"embeddable":true,"href":"https:\/\/camlicatower.com\/fr\/wp-json\/wp\/v2\/users\/1"}],"replies":[{"embeddable":true,"href":"https:\/\/camlicatower.com\/fr\/wp-json\/wp\/v2\/comments?post=16934"}],"version-history":[{"count":2,"href":"https:\/\/camlicatower.com\/fr\/wp-json\/wp\/v2\/pages\/16934\/revisions"}],"predecessor-version":[{"id":16948,"href":"https:\/\/camlicatower.com\/fr\/wp-json\/wp\/v2\/pages\/16934\/revisions\/16948"}],"up":[{"embeddable":true,"href":"https:\/\/camlicatower.com\/fr\/wp-json\/wp\/v2\/pages\/16804"}],"wp:featuredmedia":[{"embeddable":true,"href":"https:\/\/camlicatower.com\/fr\/wp-json\/wp\/v2\/media\/16721"}],"wp:attachment":[{"href":"https:\/\/camlicatower.com\/fr\/wp-json\/wp\/v2\/media?parent=16934"}],"curies":[{"name":"wp","href":"https:\/\/api.w.org\/{rel}","templated":true}]}}