{"id":16953,"date":"2023-08-02T11:24:00","date_gmt":"2023-08-02T11:24:00","guid":{"rendered":"https:\/\/camlicatower.com\/restaurant-cafe-gift-shop\/"},"modified":"2024-04-22T23:29:08","modified_gmt":"2024-04-22T23:29:08","slug":"restaurant-cafe-gift-shop","status":"publish","type":"page","link":"https:\/\/camlicatower.com\/fr\/restaurant-cafe-gift-shop\/","title":{"rendered":"Restaurant, Caf\u00e9 et Boutique de Cadeaux"},"content":{"rendered":"\t\t<div data-elementor-type=\"wp-page\" data-elementor-id=\"16953\" class=\"elementor elementor-16953 elementor-14710\" data-elementor-post-type=\"page\">\n\t\t\t\t<div class=\"elementor-element elementor-element-d585d47 e-flex e-con-boxed e-con e-parent\" data-id=\"d585d47\" data-element_type=\"container\" data-settings=\"{&quot;background_background&quot;:&quot;classic&quot;}\">\n\t\t\t\t\t<div class=\"e-con-inner\">\n\t\t\t\t<div class=\"elementor-element elementor-element-70b81d0 elementor-widget elementor-widget-heading\" data-id=\"70b81d0\" data-element_type=\"widget\" data-widget_type=\"heading.default\">\n\t\t\t\t<div class=\"elementor-widget-container\">\n\t\t\t<style>\/*! elementor - v3.21.0 - 15-04-2024 *\/\n.elementor-heading-title{padding:0;margin:0;line-height:1}.elementor-widget-heading .elementor-heading-title[class*=elementor-size-]>a{color:inherit;font-size:inherit;line-height:inherit}.elementor-widget-heading .elementor-heading-title.elementor-size-small{font-size:15px}.elementor-widget-heading .elementor-heading-title.elementor-size-medium{font-size:19px}.elementor-widget-heading .elementor-heading-title.elementor-size-large{font-size:29px}.elementor-widget-heading .elementor-heading-title.elementor-size-xl{font-size:39px}.elementor-widget-heading .elementor-heading-title.elementor-size-xxl{font-size:59px}<\/style><h2 class=\"elementor-heading-title elementor-size-default\">Caf\u00e9 et Restaurant<\/h2>\t\t<\/div>\n\t\t\t\t<\/div>\n\t\t\t\t<div class=\"elementor-element elementor-element-8787c0b elementor-widget elementor-widget-text-editor\" data-id=\"8787c0b\" data-element_type=\"widget\" data-widget_type=\"text-editor.default\">\n\t\t\t\t<div class=\"elementor-widget-container\">\n\t\t\t<style>\/*! elementor - v3.21.0 - 15-04-2024 *\/\n.elementor-widget-text-editor.elementor-drop-cap-view-stacked .elementor-drop-cap{background-color:#69727d;color:#fff}.elementor-widget-text-editor.elementor-drop-cap-view-framed .elementor-drop-cap{color:#69727d;border:3px solid;background-color:transparent}.elementor-widget-text-editor:not(.elementor-drop-cap-view-default) .elementor-drop-cap{margin-top:8px}.elementor-widget-text-editor:not(.elementor-drop-cap-view-default) .elementor-drop-cap-letter{width:1em;height:1em}.elementor-widget-text-editor .elementor-drop-cap{float:left;text-align:center;line-height:1;font-size:50px}.elementor-widget-text-editor .elementor-drop-cap-letter{display:inline-block}<\/style>\t\t\t\t<p><span style=\"font-weight: 400;\">Offrez-vous une exp\u00e9rience culinaire pas comme les autres au Camlica Tower Caf\u00e9 &amp; Restaurant. Nich\u00e9 au c\u0153ur de la tour Camlica, notre caf\u00e9-restaurant propose une d\u00e9licieuse fusion de cuisine turque traditionnelle et une vue imprenable sur le paysage urbain d&rsquo;Istanbul. Avec son d\u00e9cor chic et moderne et ses vues panoramiques, chaque repas devient une c\u00e9l\u00e9bration des traditions culinaires turques. Que vous savouriez tranquillement un petit-d\u00e9jeuner, profitiez d&rsquo;un brunch serein ou c\u00e9l\u00e9briez une occasion sp\u00e9ciale, notre cadre unique promet de rendre votre visite m\u00e9morable. Alors que le soleil se couche et baigne la ville d&rsquo;une lueur dor\u00e9e, vous d\u00e9couvrirez qu&rsquo;il n&rsquo;y a pas de meilleur endroit pour d\u00eener que le Camlica Tower Caf\u00e9 &amp; Restaurant &#8211; le m\u00e9lange parfait de charme esth\u00e9tique et de go\u00fbts exquis.<\/span><\/p>\n\t\t\t\t\t\t<\/div>\n\t\t\t\t<\/div>\n\t\t\t\t\t<\/div>\n\t\t\t\t<\/div>\n\t\t<div class=\"elementor-element elementor-element-935283c e-flex e-con-boxed e-con e-parent\" data-id=\"935283c\" data-element_type=\"container\">\n\t\t\t\t\t<div class=\"e-con-inner\">\n\t\t<div class=\"elementor-element elementor-element-9a407f7 e-con-full e-flex e-con e-child\" data-id=\"9a407f7\" data-element_type=\"container\">\n\t\t\t\t<div class=\"elementor-element elementor-element-36f98bc elementor-widget elementor-widget-image\" data-id=\"36f98bc\" data-element_type=\"widget\" data-widget_type=\"image.default\">\n\t\t\t\t<div class=\"elementor-widget-container\">\n\t\t\t<style>\/*! elementor - v3.21.0 - 15-04-2024 *\/\n.elementor-widget-image{text-align:center}.elementor-widget-image a{display:inline-block}.elementor-widget-image a img[src$=\".svg\"]{width:48px}.elementor-widget-image img{vertical-align:middle;display:inline-block}<\/style>\t\t\t\t\t\t\t\t\t\t<img fetchpriority=\"high\" decoding=\"async\" width=\"684\" height=\"482\" src=\"https:\/\/camlicatower.com\/wp-content\/uploads\/2023\/08\/seyyah-kisim.png\" class=\"attachment-full size-full wp-image-14821\" alt=\"\" srcset=\"https:\/\/camlicatower.com\/wp-content\/uploads\/2023\/08\/seyyah-kisim.png 684w, https:\/\/camlicatower.com\/wp-content\/uploads\/2023\/08\/seyyah-kisim-768x541.png 768w, https:\/\/camlicatower.com\/wp-content\/uploads\/2023\/08\/seyyah-kisim-600x422.png 600w\" sizes=\"(max-width: 684px) 100vw, 684px\" \/>\t\t\t\t\t\t\t\t\t\t\t\t\t<\/div>\n\t\t\t\t<\/div>\n\t\t\t\t<\/div>\n\t\t<div class=\"elementor-element elementor-element-fa972fe e-con-full e-flex e-con e-child\" data-id=\"fa972fe\" data-element_type=\"container\">\n\t\t\t\t<div class=\"elementor-element elementor-element-b154917 elementor-widget elementor-widget-heading\" data-id=\"b154917\" data-element_type=\"widget\" data-widget_type=\"heading.default\">\n\t\t\t\t<div class=\"elementor-widget-container\">\n\t\t\t<h2 class=\"elementor-heading-title elementor-size-default\">Savourez le charme du Camlica Tower Caf\u00e9\n<\/h2>\t\t<\/div>\n\t\t\t\t<\/div>\n\t\t\t\t<div class=\"elementor-element elementor-element-7f30396 elementor-widget elementor-widget-text-editor\" data-id=\"7f30396\" data-element_type=\"widget\" data-widget_type=\"text-editor.default\">\n\t\t\t\t<div class=\"elementor-widget-container\">\n\t\t\t\t\t\t\t<p><span style=\"font-weight: 400;\">D\u00e9tendez-vous au milieu de la vue imprenable sur le paysage urbain d&rsquo;Istanbul au Camlica Tower Caf\u00e9. Savourez les saveurs d\u00e9licates du caf\u00e9 turc traditionnel dans notre cadre moderne et minimaliste qui allie sans effort charme esth\u00e9tique et d\u00e9lice culinaire. Que vous commenciez votre journ\u00e9e avec une bi\u00e8re matinale ou que vous fassiez une pause pour un r\u00e9pit \u00e0 midi, le panorama enchanteur qui s&rsquo;\u00e9tend du c\u0153ur d&rsquo;Istanbul jusqu&rsquo;\u00e0 ses bords anim\u00e9s ajoute une touche inoubliable \u00e0 votre exp\u00e9rience de caf\u00e9. Rejoignez-nous au Camlica Tower Caf\u00e9, non seulement pour les rafra\u00eechissements, mais pour un voyage sensoriel qui red\u00e9finit votre perspective d&rsquo;Istanbul.<\/span><\/p>\n\t\t\t\t\t\t<\/div>\n\t\t\t\t<\/div>\n\t\t\t\t<div class=\"elementor-element elementor-element-e592bee elementor-align-left elementor-widget elementor-widget-button\" data-id=\"e592bee\" data-element_type=\"widget\" data-widget_type=\"button.default\">\n\t\t\t\t<div class=\"elementor-widget-container\">\n\t\t\t\t\t<div class=\"elementor-button-wrapper\">\n\t\t\t<a class=\"elementor-button elementor-button-link elementor-size-sm\" href=\"https:\/\/camlicatower.com\/fr\/prices-times\/\">\n\t\t\t\t\t\t<span class=\"elementor-button-content-wrapper\">\n\t\t\t\t\t\t\t\t\t<span class=\"elementor-button-text\">Offres group\u00e9es<\/span>\n\t\t\t\t\t<\/span>\n\t\t\t\t\t<\/a>\n\t\t<\/div>\n\t\t\t\t<\/div>\n\t\t\t\t<\/div>\n\t\t\t\t<\/div>\n\t\t\t\t\t<\/div>\n\t\t\t\t<\/div>\n\t\t<div class=\"elementor-element elementor-element-d3d0ee2 e-flex e-con-boxed e-con e-parent\" data-id=\"d3d0ee2\" data-element_type=\"container\">\n\t\t\t\t\t<div class=\"e-con-inner\">\n\t\t<div class=\"elementor-element elementor-element-02ede5e e-con-full e-flex e-con e-child\" data-id=\"02ede5e\" data-element_type=\"container\">\n\t\t\t\t<div class=\"elementor-element elementor-element-0f54485 elementor-widget elementor-widget-image\" data-id=\"0f54485\" data-element_type=\"widget\" data-widget_type=\"image.default\">\n\t\t\t\t<div class=\"elementor-widget-container\">\n\t\t\t\t\t\t\t\t\t\t\t\t\t<img decoding=\"async\" width=\"600\" height=\"400\" src=\"https:\/\/camlicatower.com\/wp-content\/uploads\/2022\/05\/camlica-4.webp\" class=\"attachment-full size-full wp-image-14532\" alt=\"\" srcset=\"https:\/\/camlicatower.com\/wp-content\/uploads\/2022\/05\/camlica-4.webp 600w, https:\/\/camlicatower.com\/wp-content\/uploads\/2022\/05\/camlica-4-768x512.webp 768w\" sizes=\"(max-width: 600px) 100vw, 600px\" \/>\t\t\t\t\t\t\t\t\t\t\t\t\t<\/div>\n\t\t\t\t<\/div>\n\t\t\t\t<\/div>\n\t\t<div class=\"elementor-element elementor-element-85792b6 e-con-full e-flex e-con e-child\" data-id=\"85792b6\" data-element_type=\"container\">\n\t\t\t\t<div class=\"elementor-element elementor-element-c48bb8e elementor-widget elementor-widget-heading\" data-id=\"c48bb8e\" data-element_type=\"widget\" data-widget_type=\"heading.default\">\n\t\t\t\t<div class=\"elementor-widget-container\">\n\t\t\t<h2 class=\"elementor-heading-title elementor-size-default\">D\u00eenez avec style au restaurant Camlica Tower\n<\/h2>\t\t<\/div>\n\t\t\t\t<\/div>\n\t\t\t\t<div class=\"elementor-element elementor-element-8c054b9 elementor-widget elementor-widget-text-editor\" data-id=\"8c054b9\" data-element_type=\"widget\" data-widget_type=\"text-editor.default\">\n\t\t\t\t<div class=\"elementor-widget-container\">\n\t\t\t\t\t\t\t<p><span style=\"font-weight: 400;\">Vivez un voyage culinaire pas comme les autres au restaurant Camlica Tower. Ici, les saveurs riches et diverses de la cuisine turque traditionnelle se marient parfaitement avec une vue panoramique sur le paysage urbain d&rsquo;Istanbul. Que vous profitiez d&rsquo;un copieux petit-d\u00e9jeuner, d&rsquo;un d\u00e9jeuner savoureux ou d&rsquo;un d\u00eener, nos plats soigneusement \u00e9labor\u00e9s promettent de ravir votre palais. C\u00e9l\u00e9brez des moments sp\u00e9ciaux avec nous dans notre espace moderne et minimaliste, o\u00f9 chaque repas devient une exp\u00e9rience culinaire extraordinaire au milieu de la vue spectaculaire d&rsquo;Istanbul. Rejoignez-nous au restaurant Camlica Tower et plongez-vous dans l&rsquo;union exquise du d\u00e9lice gastronomique et de la beaut\u00e9 des paysages.<\/span><\/p>\n\t\t\t\t\t\t<\/div>\n\t\t\t\t<\/div>\n\t\t\t\t<div class=\"elementor-element elementor-element-f513037 elementor-align-left elementor-widget elementor-widget-button\" data-id=\"f513037\" data-element_type=\"widget\" data-widget_type=\"button.default\">\n\t\t\t\t<div class=\"elementor-widget-container\">\n\t\t\t\t\t<div class=\"elementor-button-wrapper\">\n\t\t\t<a class=\"elementor-button elementor-button-link elementor-size-sm\" href=\"https:\/\/camlicatower.com\/fr\/prices-times\/\">\n\t\t\t\t\t\t<span class=\"elementor-button-content-wrapper\">\n\t\t\t\t\t\t\t\t\t<span class=\"elementor-button-text\">Offres group\u00e9es<\/span>\n\t\t\t\t\t<\/span>\n\t\t\t\t\t<\/a>\n\t\t<\/div>\n\t\t\t\t<\/div>\n\t\t\t\t<\/div>\n\t\t\t\t<\/div>\n\t\t\t\t\t<\/div>\n\t\t\t\t<\/div>\n\t\t<div class=\"elementor-element elementor-element-a0c3041 e-flex e-con-boxed e-con e-parent\" data-id=\"a0c3041\" data-element_type=\"container\" data-settings=\"{&quot;background_background&quot;:&quot;classic&quot;}\">\n\t\t\t\t\t<div class=\"e-con-inner\">\n\t\t\t\t<div class=\"elementor-element elementor-element-3c85482 elementor-cta--skin-cover elementor-widget elementor-widget-call-to-action\" data-id=\"3c85482\" data-element_type=\"widget\" data-widget_type=\"call-to-action.default\">\n\t\t\t\t<div class=\"elementor-widget-container\">\n\t\t\t<link rel=\"stylesheet\" href=\"https:\/\/camlicatower.com\/wp-content\/uploads\/elementor\/css\/custom-pro-widget-call-to-action.min.css?ver=1766751061\">\t\t<div class=\"elementor-cta\">\n\t\t\t\t\t<div class=\"elementor-cta__bg-wrapper\">\n\t\t\t\t<div class=\"elementor-cta__bg elementor-bg\" style=\"background-image: url();\" role=\"img\" aria-label=\"\"><\/div>\n\t\t\t\t<div class=\"elementor-cta__bg-overlay\"><\/div>\n\t\t\t<\/div>\n\t\t\t\t\t\t\t<div class=\"elementor-cta__content\">\n\t\t\t\t\n\t\t\t\t\t\t\t\t\t<h2 class=\"elementor-cta__title elementor-cta__content-item elementor-content-item\">\n\t\t\t\t\t\t\u00cates-vous pr\u00eat pour une exp\u00e9rience inoubliable ?\t\t\t\t\t<\/h2>\n\t\t\t\t\n\t\t\t\t\n\t\t\t\t\t\t\t\t\t<div class=\"elementor-cta__button-wrapper elementor-cta__content-item elementor-content-item \">\n\t\t\t\t\t<a class=\"elementor-cta__button elementor-button elementor-size-md\" href=\"http:\/\/camlicatower.com\/prices-times\/\">\n\t\t\t\t\t\tAcheter un billet\t\t\t\t\t<\/a>\n\t\t\t\t\t<\/div>\n\t\t\t\t\t\t\t<\/div>\n\t\t\t\t\t\t<\/div>\n\t\t\t\t<\/div>\n\t\t\t\t<\/div>\n\t\t\t\t\t<\/div>\n\t\t\t\t<\/div>\n\t\t<div class=\"elementor-element elementor-element-34b4e24 e-flex e-con-boxed e-con e-parent\" data-id=\"34b4e24\" data-element_type=\"container\">\n\t\t\t\t\t<div class=\"e-con-inner\">\n\t\t<div class=\"elementor-element elementor-element-04945bc e-con-full e-flex e-con e-child\" data-id=\"04945bc\" data-element_type=\"container\">\n\t\t\t\t<div class=\"elementor-element elementor-element-e48433a elementor-widget elementor-widget-image\" data-id=\"e48433a\" data-element_type=\"widget\" data-widget_type=\"image.default\">\n\t\t\t\t<div class=\"elementor-widget-container\">\n\t\t\t\t\t\t\t\t\t\t\t\t\t<img decoding=\"async\" width=\"600\" height=\"400\" src=\"https:\/\/camlicatower.com\/wp-content\/uploads\/2022\/05\/camlica-tower-2.webp\" class=\"attachment-full size-full wp-image-14534\" alt=\"\" srcset=\"https:\/\/camlicatower.com\/wp-content\/uploads\/2022\/05\/camlica-tower-2.webp 600w, https:\/\/camlicatower.com\/wp-content\/uploads\/2022\/05\/camlica-tower-2-768x512.webp 768w\" sizes=\"(max-width: 600px) 100vw, 600px\" \/>\t\t\t\t\t\t\t\t\t\t\t\t\t<\/div>\n\t\t\t\t<\/div>\n\t\t\t\t<\/div>\n\t\t<div class=\"elementor-element elementor-element-d2ee866 e-con-full e-flex e-con e-child\" data-id=\"d2ee866\" data-element_type=\"container\">\n\t\t\t\t<div class=\"elementor-element elementor-element-987c015 elementor-widget elementor-widget-heading\" data-id=\"987c015\" data-element_type=\"widget\" data-widget_type=\"heading.default\">\n\t\t\t\t<div class=\"elementor-widget-container\">\n\t\t\t<h2 class=\"elementor-heading-title elementor-size-default\">D\u00e9couvrez des souvenirs uniques \u00e0 la boutique de cadeaux de la tour Camlica<\/h2>\t\t<\/div>\n\t\t\t\t<\/div>\n\t\t\t\t<div class=\"elementor-element elementor-element-70a1067 elementor-widget elementor-widget-text-editor\" data-id=\"70a1067\" data-element_type=\"widget\" data-widget_type=\"text-editor.default\">\n\t\t\t\t<div class=\"elementor-widget-container\">\n\t\t\t\t\t\t\t<p><span style=\"font-weight: 400;\">Rendez votre visite \u00e0 la tour Camlica inoubliable en faisant un arr\u00eat dans notre boutique de cadeaux sur place, id\u00e9alement situ\u00e9e au rez-de-chauss\u00e9e. Ici, vous trouverez une grande vari\u00e9t\u00e9 de souvenirs uniques qui capturent l&rsquo;esprit de la tour, le charme d&rsquo;Istanbul et la richesse de la culture turque. De l&rsquo;artisanat complexe aux \u0153uvres d&rsquo;art locales, notre boutique de cadeaux propose une s\u00e9lection de souvenirs aussi m\u00e9morables que votre visite. Emportez avec vous un morceau de votre exp\u00e9rience \u00e0 la tour Camlica et revivez la magie d&rsquo;Istanbul longtemps apr\u00e8s votre visite.<\/span><\/p>\n\t\t\t\t\t\t<\/div>\n\t\t\t\t<\/div>\n\t\t\t\t<\/div>\n\t\t\t\t\t<\/div>\n\t\t\t\t<\/div>\n\t\t\t\t<\/div>\n\t\t","protected":false},"excerpt":{"rendered":"<p>Caf\u00e9 et Restaurant Offrez-vous une exp\u00e9rience culinaire pas comme les autres au Camlica Tower Caf\u00e9 &amp; Restaurant. Nich\u00e9 au c\u0153ur de la tour Camlica, notre caf\u00e9-restaurant propose une d\u00e9licieuse fusion de cuisine turque traditionnelle et une vue imprenable sur le paysage urbain d&rsquo;Istanbul. Avec son d\u00e9cor chic et moderne et ses vues panoramiques, chaque repas [&hellip;]<\/p>\n","protected":false},"author":1,"featured_media":16721,"parent":0,"menu_order":0,"comment_status":"closed","ping_status":"closed","template":"template-fullwidth.php","meta":{"footnotes":""},"class_list":["post-16953","page","type-page","status-publish","has-post-thumbnail","hentry"],"_links":{"self":[{"href":"https:\/\/camlicatower.com\/fr\/wp-json\/wp\/v2\/pages\/16953","targetHints":{"allow":["GET"]}}],"collection":[{"href":"https:\/\/camlicatower.com\/fr\/wp-json\/wp\/v2\/pages"}],"about":[{"href":"https:\/\/camlicatower.com\/fr\/wp-json\/wp\/v2\/types\/page"}],"author":[{"embeddable":true,"href":"https:\/\/camlicatower.com\/fr\/wp-json\/wp\/v2\/users\/1"}],"replies":[{"embeddable":true,"href":"https:\/\/camlicatower.com\/fr\/wp-json\/wp\/v2\/comments?post=16953"}],"version-history":[{"count":2,"href":"https:\/\/camlicatower.com\/fr\/wp-json\/wp\/v2\/pages\/16953\/revisions"}],"predecessor-version":[{"id":16963,"href":"https:\/\/camlicatower.com\/fr\/wp-json\/wp\/v2\/pages\/16953\/revisions\/16963"}],"wp:featuredmedia":[{"embeddable":true,"href":"https:\/\/camlicatower.com\/fr\/wp-json\/wp\/v2\/media\/16721"}],"wp:attachment":[{"href":"https:\/\/camlicatower.com\/fr\/wp-json\/wp\/v2\/media?parent=16953"}],"curies":[{"name":"wp","href":"https:\/\/api.w.org\/{rel}","templated":true}]}}